{"id":82848,"date":"2025-12-02T09:56:21","date_gmt":"2025-12-02T07:56:21","guid":{"rendered":"https:\/\/fud.ujep.cz\/eticka-a-disciplinarni-komise\/"},"modified":"2025-12-03T13:49:04","modified_gmt":"2025-12-03T11:49:04","slug":"eticka-a-disciplinarni-komise","status":"publish","type":"page","link":"https:\/\/old.fud.ujep.cz\/en\/eticka-a-disciplinarni-komise\/","title":{"rendered":"Ethics and Disciplinary Committee"},"content":{"rendered":"<div id=\"pl-82848\"  class=\"panel-layout\" ><div id=\"pg-82848-0\"  class=\"panel-grid panel-no-style\" ><div id=\"pgc-82848-0-0\"  class=\"panel-grid-cell\" ><div id=\"panel-82848-0-0-0\" class=\"so-panel widget widget_sow-editor panel-first-child panel-last-child\" data-index=\"0\" ><div\n\t\t\t\n\t\t\tclass=\"so-widget-sow-editor so-widget-sow-editor-base\"\n\t\t\t\n\t\t><h3 class=\"widget-title\">Ethics Committee<\/h3>\n<div class=\"siteorigin-widget-tinymce textwidget\">\n\t<p>The Ethics Committee FUD UJEP is an independent advisory body of the Faculty\u00b4s Dean. The Ethics Committee FUD UJEP consists of five members, four of whom are academics and one member is a&nbsp;student. The term of office is three years and lasts from 15.&nbsp;10.&nbsp;2025 to 14.&nbsp;10.&nbsp;2028.<br \/>\nIn case you have any issue that needs to be reviewed, you can contact the Ethics Committee at the general e-mail address <span style=\"text-decoration: underline;\"><strong><a href=\"javascript:DeCryptX('3h2m1\/1g0u2f0@3x2l0e0p1\/3f2|')\">e&#107;.fu&#100;&#64;&#117;&#106;&#101;p&#46;&#99;z<\/a><\/strong><\/span>, or you may reach out to individual members of the Committee (e-mail addresses of the Committee\u00b4s members see below).<\/p>\n<\/div>\n<\/div><\/div><\/div><div id=\"pgc-82848-0-1\"  class=\"panel-grid-cell\" ><div id=\"panel-82848-0-1-0\" class=\"so-panel widget widget_sow-editor panel-first-child panel-last-child\" data-index=\"1\" ><div\n\t\t\t\n\t\t\tclass=\"so-widget-sow-editor so-widget-sow-editor-base\"\n\t\t\t\n\t\t><h3 class=\"widget-title\">Disciplinary Committee<\/h3>\n<div class=\"siteorigin-widget-tinymce textwidget\">\n\t<p style=\"text-align: justify;\">The Disciplinary Committee FUD UJEP is an independent advisory body of the Faculty\u00b4s Dean. The Disciplinary Committee FUD UJEP consists of four members, half of whom are students. Term of office is two years and lasts from 15.&nbsp;10.&nbsp;2025 to 14.&nbsp;10.&nbsp;2027.<br \/>\nIn case you have any issue that needs to be reviewed, you can contact the Disciplinary Committee at the general e-mail address <b><u><a href=\"javascript:DeCryptX('1e1l1\/3i3x0d0@1v1k1f1q0.1d2|')\">dk.fu&#100;&#64;u&#106;ep&#46;&#99;z<\/a><\/u><\/b>, or you may reach out to individual members of the Committee (e-mail addresses of the Committee\u00b4s members see below).<\/p>\n<\/div>\n<\/div><\/div><\/div><\/div><div id=\"pg-82848-1\"  class=\"panel-grid panel-no-style\" ><div id=\"pgc-82848-1-0\"  class=\"panel-grid-cell\" ><div id=\"panel-82848-1-0-0\" class=\"so-panel widget widget_siteorigin-panels-builder panel-first-child panel-last-child\" data-index=\"2\" ><div id=\"pl-w692ea4d5a4f8f\"  class=\"panel-layout\" ><div id=\"pg-w692ea4d5a4f8f-0\"  class=\"panel-grid panel-no-style\" ><div id=\"pgc-w692ea4d5a4f8f-0-0\"  class=\"panel-grid-cell\" ><div id=\"panel-w692ea4d5a4f8f-0-0-0\" class=\"so-panel widget widget_sow-editor panel-first-child panel-last-child\" data-index=\"0\" ><div\n\t\t\t\n\t\t\tclass=\"so-widget-sow-editor so-widget-sow-editor-base\"\n\t\t\t\n\t\t><h3 class=\"widget-title\">Members of the Ethics Committee FUD UJEP and contacts<\/h3>\n<div class=\"siteorigin-widget-tinymce textwidget\">\n\t<p>Chairman: doc. PhDr. Tom\u00e1\u0161 Pavl\u00ed\u010dek, Ph.D. - <a title=\"to&#109;as&#46;p&#97;vlicek&#64;uj&#101;&#112;.cz\">to&#109;a&#115;.p&#97;vlic&#101;&#107;&#64;&#117;&#106;e&#112;.cz<\/a><br \/>\nMembers: doc. Mgr. Michaela Thelenov\u00e1 - <a href=\"javascript:DeCryptX('1n0i2e1i1b0e0l0a0.0t0h0e1m0e0n1p0v3d3C2w0j2g2r0.0c1{')\">m&#105;&#99;&#104;ae&#108;a&#46;&#116;&#104;&#101;&#108;eno&#118;&#97;&#64;u&#106;&#101;&#112;.c&#122;<\/a><br \/>\n&nbsp; &nbsp; &nbsp; &nbsp; &nbsp; &nbsp; &nbsp; &nbsp; &nbsp;MgA. Silvie Milkov\u00e1, Ph.D. - <a href=\"javascript:DeCryptX('0s1j1m1w1j3h311n3l2n3n2q1w3d1A1v2l2g1q313f1{')\">&#115;i&#108;v&#105;&#101;.m&#105;&#108;&#107;&#111;v&#97;&#64;u&#106;e&#112;.c&#122;<\/a><br \/>\n&nbsp; &nbsp; &nbsp; &nbsp; &nbsp; &nbsp; &nbsp; &nbsp; &nbsp;MgA. Kate\u0159ina Barto\u0161ov\u00e1 - <a href=\"javascript:DeCryptX('3n2c0t1f2t1j3q2c0.3e2c2t2v1p1t2q3y3d2B0u3m2g3s311d1{')\">k&#97;ter&#105;&#110;a&#46;ba&#114;&#116;o&#115;ova&#64;&#117;&#106;&#101;&#112;&#46;&#99;&#122;<\/a><br \/>\n&nbsp; &nbsp; &nbsp; &nbsp; &nbsp; &nbsp; &nbsp; &nbsp; &nbsp;Petra Jav\u016frkov\u00e1 - <a href=\"javascript:DeCryptX('3v0t3422110316362B3v0t0u1e2g2p2v1t203x2l0e1q203f1{')\">s&#116;&#49;0&#48;&#51;&#53;3&#64;&#115;&#116;u&#100;&#101;&#110;t&#115;&#46;ujep&#46;&#99;&#122;<\/a><\/p>\n<\/div>\n<\/div><\/div><\/div><\/div><div id=\"pg-w692ea4d5a4f8f-1\"  class=\"panel-grid panel-no-style\" ><div id=\"pgc-w692ea4d5a4f8f-1-0\"  class=\"panel-grid-cell\" ><div id=\"panel-w692ea4d5a4f8f-1-0-0\" class=\"so-panel widget widget_sow-editor panel-first-child panel-last-child\" data-index=\"1\" ><div\n\t\t\t\n\t\t\tclass=\"so-widget-sow-editor so-widget-sow-editor-base\"\n\t\t\t\n\t\t><h3 class=\"widget-title\">Minutes from meetings of the Ethics Committee FUD UJEP<\/h3>\n<div class=\"siteorigin-widget-tinymce textwidget\">\n\t<p><a href=\"https:\/\/fud.ujep.cz\/wp\/wp-content\/uploads\/2025\/12\/2025-11-05-eticka-komise-fud.pdf\" target=\"_blank\" rel=\"noopener\">Inaugural meeting 5.&nbsp;11.&nbsp;2025<\/a><\/p>\n<\/div>\n<\/div><\/div><\/div><\/div><div id=\"pg-w692ea4d5a4f8f-2\"  class=\"panel-grid panel-no-style\" ><div id=\"pgc-w692ea4d5a4f8f-2-0\"  class=\"panel-grid-cell\" ><div id=\"panel-w692ea4d5a4f8f-2-0-0\" class=\"so-panel widget widget_sow-editor panel-first-child panel-last-child\" data-index=\"2\" ><div\n\t\t\t\n\t\t\tclass=\"so-widget-sow-editor so-widget-sow-editor-base\"\n\t\t\t\n\t\t><h3 class=\"widget-title\">Documents<\/h3>\n<div class=\"siteorigin-widget-tinymce textwidget\">\n\t<p><a href=\"https:\/\/www.ujep.cz\/wp-content\/uploads\/2022\/06\/Eticky_kodex_UJEP.pdf\" target=\"_blank\" rel=\"noopener\">Code of Ethics UJEP<\/a><\/p>\n<\/div>\n<\/div><\/div><\/div><\/div><div id=\"pg-w692ea4d5a4f8f-3\"  class=\"panel-grid panel-no-style\" ><div id=\"pgc-w692ea4d5a4f8f-3-0\"  class=\"panel-grid-cell\" ><div id=\"panel-w692ea4d5a4f8f-3-0-0\" class=\"so-panel widget widget_sow-editor panel-first-child panel-last-child\" data-index=\"3\" ><div\n\t\t\t\n\t\t\tclass=\"so-widget-sow-editor so-widget-sow-editor-base\"\n\t\t\t\n\t\t><h3 class=\"widget-title\">Ethics Committee UJEP<\/h3>\n<div class=\"siteorigin-widget-tinymce textwidget\">\n\t<p>For further information click <a href=\"https:\/\/www.ujep.cz\/cs\/eticka-komise\" target=\"_blank\" rel=\"noopener\">here<\/a>.<\/p>\n<\/div>\n<\/div><\/div><\/div><\/div><div id=\"pg-w692ea4d5a4f8f-4\"  class=\"panel-grid panel-no-style\" ><div id=\"pgc-w692ea4d5a4f8f-4-0\"  class=\"panel-grid-cell panel-grid-cell-empty\" ><\/div><\/div><\/div><\/div><\/div><div id=\"pgc-82848-1-1\"  class=\"panel-grid-cell\" ><div id=\"panel-82848-1-1-0\" class=\"so-panel widget widget_siteorigin-panels-builder panel-first-child panel-last-child\" data-index=\"3\" ><div id=\"pl-w693023b0ef2a8\"  class=\"panel-layout\" ><div id=\"pg-w693023b0ef2a8-0\"  class=\"panel-grid panel-no-style\" ><div id=\"pgc-w693023b0ef2a8-0-0\"  class=\"panel-grid-cell\" ><div id=\"panel-w693023b0ef2a8-0-0-0\" class=\"so-panel widget widget_sow-editor panel-first-child\" data-index=\"0\" ><div\n\t\t\t\n\t\t\tclass=\"so-widget-sow-editor so-widget-sow-editor-base\"\n\t\t\t\n\t\t><h3 class=\"widget-title\">Members of the Disciplinary Committee FUD UJEP and contacts<\/h3>\n<div class=\"siteorigin-widget-tinymce textwidget\">\n\t<p>Chairman: MgA. Zden\u011bk Svejkovsk\u00fd, Ph.D. - <a href=\"javascript:DeCryptX('3}3g1f3q2g1l1\/2u1w3h3m1l2q2x1t0k1z3C0u1k1f1q1\/0c0z')\">zde&#110;ek&#46;s&#118;&#101;j&#107;&#111;&#118;&#115;&#107;&#121;&#64;&#117;&#106;e&#112;.c&#122;<\/a><br \/>\nMembers: doc. Mgr. Kate\u0159ina Dytrtov\u00e1, Ph.D. - <a href=\"javascript:DeCryptX('2m0a1u3h0r1j2p0a1\/0d2{1u0r1u3r2x3d0@0u3m1f1q203f2|')\">k&#97;&#116;erina&#46;&#100;y&#116;r&#116;&#111;v&#97;&#64;uj&#101;p&#46;cz<\/a><br \/>\n&nbsp; &nbsp; &nbsp; &nbsp; &nbsp; &nbsp; &nbsp; &nbsp; &nbsp;BcA. Jan My\u0161ka - <a href=\"javascript:DeCryptX('0s1u1:110729073C2u3w2w1e2g1o2v2u203x0j0e3s1\/2e2|')\">st&#57;&#48;7&#55;7&#64;&#115;tu&#100;&#101;&#110;t&#115;.&#117;&#106;&#101;&#112;&#46;cz<\/a><br \/>\n&nbsp; &nbsp; &nbsp; &nbsp; &nbsp; &nbsp; &nbsp; &nbsp; &nbsp;Tetiana Zaporozhets - <a href=\"javascript:DeCryptX('0s1u3433040219080@2u2v2w1e3h1o2v3v0.2w2l1f1q201d1{')\">st&#49;04&#50;&#56;&#56;&#64;&#115;&#116;uden&#116;&#115;&#46;u&#106;ep&#46;cz<\/a><br \/>\n&nbsp;<\/p>\n<\/div>\n<\/div><\/div><div id=\"panel-w693023b0ef2a8-0-0-1\" class=\"so-panel widget widget_sow-editor\" data-index=\"1\" ><div\n\t\t\t\n\t\t\tclass=\"so-widget-sow-editor so-widget-sow-editor-base\"\n\t\t\t\n\t\t><h3 class=\"widget-title\">Minutes from Meetings of the Disciplinary Committee FUD UJEP<\/h3>\n<div class=\"siteorigin-widget-tinymce textwidget\">\n\t<p><a href=\"https:\/\/fud.ujep.cz\/wp\/wp-content\/uploads\/2025\/12\/2025-11-05-disciplinarni-komise-fud.pdf\" target=\"_blank\" rel=\"noopener\">Inaugural meeting 5.&nbsp;11.&nbsp;2025<\/a><\/p>\n<\/div>\n<\/div><\/div><div id=\"panel-w693023b0ef2a8-0-0-2\" class=\"so-panel widget widget_sow-editor panel-last-child\" data-index=\"2\" ><div\n\t\t\t\n\t\t\tclass=\"so-widget-sow-editor so-widget-sow-editor-base\"\n\t\t\t\n\t\t><h3 class=\"widget-title\">Documents<\/h3>\n<div class=\"siteorigin-widget-tinymce textwidget\">\n\t<p><a href=\"https:\/\/fud.ujep.cz\/wp\/wp-content\/uploads\/2017\/12\/disciplinarni-rad-fud-2017.pdf\" target=\"_blank\" rel=\"noopener\">Code of Discipline FUD UJEP<\/a><br \/>\n<a href=\"https:\/\/www.ujep.cz\/wp-content\/uploads\/2025\/12\/Disc_rad_UJEP_021225.pdf\" target=\"_blank\" rel=\"noopener\">Code of Discipline UJEP<\/a><\/p>\n<\/div>\n<\/div><\/div><\/div><\/div><\/div><\/div><\/div><\/div><\/div>","protected":false},"excerpt":{"rendered":"<p>The Ethics Committee FUD UJEP is an independent advisory body of the Faculty\u00b4s Dean. The Ethics Committee FUD UJEP consists of five members, four of whom are academics and one member is a&nbsp;student. The term of office is three years and lasts from 15.&nbsp;10.&nbsp;2025 to 14.&nbsp;10.&nbsp;2028. In case you have [&hellip;]<\/p>\n","protected":false},"author":1,"featured_media":0,"parent":0,"menu_order":0,"comment_status":"closed","ping_status":"closed","template":"","meta":{"ngg_post_thumbnail":0},"acf":[],"_links":{"self":[{"href":"https:\/\/old.fud.ujep.cz\/en\/wp-json\/wp\/v2\/pages\/82848"}],"collection":[{"href":"https:\/\/old.fud.ujep.cz\/en\/wp-json\/wp\/v2\/pages"}],"about":[{"href":"https:\/\/old.fud.ujep.cz\/en\/wp-json\/wp\/v2\/types\/page"}],"author":[{"embeddable":true,"href":"https:\/\/old.fud.ujep.cz\/en\/wp-json\/wp\/v2\/users\/1"}],"replies":[{"embeddable":true,"href":"https:\/\/old.fud.ujep.cz\/en\/wp-json\/wp\/v2\/comments?post=82848"}],"version-history":[{"count":0,"href":"https:\/\/old.fud.ujep.cz\/en\/wp-json\/wp\/v2\/pages\/82848\/revisions"}],"wp:attachment":[{"href":"https:\/\/old.fud.ujep.cz\/en\/wp-json\/wp\/v2\/media?parent=82848"}],"curies":[{"name":"wp","href":"https:\/\/api.w.org\/{rel}","templated":true}]}}