{"id":3835,"date":"2017-01-26T09:51:59","date_gmt":"2017-01-26T07:51:59","guid":{"rendered":"https:\/\/fud.ujep.cz\/activities\/cena-exit\/"},"modified":"2022-12-14T15:07:41","modified_gmt":"2022-12-14T13:07:41","slug":"exit-award","status":"publish","type":"page","link":"https:\/\/old.fud.ujep.cz\/en\/activities\/exit-award\/","title":{"rendered":"The EXIT Award"},"content":{"rendered":"<div id=\"pl-3835\"  class=\"panel-layout\" ><div id=\"pg-3835-0\"  class=\"panel-grid panel-no-style\" ><div id=\"pgc-3835-0-0\"  class=\"panel-grid-cell\" ><div id=\"panel-3835-0-0-0\" class=\"so-panel widget widget_sow-editor panel-first-child panel-last-child\" data-index=\"0\" ><div\n\t\t\t\n\t\t\tclass=\"so-widget-sow-editor so-widget-sow-editor-base\"\n\t\t\t\n\t\t>\n<div class=\"siteorigin-widget-tinymce textwidget\">\n\t<p><a href=\"https:\/\/fud.ujep.cz\/wp\/wp-content\/uploads\/2021\/10\/exit-animace-1600x1000-1.gif\"><img decoding=\"async\" loading=\"lazy\" class=\"alignnone size-medium wp-image-54037\" src=\"https:\/\/fud.ujep.cz\/wp\/wp-content\/uploads\/2021\/10\/exit-animace-1600x1000-1-1280x800.gif\" alt=\"\" width=\"1280\" height=\"800\"\/><\/a><\/p>\n<\/div>\n<\/div><\/div><\/div><div id=\"pgc-3835-0-1\"  class=\"panel-grid-cell\" ><div id=\"panel-3835-0-1-0\" class=\"so-panel widget widget_sow-editor panel-first-child panel-last-child\" data-index=\"1\" ><div\n\t\t\t\n\t\t\tclass=\"so-widget-sow-editor so-widget-sow-editor-base\"\n\t\t\t\n\t\t><h3 class=\"widget-title\">The EXIT Award<\/h3>\n<div class=\"siteorigin-widget-tinymce textwidget\">\n\t<p>The EXIT Award is a&nbsp;competition for students from Czech and Slovak art universities declared by Faculty of Art and Design Jan Evangelista Purkyn\u011b University in \u00dast\u00ed nad Labem. It is a&nbsp;biennial event which happened for the fist time in 2003 and since 2013 it is also opened to students from Slovak art universities.&nbsp; The main ambition of EXIT Award is to co-create an active and communicative environment on campus, to motivate students to implement their own artistic projects in a&nbsp;professional exhibition institution (in Emil Filla Gallery so far).<\/p>\n<p>This creates a&nbsp;continuously live platform informing about current trends, pedagogical activities and priorities at Czech and Slovak art universities.<\/p>\n<p><strong>W: <\/strong><a href=\"https:\/\/cenaexit.cz\" target=\"_blank\" rel=\"noopener\">https:\/\/cenaexit.cz<\/a><strong><br \/>\nFB: <\/strong><a href=\"https:\/\/www.facebook.com\/exit.cena\"><span class=\"tojvnm2t a6sixzi8 abs2jz4q a8s20v7p t1p8iaqh k5wvi7nf q3lfd5jv pk4s997a bipmatt0 cebpdrjk qowsmv63 owwhemhu dp1hu0rb dhp61c6y iyyx5f41\">@exit.cena<\/span><\/a><br \/>\n<strong>IG:&nbsp;<\/strong><a href=\"https:\/\/www.instagram.com\/cenaexit\/\">@cenaexit<\/a><\/p>\n<\/div>\n<\/div><\/div><\/div><\/div><\/div>","protected":false},"excerpt":{"rendered":"<p>The EXIT Award is a&nbsp;competition for students from Czech and Slovak art universities declared by Faculty of Art and Design Jan Evangelista Purkyn\u011b University in \u00dast\u00ed nad Labem. It is a&nbsp;biennial event which happened for the fist time in 2003 and since 2013 it is also opened to students from Slovak art universities.&nbsp; [&hellip;]<\/p>\n","protected":false},"author":1,"featured_media":0,"parent":3219,"menu_order":0,"comment_status":"closed","ping_status":"closed","template":"","meta":{"ngg_post_thumbnail":0},"acf":[],"_links":{"self":[{"href":"https:\/\/old.fud.ujep.cz\/en\/wp-json\/wp\/v2\/pages\/3835"}],"collection":[{"href":"https:\/\/old.fud.ujep.cz\/en\/wp-json\/wp\/v2\/pages"}],"about":[{"href":"https:\/\/old.fud.ujep.cz\/en\/wp-json\/wp\/v2\/types\/page"}],"author":[{"embeddable":true,"href":"https:\/\/old.fud.ujep.cz\/en\/wp-json\/wp\/v2\/users\/1"}],"replies":[{"embeddable":true,"href":"https:\/\/old.fud.ujep.cz\/en\/wp-json\/wp\/v2\/comments?post=3835"}],"version-history":[{"count":0,"href":"https:\/\/old.fud.ujep.cz\/en\/wp-json\/wp\/v2\/pages\/3835\/revisions"}],"up":[{"embeddable":true,"href":"https:\/\/old.fud.ujep.cz\/en\/wp-json\/wp\/v2\/pages\/3219"}],"wp:attachment":[{"href":"https:\/\/old.fud.ujep.cz\/en\/wp-json\/wp\/v2\/media?parent=3835"}],"curies":[{"name":"wp","href":"https:\/\/api.w.org\/{rel}","templated":true}]}}