{"id":3728,"date":"2017-01-24T14:15:14","date_gmt":"2017-01-24T12:15:14","guid":{"rendered":"https:\/\/fud.ujep.cz\/?page_id=3728\/"},"modified":"2025-09-04T15:05:57","modified_gmt":"2025-09-04T13:05:57","slug":"school-workshops","status":"publish","type":"page","link":"https:\/\/old.fud.ujep.cz\/en\/workshops\/school-workshops\/","title":{"rendered":"School Workshops"},"content":{"rendered":"<div id=\"pl-3728\"  class=\"panel-layout\" ><div id=\"pg-3728-0\"  class=\"panel-grid panel-no-style\" ><div id=\"pgc-3728-0-0\"  class=\"panel-grid-cell\" ><div id=\"panel-3728-0-0-0\" class=\"so-panel widget widget_sow-editor panel-first-child\" data-index=\"0\" ><div\n\t\t\t\n\t\t\tclass=\"so-widget-sow-editor so-widget-sow-editor-base\"\n\t\t\t\n\t\t><h3 class=\"widget-title\">Digital print<\/h3>\n<div class=\"siteorigin-widget-tinymce textwidget\">\n\t<p><img decoding=\"async\" loading=\"lazy\" class=\"alignnone size-full wp-image-3733\" src=\"https:\/\/fud.ujep.cz\/wp\/wp-content\/uploads\/2017\/01\/ssos_teplice_workshop_2015_1017-640x427.jpg\" alt=\"\" width=\"640\" height=\"427\"\/><\/p>\n<h4>Print and binding for university<\/h4>\n<ul>\n<li>High capacity print machine&nbsp;Xerox Color C75\u2008Press<\/li>\n<li>Duplicator print machine Riso EZ-571<\/li>\n<li>Finishing equipment \u2013 digital cutter, paper creasing machine, laminator,&nbsp;packing machine<\/li>\n<li>Finishing machine with&nbsp;V1 binding up to 100 pages and with SquareFold<\/li>\n<li>Finishing machine with&nbsp;V2 ans V2a binding for low capacity print<\/li>\n<\/ul>\n<h4>Contact<\/h4>\n<p><b>MgA. Kate\u0159ina Jav\u016frkov\u00e1,<\/b> Room No. 138<br \/>\nE:&nbsp;d&#105;gi&#116;&#97;&#108;&#110;it&#105;&#115;&#107;&#102;&#117;&#100;&#64;g&#109;a&#105;&#108;.&#99;o&#109;<\/p>\n<\/div>\n<\/div><\/div><div id=\"panel-3728-0-0-1\" class=\"so-panel widget widget_sow-editor\" data-index=\"1\" ><div\n\t\t\t\n\t\t\tclass=\"so-widget-sow-editor so-widget-sow-editor-base\"\n\t\t\t\n\t\t><h3 class=\"widget-title\">Wood and metal workshops<\/h3>\n<div class=\"siteorigin-widget-tinymce textwidget\">\n\t<p><img decoding=\"async\" loading=\"lazy\" class=\"alignnone size-medium wp-image-3779\" src=\"https:\/\/fud.ujep.cz\/wp\/wp-content\/uploads\/2017\/01\/mg_0342_02-768x512.jpg\" alt=\"\" width=\"768\" height=\"512\"\/><\/p>\n<p>Workshops as smithery, carpentery, workshops for work with stone, plaster or plastics are intended for realization od three dimensional works of faculty's students. They have here all possible equipment and help or advices of professional staff.<\/p>\n<h4>Contact<\/h4>\n<p><strong>Roman \u0160imek<br \/>\n<\/strong>G: +420&nbsp;604&nbsp;237&nbsp;987<br \/>\nE: <a target=\"_blank\" rel=\"noopener\">sim&#101;k63&#64;&#115;ez&#110;am&#46;&#99;&#122;<\/a><\/p>\n<\/div>\n<\/div><\/div><div id=\"panel-3728-0-0-2\" class=\"so-panel widget widget_sow-editor\" data-index=\"2\" ><div\n\t\t\t\n\t\t\tclass=\"so-widget-sow-editor so-widget-sow-editor-base\"\n\t\t\t\n\t\t><h3 class=\"widget-title\">Darkroom<\/h3>\n<div class=\"siteorigin-widget-tinymce textwidget\">\n\t<p><img decoding=\"async\" loading=\"lazy\" class=\"alignnone size-medium wp-image-4635\" src=\"https:\/\/fud.ujep.cz\/wp\/wp-content\/uploads\/2017\/03\/fotokomora-768x512.jpg\" alt=\"\" width=\"768\" height=\"512\"\/><\/p>\n<p>FAD has two darkrooms used for B&amp;W&nbsp;and colour processes and enlarging, as well as some other special photographical techniques.<\/p>\n<h4>Contact<\/h4>\n<p><strong>MgA. J\u00e1chym Myslivec<\/strong><br \/>\nG: +420&nbsp;723&nbsp;864&nbsp;878<br \/>\nE: <a href=\"javascript:DeCryptX('1k3d0c3k1z2o3p2{0s1m3l0v0e1d0@3j3p0a2k0l202e3r1n')\">jachy&#109;my&#115;liv&#101;&#99;&#64;gm&#97;il.&#99;&#111;&#109;<\/a><\/p>\n<\/div>\n<\/div><\/div><div id=\"panel-3728-0-0-3\" class=\"so-panel widget widget_sow-editor panel-last-child\" data-index=\"3\" ><div\n\t\t\t\n\t\t\tclass=\"so-widget-sow-editor so-widget-sow-editor-base\"\n\t\t\t\n\t\t><h3 class=\"widget-title\">Audiovisual studio<\/h3>\n<div class=\"siteorigin-widget-tinymce textwidget\">\n\t<p><img decoding=\"async\" loading=\"lazy\" class=\"alignnone size-medium wp-image-3790\" src=\"https:\/\/fud.ujep.cz\/wp\/wp-content\/uploads\/2017\/01\/fud__av_studio-1920x1280-768x512.jpg\" alt=\"\" width=\"768\" height=\"512\"\/><\/p>\n<p>Audiovisual studio is used for editing sound and video for wide range of art projects, in which professional level of sound output during the recording, editing and mastering is needed. Studio is built as a&nbsp;sound adapted space with separate rooms for recording and editing. It is run by Department of Electronic Imagery and is opened to all students of FAD.<\/p>\n<h4>Equipment<\/h4>\n<p>Sound:<br \/>\nProTools HD Omni system<br \/>\nGenelec 8020BPM and&nbsp;7050BPM monitoring set&nbsp;5.1<br \/>\n3x Rode NT 1 microphones<\/p>\n<p>Video:<br \/>\nMac Pro PC<br \/>\nBlackmagic Design Decklink HD Extreme Video Graphics<br \/>\nSony HVR Z7E HD camcorder<br \/>\nMobile light set&nbsp;Sachtler<br \/>\nAdobe CC&nbsp;<\/p>\n<h4>Contact<\/h4>\n<div>\n<div><strong>MgA. Karim Tarakji<\/strong><\/div>\n<div>G: +420&nbsp;774&nbsp;551&nbsp;153<\/div>\n<div>E: <a href=\"javascript:DeCryptX('2m3d0r3l1n0.2v3d1s2c1l3m1j0@3j0m1b2k0l311d1p1n')\">&#107;a&#114;&#105;&#109;.&#116;&#97;&#114;ak&#106;i&#64;&#103;&#109;&#97;&#105;&#108;&#46;co&#109;<\/a><\/div>\n<\/div>\n<\/div>\n<\/div><\/div><\/div><div id=\"pgc-3728-0-1\"  class=\"panel-grid-cell\" ><div id=\"panel-3728-0-1-0\" class=\"so-panel widget widget_sow-editor panel-first-child\" data-index=\"4\" ><div\n\t\t\t\n\t\t\tclass=\"so-widget-sow-editor so-widget-sow-editor-base\"\n\t\t\t\n\t\t><h3 class=\"widget-title\">Large format print<\/h3>\n<div class=\"siteorigin-widget-tinymce textwidget\">\n\t<p><img decoding=\"async\" loading=\"lazy\" class=\"alignnone size-medium wp-image-3737\" src=\"https:\/\/fud.ujep.cz\/wp\/wp-content\/uploads\/2017\/01\/dsc1488-768x513.jpg\" alt=\"\" width=\"768\" height=\"513\"\/><\/p>\n<p>Large format print centre&nbsp;for FAD students. Print is possible on all kinds of paper, films, banner or adhesive films and vinyls with maximum width 1524 mm.<\/p>\n<h4>Contact<\/h4>\n<div>\n<div>\n<div>\n<div>\n<div><strong>MgA. J\u00e1chym Myslivec<\/strong><\/div>\n<div>G: +420&nbsp;723&nbsp;864&nbsp;878<\/div>\n<div>E: <a href=\"javascript:DeCryptX('0j2c0c1i1z3p1n1z3v2n3l3y3h2e1A3j2o3d1j0l1\/2e0o1n')\">j&#97;&#99;&#104;ym&#109;&#121;&#115;li&#118;&#101;c&#64;g&#109;&#97;il.&#99;&#111;m<\/a><\/div>\n<\/div>\n<\/div>\n<\/div>\n<\/div>\n<\/div>\n<\/div><\/div><div id=\"panel-3728-0-1-1\" class=\"so-panel widget widget_sow-editor\" data-index=\"5\" ><div\n\t\t\t\n\t\t\tclass=\"so-widget-sow-editor so-widget-sow-editor-base\"\n\t\t\t\n\t\t><h3 class=\"widget-title\">Glass workshop<\/h3>\n<div class=\"siteorigin-widget-tinymce textwidget\">\n\t<p><img decoding=\"async\" loading=\"lazy\" class=\"alignnone size-medium wp-image-3785\" src=\"https:\/\/fud.ujep.cz\/wp\/wp-content\/uploads\/2017\/01\/img_5701-768x512.jpg\" alt=\"\" width=\"768\" height=\"512\"\/><\/p>\n<p>Workshop&nbsp;is used for realisation of students' projects and experiments.&nbsp;They have here all possible equipment and help or advices of professional staff.<\/p>\n<h4>Contact<\/h4>\n<p><strong>BcA. Lenka N\u011bmcov\u00e1<br \/>\n<\/strong>Room No. 036<strong><br \/>\n<\/strong>E:&nbsp;<a target=\"_blank\" rel=\"noopener\">l&#101;&#110;&#97;.nem&#99;&#111;v&#97;&#64;uj&#101;p&#46;&#99;z<\/a><\/p>\n<\/div>\n<\/div><\/div><div id=\"panel-3728-0-1-2\" class=\"so-panel widget widget_sow-editor\" data-index=\"6\" ><div\n\t\t\t\n\t\t\tclass=\"so-widget-sow-editor so-widget-sow-editor-base\"\n\t\t\t\n\t\t><h3 class=\"widget-title\">AV Techniques<\/h3>\n<div class=\"siteorigin-widget-tinymce textwidget\">\n\t<p><img decoding=\"async\" loading=\"lazy\" class=\"alignnone size-medium wp-image-1233\" src=\"https:\/\/fud.ujep.cz\/wp\/wp-content\/uploads\/2016\/10\/draty-768x512.jpg\" alt=\"draty\" width=\"768\" height=\"512\"\/><\/p>\n<p>The AV Equipment Storage serves students for borrowing equipment to create and install audiovisual and multimedia works in the studios and exhibitions organized by the faculty. The equipment inventory includes items such as projectors, LCD displays, computers, media players, sound equipment, and more.&nbsp;<\/p>\n<h4>Contact<\/h4>\n<p><strong>MgA. Zden\u011bk Svejkovsk\u00fd, Ph.D.<\/strong><br \/>\nG: +420&nbsp;775&nbsp;091&nbsp;327<br \/>\nE: <a href=\"javascript:DeCryptX('2|0d3h3q1f1l0.2u0v2g1k1l2q0v1t0k3|123C3j2o1b3l2n0.1d2q0m')\">&#122;&#100;&#101;n&#101;k.&#115;v&#101;&#106;&#107;ov&#115;ky&#49;&#64;&#103;&#109;a&#105;l&#46;&#99;&#111;m<\/a><\/p>\n<\/div>\n<\/div><\/div><div id=\"panel-3728-0-1-3\" class=\"so-panel widget widget_sow-editor panel-last-child\" data-index=\"7\" ><div\n\t\t\t\n\t\t\tclass=\"so-widget-sow-editor so-widget-sow-editor-base\"\n\t\t\t\n\t\t><h3 class=\"widget-title\">Cutting Plotter<\/h3>\n<div class=\"siteorigin-widget-tinymce textwidget\">\n\t<p><img decoding=\"async\" loading=\"lazy\" class=\"alignnone wp-image-7288 size-full\" src=\"https:\/\/fud.ujep.cz\/wp\/wp-content\/uploads\/2017\/11\/graphtec-ce6000-60.jpg\" alt=\"\" width=\"1280\" height=\"763\"\/><\/p>\n<p>The Graphtec Cutting Plotter CE6000-60 is in the Large Format Printing Shop, No. 132. The maximum usable width is 590 mm, and the recommended design width is 580 mm. Prepare data in Adobe Illustrator (AI) format or PDF format. Data must be in curves - objects unified, text converted to curves.<\/p>\n<h4><strong>Contact<\/strong><\/h4>\n<div><strong>MgA. J\u00e1chym Myslivec<br \/>\n<\/strong>Room No. 132<br \/>\nG: +420&nbsp;723&nbsp;864&nbsp;878<br \/>\nE:&nbsp;<a>j&#97;ch&#121;mm&#121;&#115;&#108;&#105;v&#101;&#99;&#64;g&#109;a&#105;&#108;&#46;com<\/a><\/div>\n<\/div>\n<\/div><\/div><\/div><div id=\"pgc-3728-0-2\"  class=\"panel-grid-cell\" ><div id=\"panel-3728-0-2-0\" class=\"so-panel widget widget_sow-editor panel-first-child\" data-index=\"8\" ><div\n\t\t\t\n\t\t\tclass=\"so-widget-sow-editor so-widget-sow-editor-base\"\n\t\t\t\n\t\t><h3 class=\"widget-title\">3D print &amp; CNC<\/h3>\n<div class=\"siteorigin-widget-tinymce textwidget\">\n\t<p><img decoding=\"async\" loading=\"lazy\" class=\"alignnone wp-image-3748 size-medium\" src=\"https:\/\/fud.ujep.cz\/wp\/wp-content\/uploads\/2017\/01\/3dtisk-768x512.jpg\" width=\"768\" height=\"512\"\/><\/p>\n<p>Workshops are used for realisation of students' projects and experiments in fields of design and fine art.&nbsp;<\/p>\n<h4>Contact<\/h4>\n<p><strong>MgA. Ji\u0159\u00ed Barto\u0161, Ph.D.<\/strong><br \/>\nG: +420&nbsp;728&nbsp;851&nbsp;139<br \/>\nE:&nbsp;<a>j&#105;&#114;i.&#98;&#97;r&#116;&#111;&#115;&#64;uj&#101;&#112;.cz<\/a><\/p>\n<p><strong>doc. MgA. Robert Vlas\u00e1k<\/strong><br \/>\nG: +420&nbsp;736&nbsp;124&nbsp;797<br \/>\nE: <a target=\"_blank\" rel=\"noopener\">r&#111;bert&#46;vl&#97;&#115;ak&#64;u&#106;e&#112;.cz<\/a><\/p>\n<\/div>\n<\/div><\/div><div id=\"panel-3728-0-2-1\" class=\"so-panel widget widget_sow-editor\" data-index=\"9\" ><div\n\t\t\t\n\t\t\tclass=\"so-widget-sow-editor so-widget-sow-editor-base\"\n\t\t\t\n\t\t><h3 class=\"widget-title\">Digital photography<\/h3>\n<div class=\"siteorigin-widget-tinymce textwidget\">\n\t<p><img decoding=\"async\" loading=\"lazy\" class=\"alignnone size-medium wp-image-3814\" src=\"https:\/\/fud.ujep.cz\/wp\/wp-content\/uploads\/2017\/01\/16325378_10210585545789222_1541394272_o-768x512.jpg\" alt=\"\" width=\"768\" height=\"512\"\/><\/p>\n<p>Workshop run by Department of Photography is opened to all students of FAD. It offers a&nbsp;wide range of photographic equipment and a&nbsp;photographic studio.<\/p>\n<h4>Contact<\/h4>\n<p><strong>MgA. Ji\u0159\u00ed Dvo\u0159\u00e1k<\/strong><br \/>\nT: +420&nbsp;731&nbsp;738&nbsp;840<br \/>\nE: <a href=\"javascript:DeCryptX('3m1j3u1j2f1w2q3u3d2m3C3r1v3w3o2q2q3n1\/3f2q1n')\">&#106;iridv&#111;r&#97;&#107;&#64;&#111;u&#116;l&#111;ok.c&#111;m<\/a><\/p>\n<\/div>\n<\/div><\/div><div id=\"panel-3728-0-2-2\" class=\"so-panel widget widget_sow-editor panel-last-child\" data-index=\"10\" ><div\n\t\t\t\n\t\t\tclass=\"so-widget-sow-editor so-widget-sow-editor-base\"\n\t\t\t\n\t\t><h3 class=\"widget-title\">Serigraphy<\/h3>\n<div class=\"siteorigin-widget-tinymce textwidget\">\n\t<p><img decoding=\"async\" loading=\"lazy\" class=\"alignnone size-medium wp-image-3768\" src=\"https:\/\/fud.ujep.cz\/wp\/wp-content\/uploads\/2017\/01\/dsc0338-768x512.jpg\" alt=\"\" width=\"768\" height=\"512\"\/><\/p>\n<p>Serigraphy is a&nbsp;part of&nbsp;Graphics Studio. It is equiped with printing machine Svecia and with tunnel for drying and UV curing from Aeroterm company. Machine is suitable&nbsp;especially for&nbsp;printing up to B1 format and partial UV varnishing. Main products are primarily graphics, posters and stickers.<\/p>\n<h4>Contact<\/h4>\n<p>&nbsp;<\/p>\n<\/div>\n<\/div><\/div><\/div><\/div><\/div>","protected":false},"excerpt":{"rendered":"<p>Print and binding for university High capacity print machine&nbsp;Xerox Color C75\u2008Press Duplicator print machine Riso EZ-571 Finishing equipment \u2013 digital cutter, paper creasing machine, laminator,&nbsp;packing machine Finishing machine with&nbsp;V1 binding up to 100 pages and with SquareFold Finishing machine with&nbsp;V2 ans V2a binding for low capacity print Contact MgA. Kate\u0159ina Jav\u016frkov\u00e1, Room No. 138 E:&nbsp;&#100;&#105;g&#105;t&#97;&#108;n&#105;&#116;&#105;&#115;&#107;&#102;&#117;d&#64;gmail&#46;com<\/p>\n","protected":false},"author":29,"featured_media":0,"parent":3083,"menu_order":0,"comment_status":"closed","ping_status":"closed","template":"","meta":{"ngg_post_thumbnail":0},"acf":[],"_links":{"self":[{"href":"https:\/\/old.fud.ujep.cz\/en\/wp-json\/wp\/v2\/pages\/3728"}],"collection":[{"href":"https:\/\/old.fud.ujep.cz\/en\/wp-json\/wp\/v2\/pages"}],"about":[{"href":"https:\/\/old.fud.ujep.cz\/en\/wp-json\/wp\/v2\/types\/page"}],"author":[{"embeddable":true,"href":"https:\/\/old.fud.ujep.cz\/en\/wp-json\/wp\/v2\/users\/29"}],"replies":[{"embeddable":true,"href":"https:\/\/old.fud.ujep.cz\/en\/wp-json\/wp\/v2\/comments?post=3728"}],"version-history":[{"count":0,"href":"https:\/\/old.fud.ujep.cz\/en\/wp-json\/wp\/v2\/pages\/3728\/revisions"}],"up":[{"embeddable":true,"href":"https:\/\/old.fud.ujep.cz\/en\/wp-json\/wp\/v2\/pages\/3083"}],"wp:attachment":[{"href":"https:\/\/old.fud.ujep.cz\/en\/wp-json\/wp\/v2\/media?parent=3728"}],"curies":[{"name":"wp","href":"https:\/\/api.w.org\/{rel}","templated":true}]}}