{"id":3616,"date":"2016-07-28T14:56:09","date_gmt":"2016-07-28T12:56:09","guid":{"rendered":"https:\/\/fud.ujep.cz\/study\/studijni-oddeleni\/"},"modified":"2025-09-30T21:28:48","modified_gmt":"2025-09-30T19:28:48","slug":"study-department","status":"publish","type":"page","link":"https:\/\/old.fud.ujep.cz\/en\/study\/study-department\/","title":{"rendered":"Study Department"},"content":{"rendered":"<div id=\"pl-3616\"  class=\"panel-layout\" ><div id=\"pg-3616-0\"  class=\"panel-grid panel-no-style\" ><div id=\"pgc-3616-0-0\"  class=\"panel-grid-cell\" ><div id=\"panel-3616-0-0-0\" class=\"so-panel widget widget_sow-editor panel-first-child\" data-index=\"0\" ><div\n\t\t\t\n\t\t\tclass=\"so-widget-sow-editor so-widget-sow-editor-base\"\n\t\t\t\n\t\t><h3 class=\"widget-title\">Contact<\/h3>\n<div class=\"siteorigin-widget-tinymce textwidget\">\n\t<p><strong>The study department's office is located on the 2nd floor of the FUD building, room no. 324.<\/strong><\/p>\n<p>T: +420&nbsp;475&nbsp;285&nbsp;130, +420&nbsp;475&nbsp;285&nbsp;129<br \/>\nG: +420&nbsp;702&nbsp;202&nbsp;300<\/p>\n<p><strong>Mgr. Kl\u00e1ra Gasserov\u00e1<br \/>\n<\/strong>Head of Study Department \/ Doctoral Studies Officer<br \/>\nE:&nbsp;<a href=\"javascript:DeCryptX('0k0l3d2t2c201h0a2u0s0e0r1p1w2c0@1v0j3h3s0.2e0z')\">&#107;l&#97;ra&#46;&#103;&#97;&#115;&#115;er&#111;va&#64;&#117;jep&#46;cz<\/a><\/p>\n<p><strong>Bc. Iveta Stekl\u00e1<br \/>\n<\/strong>Study Department Officer<br \/>\nE:&nbsp;<a href=\"javascript:DeCryptX('1j0v1f0t3d0.0s3w0e1l2n3d0@3x2l3h0p310c3}')\">&#105;veta.s&#116;&#101;&#107;&#108;a&#64;u&#106;ep.&#99;z<\/a><\/p>\n<p><strong>Mgr. MgA. Angelika Kr\u00e1lov\u00e1<br \/>\n<\/strong>Study Department Officer<br \/>\nE: <a href=\"javascript:DeCryptX('2g1s0a1t2o1v1t310f3x1e2B2w0j3h1q200c3}')\" target=\"_blank\" rel=\"noopener\">e&#114;a&#115;mus.f&#117;&#100;&#64;&#117;j&#101;p&#46;cz<\/a><br \/>\nT: +420&nbsp;475&nbsp;285&nbsp;225<\/p>\n<\/div>\n<\/div><\/div><div id=\"panel-3616-0-0-1\" class=\"so-panel widget widget_sow-editor\" data-index=\"1\" ><div\n\t\t\t\n\t\t\tclass=\"so-widget-sow-editor so-widget-sow-editor-base\"\n\t\t\t\n\t\t><h3 class=\"widget-title\">Office Hours<\/h3>\n<div class=\"siteorigin-widget-tinymce textwidget\">\n\t<p><strong>In cases that do not require a&nbsp;personal visit, we prefer an online solution, so contact us by phone or email.<\/strong><\/p>\n<table style=\"width: 100%;\">\n<tbody>\n<tr>\n<td style=\"width: 72.0313%;\">Monday<\/td>\n<td style=\"width: 27.9688%;\">&nbsp; &nbsp; &nbsp; &nbsp; &nbsp; &nbsp; &nbsp; &nbsp; &nbsp; &nbsp; &nbsp; &nbsp; &nbsp; &nbsp; 1\u20143 pm<\/td>\n<\/tr>\n<tr>\n<td style=\"width: 72.0313%;\">Tuesday<\/td>\n<td style=\"width: 27.9688%;\">9.30\u201411.30 am<\/td>\n<\/tr>\n<tr>\n<td style=\"width: 72.0313%;\">Wednesday<\/td>\n<td style=\"width: 27.9688%;\">9.30\u201411.30 am \/ 1\u20143 pm<\/td>\n<\/tr>\n<tr>\n<td style=\"width: 72.0313%;\">Thursday<\/td>\n<td style=\"width: 27.9688%;\">9.30\u201411.30 am<\/td>\n<\/tr>\n<tr>\n<td style=\"width: 72.0313%;\">Friday<\/td>\n<td style=\"width: 27.9688%;\">closed<\/td>\n<\/tr>\n<\/tbody>\n<\/table>\n<p>&nbsp;<\/p>\n<\/div>\n<\/div><\/div><div id=\"panel-3616-0-0-2\" class=\"so-panel widget widget_sow-editor panel-last-child\" data-index=\"2\" ><div\n\t\t\t\n\t\t\tclass=\"so-widget-sow-editor so-widget-sow-editor-base\"\n\t\t\t\n\t\t><h3 class=\"widget-title\">Important links<\/h3>\n<div class=\"siteorigin-widget-tinymce textwidget\">\n\t<ul>\n<li><a href=\"https:\/\/fud.ujep.cz\/wp\/wp-content\/uploads\/2022\/01\/prikaz-rektora-c-3-2021.pdf\" target=\"_blank\" rel=\"noopener\">Rector's Order No. 3\/2021Reimbursement for extraordinary and above-standard activities related to studies<\/a> (in Czech)<\/li>\n<li><a title=\"V\u00fdzva student\u016fm \u2013 poplatky za studium\" href=\"https:\/\/www.ujep.cz\/cs\/poplatky-spojene-se-studiem\" target=\"_blank\" rel=\"noopener\">Appeal to students-parents<\/a> (in Czech)<\/li>\n<li><a href=\"https:\/\/fud.ujep.cz\/wp\/wp-content\/uploads\/2018\/06\/bezpecnost-prace.pdf\">Acquaintance of students with information and instructions to ensure safety and health protection at work and fire protection at UJEP and all its workplaces - Information and instructions for movement and behaviour in the building<\/a> (in Czech)<\/li>\n<\/ul>\n<\/div>\n<\/div><\/div><\/div><div id=\"pgc-3616-0-1\"  class=\"panel-grid-cell\" ><div id=\"panel-3616-0-1-0\" class=\"so-panel widget widget_sow-fud-wp-posts widget-posts widget-fud-posts panel-first-child panel-last-child\" data-index=\"3\" ><div\n\t\t\t\n\t\t\tclass=\"so-widget-sow-fud-wp-posts so-widget-sow-fud-wp-posts-base\"\n\t\t\t\n\t\t><h3 class=\"widget-title\">News <small>(1\/2)<\/small><\/h3><div class=\"widget-posts wrapper-widget\"><div class=\"wrapper-posts columns-layout-2 masonry-grid\">\n    \t\t<!-- article -->\n    \t\t<article id=\"post-79840\" class=\"col-sm-6 col-xs-12 grid-item post-79840 post type-post status-publish format-standard hentry category-news category-study category-fine-art-photography-en-2\">\n      <header>\n        <h2><a href=\"https:\/\/old.fud.ujep.cz\/en\/news\/results-of-the-admissions-process-for-the-masters-programme-in-fine-art-photography-for-the-academic-year-2025-2026\/\" title=\"Results of the admissions process for the Master\u2019s programme in Fine Art \u2013 Photography for the academic year 2025\/2026\">Results of the admissions process for the Master\u2019s programme in Fine Art \u2013 Photography for the academic year 2025\/2026<\/a><\/h2>\n      <\/header>\n    \t\t\t\t<main class=\"entry\">\n      <div class=\"post-content\"><p>Dear Applicants,<\/p>\n<p>please find the results of the admissions process for the Master&#8217;s&nbsp;programme in Fine Art &#8211; Photography in English for the academic year 2025\/2026.<\/p>\n<\/div>\n          <div class=\"meta post-meta\">\n            <a href=\"https:\/\/old.fud.ujep.cz\/en\/news\/results-of-the-admissions-process-for-the-masters-programme-in-fine-art-photography-for-the-academic-year-2025-2026\/\" title=\"Results of the admissions process for the Master\u2019s programme in Fine Art \u2013 Photography for the academic year 2025\/2026\">\u2192&nbsp;More<\/a>\n          <\/div>\n            <\/main>\n    \t\t<\/article>\n    \t\t<!-- \/article -->\n      \n    \t\t<!-- article -->\n    \t\t<article id=\"post-72685\" class=\"col-sm-6 col-xs-12 grid-item post-72685 post type-post status-publish format-standard has-post-thumbnail hentry category-study\">\n      \n              <figure>\n                <a href=\"https:\/\/old.fud.ujep.cz\/en\/study\/come-to-doctoral-students-lectures\/\" title=\"Come to Doctoral Students&#8217; Lectures\"><img src=\"https:\/\/old.fud.ujep.cz\/wp-content\/uploads\/2022\/11\/logo-fud-ujep-cz-web2-1-2.jpeg\" alt=\"\" \/><\/a>\n              <\/figure>\n              <header>\n        <h2><a href=\"https:\/\/old.fud.ujep.cz\/en\/study\/come-to-doctoral-students-lectures\/\" title=\"Come to Doctoral Students&#8217; Lectures\">Come to Doctoral Students&#8217; Lectures<\/a><\/h2>\n      <\/header>\n    \t\t\t\t<main class=\"entry\">\n      <div class=\"post-content\"><p>We invite you to inspiring lectures by doctoral students, which will take place in three blocks on 3 April, 17 April, and 24 April 2024, each starting at 11 o&#8217;clock in Lecture Hall 537 at the Faculty of Art and Design at UJEP.<\/p>\n<\/div>\n          <div class=\"meta post-meta\">\n            <a href=\"https:\/\/old.fud.ujep.cz\/en\/study\/come-to-doctoral-students-lectures\/\" title=\"Come to Doctoral Students&#8217; Lectures\">\u2192&nbsp;More<\/a>\n          <\/div>\n            <\/main>\n    \t\t<\/article>\n    \t\t<!-- \/article -->\n      \n    \t\t<!-- article -->\n    \t\t<article id=\"post-70242\" class=\"col-sm-6 col-xs-12 grid-item post-70242 post type-post status-publish format-standard has-post-thumbnail hentry category-study\">\n      \n              <figure>\n                <a href=\"https:\/\/old.fud.ujep.cz\/en\/study\/student-grant-competition-sgs-announcement-for-doctoral-students-in-the-visual-communication-study-programme-for-the-year-2024\/\" title=\"Student Grant Competition (SGS) Announcement for Doctoral Students in the Visual Communication Study Programme for the year 2024\"><img src=\"https:\/\/old.fud.ujep.cz\/wp-content\/uploads\/2023\/09\/cropped-alter-fud-3-5-e1694525919749.png\" alt=\"\" \/><\/a>\n              <\/figure>\n              <header>\n        <h2><a href=\"https:\/\/old.fud.ujep.cz\/en\/study\/student-grant-competition-sgs-announcement-for-doctoral-students-in-the-visual-communication-study-programme-for-the-year-2024\/\" title=\"Student Grant Competition (SGS) Announcement for Doctoral Students in the Visual Communication Study Programme for the year 2024\">Student Grant Competition (SGS) Announcement for Doctoral Students in the Visual Communication Study Programme for the year 2024<\/a><\/h2>\n      <\/header>\n    \t\t\t\t<main class=\"entry\">\n      <div class=\"post-content\"><p>The Faculty of Art and Design at Jan Evangelista Purkyn\u011b University in \u00dast\u00ed nad Labem announces the faculty round of the Student Grant Competition (SGS) for doctoral students in the Visual Communication study programme for the year 2024.&nbsp;<\/p>\n<\/div>\n          <div class=\"meta post-meta\">\n            <a href=\"https:\/\/old.fud.ujep.cz\/en\/study\/student-grant-competition-sgs-announcement-for-doctoral-students-in-the-visual-communication-study-programme-for-the-year-2024\/\" title=\"Student Grant Competition (SGS) Announcement for Doctoral Students in the Visual Communication Study Programme for the year 2024\">\u2192&nbsp;More<\/a>\n          <\/div>\n            <\/main>\n    \t\t<\/article>\n    \t\t<!-- \/article -->\n      \n    \t\t<!-- article -->\n    \t\t<article id=\"post-68856\" class=\"col-sm-6 col-xs-12 grid-item post-68856 post type-post status-publish format-standard hentry category-study\">\n      <header>\n        <h2><a href=\"https:\/\/old.fud.ujep.cz\/en\/study\/matriculation-ceremony-of-year-1-bachelor-students\/\" title=\"Matriculation Ceremony of Year 1 bachelor students\">Matriculation Ceremony of Year 1 bachelor students<\/a><\/h2>\n      <\/header>\n    \t\t\t\t<main class=\"entry\">\n      <div class=\"post-content\"><p>The Matriculation ceremony of Year 1 bachelor students will take place on Thursday 12 October 2023 in \u00dast\u00ed nad Labem House of Arts.<\/p>\n<\/div>\n          <div class=\"meta post-meta\">\n            <a href=\"https:\/\/old.fud.ujep.cz\/en\/study\/matriculation-ceremony-of-year-1-bachelor-students\/\" title=\"Matriculation Ceremony of Year 1 bachelor students\">\u2192&nbsp;More<\/a>\n          <\/div>\n            <\/main>\n    \t\t<\/article>\n    \t\t<!-- \/article -->\n      \n    <\/div>\n    <!-- end of wrapper-posts -->\n    <\/div>\n    <!-- end of widget-posts --><\/div><\/div><\/div><\/div><\/div>","protected":false},"excerpt":{"rendered":"<p>Contact The study department&#8217;s&nbsp;office is located on the 2nd floor of the FUD building, room no. 324. T: +420&nbsp;475&nbsp;285&nbsp;130, +420&nbsp;475&nbsp;285&nbsp;129 G: +420&nbsp;702&nbsp;202&nbsp;300 Mgr. Kl\u00e1ra Gasserov\u00e1 Head of Study Department \/ Doctoral Studies Officer E:&nbsp;&#107;l&#97;r&#97;.g&#97;s&#115;ero&#118;a&#64;&#117;&#106;e&#112;.&#99;&#122; Bc. Iveta Stekl\u00e1 Study Department Officer E:&nbsp;iv&#101;t&#97;&#46;st&#101;&#107;&#108;a&#64;u&#106;ep&#46;c&#122; Mgr. MgA. Angelika Kr\u00e1lov\u00e1 Study Department Officer E: &#101;&#114;a&#115;m&#117;&#115;&#46;&#102;u&#100;&#64;&#117;j&#101;&#112;.c&#122; T: +420&nbsp;475&nbsp;285&nbsp;225 Office Hours In [&hellip;]<\/p>\n","protected":false},"author":1,"featured_media":0,"parent":3490,"menu_order":0,"comment_status":"closed","ping_status":"closed","template":"","meta":{"ngg_post_thumbnail":0},"acf":[],"_links":{"self":[{"href":"https:\/\/old.fud.ujep.cz\/en\/wp-json\/wp\/v2\/pages\/3616"}],"collection":[{"href":"https:\/\/old.fud.ujep.cz\/en\/wp-json\/wp\/v2\/pages"}],"about":[{"href":"https:\/\/old.fud.ujep.cz\/en\/wp-json\/wp\/v2\/types\/page"}],"author":[{"embeddable":true,"href":"https:\/\/old.fud.ujep.cz\/en\/wp-json\/wp\/v2\/users\/1"}],"replies":[{"embeddable":true,"href":"https:\/\/old.fud.ujep.cz\/en\/wp-json\/wp\/v2\/comments?post=3616"}],"version-history":[{"count":0,"href":"https:\/\/old.fud.ujep.cz\/en\/wp-json\/wp\/v2\/pages\/3616\/revisions"}],"up":[{"embeddable":true,"href":"https:\/\/old.fud.ujep.cz\/en\/wp-json\/wp\/v2\/pages\/3490"}],"wp:attachment":[{"href":"https:\/\/old.fud.ujep.cz\/en\/wp-json\/wp\/v2\/media?parent=3616"}],"curies":[{"name":"wp","href":"https:\/\/api.w.org\/{rel}","templated":true}]}}