{"id":3515,"date":"2016-07-28T14:56:17","date_gmt":"2016-07-28T12:56:17","guid":{"rendered":"https:\/\/fud.ujep.cz\/study\/doktorske-studium\/"},"modified":"2026-02-27T13:51:08","modified_gmt":"2026-02-27T11:51:08","slug":"doctoral-studies","status":"publish","type":"page","link":"https:\/\/old.fud.ujep.cz\/en\/study\/doctoral-studies\/","title":{"rendered":"Doctoral Studies in Visual Communication"},"content":{"rendered":"<div id=\"pl-3515\"  class=\"panel-layout\" ><div id=\"pg-3515-0\"  class=\"panel-grid panel-no-style\" ><div id=\"pgc-3515-0-0\"  class=\"panel-grid-cell\" ><div id=\"panel-3515-0-0-0\" class=\"so-panel widget widget_sow-editor panel-first-child\" data-index=\"0\" ><div\n\t\t\t\n\t\t\tclass=\"so-widget-sow-editor so-widget-sow-editor-base\"\n\t\t\t\n\t\t><h3 class=\"widget-title\">Admission Procedure<\/h3>\n<div class=\"siteorigin-widget-tinymce textwidget\">\n\t<ul>\n<li><a href=\"https:\/\/fud.ujep.cz\/wp\/wp-content\/uploads\/2025\/05\/podminky-prijimaciho-rizeni-phd-26-27-en-verze.pdf\" target=\"_blank\" rel=\"noopener\">Admission procedure information for Doctoral Study in Visual Communication for the academic year 2026\/2027<\/a><strong><br \/>\nDEADLINE - <\/strong><strong>30 April 2026 (the deadline has been extended)<\/strong><\/li>\n<li>Contact your potential <a href=\"https:\/\/fud.ujep.cz\/en\/list-of-supervisors\/\" target=\"_blank\" rel=\"noopener\">supervisor<\/a> in advance<\/li>\n<li>In case your previous study is from abroad, please contact the Docotoral Studies Coordinator at <a href=\"javascript:DeCryptX('1n2c2t1l3h3w1b202e0h3d2n0u0p0o0v3d2B1v0j3h2r0.2e3}')\">m&#97;r&#107;et&#97;.&#99;ha&#108;&#117;&#112;&#111;&#118;&#97;&#64;uje&#112;.cz<\/a> for further information<\/li>\n<li>Admission examination fee is 800 CZK<\/li>\n<li>Tuition fee is free of charge<\/li>\n<\/ul>\n<\/div>\n<\/div><\/div><div id=\"panel-3515-0-0-1\" class=\"so-panel widget widget_sow-editor\" data-index=\"1\" ><div\n\t\t\t\n\t\t\tclass=\"so-widget-sow-editor so-widget-sow-editor-base\"\n\t\t\t\n\t\t><h3 class=\"widget-title\">Study plans<\/h3>\n<div class=\"siteorigin-widget-tinymce textwidget\">\n\t<ul>\n<li><a href=\"https:\/\/fud.ujep.cz\/wp\/wp-content\/uploads\/2023\/01\/anotace-predmetu-vizualni-komunikace-01-23-en.pdf\">Subjects Annotations - Program in Visual Communication<\/a><\/li>\n<\/ul>\n<\/div>\n<\/div><\/div><div id=\"panel-3515-0-0-2\" class=\"so-panel widget widget_sow-editor\" data-index=\"2\" ><div\n\t\t\t\n\t\t\tclass=\"so-widget-sow-editor so-widget-sow-editor-base\"\n\t\t\t\n\t\t><h3 class=\"widget-title\">Documents for admitted students from 2025\/2026 and later<\/h3>\n<div class=\"siteorigin-widget-tinymce textwidget\">\n\t<ul>\n<li><a href=\"https:\/\/fud.ujep.cz\/wp\/wp-content\/uploads\/2026\/02\/studijni-a-zkusebni-rad-fud-phd-2018-en.pdf\">Study and Examination Code for Studies in Doctoral Programmes of Study of FUD UJEP<\/a><\/li>\n<li><a href=\"https:\/\/fud.ujep.cz\/wp\/wp-content\/uploads\/2024\/03\/smernice-dekanky-2024-o-bakalarskychdiplomovychdisertacnich-pracich-hotovo.doc.en_.pdf\" target=\"_blank\" rel=\"noopener\">Dean's Directive No. 1\/2024 on Bachelor's and Diploma works, and Dissertations<\/a><\/li>\n<li><a href=\"https:\/\/fud.ujep.cz\/wp\/wp-content\/uploads\/2023\/09\/how-to-write-a-qualification-thesis.pdf\" target=\"_blank\" rel=\"noopener\">How to Write a&nbsp;Qualification Thesis<\/a><\/li>\n<\/ul>\n<ul>\n<li><a href=\"https:\/\/fud.ujep.cz\/wp\/wp-content\/uploads\/2025\/09\/course-of-doctoral-study-from-2025-2026.pdf\" target=\"_blank\" rel=\"noopener\">Course of Study<\/a> - for admitted students from the academic year 2025\/2026 and later<\/li>\n<\/ul>\n<\/div>\n<\/div><\/div><div id=\"panel-3515-0-0-3\" class=\"so-panel widget widget_sow-editor\" data-index=\"3\" ><div\n\t\t\t\n\t\t\tclass=\"so-widget-sow-editor so-widget-sow-editor-base\"\n\t\t\t\n\t\t><h3 class=\"widget-title\">Documents for admitted students until 2024\/2025<\/h3>\n<div class=\"siteorigin-widget-tinymce textwidget\">\n\t<ul>\n<li><a href=\"https:\/\/fud.ujep.cz\/wp\/wp-content\/uploads\/2026\/02\/studijni-a-zkusebni-rad-fud-phd-2018-en.pdf\">Study and Examination Code for Studies in Doctoral Programmes of Study of FUD UJEP<\/a><\/li>\n<li><a href=\"https:\/\/fud.ujep.cz\/wp\/wp-content\/uploads\/2024\/03\/smernice-dekanky-2024-o-bakalarskychdiplomovychdisertacnich-pracich-hotovo.doc.en_.pdf\" target=\"_blank\" rel=\"noopener\">Dean's Directive No. 1\/2024 on Bachelor's and Diploma works, and Dissertations<\/a><\/li>\n<li><a href=\"https:\/\/fud.ujep.cz\/wp\/wp-content\/uploads\/2023\/09\/how-to-write-a-qualification-thesis.pdf\" target=\"_blank\" rel=\"noopener\">How to Write a&nbsp;Qualification Thesis<\/a><\/li>\n<\/ul>\n<ul>\n<li><a href=\"https:\/\/fud.ujep.cz\/wp\/wp-content\/uploads\/2023\/06\/prubeh-studia-pro-studenty-prijate-od-2021_8-aj-cele-17-07-24.pdf\" target=\"_blank\" rel=\"noopener\">Course of study <\/a>- for students admitted no lately than by 2024\/2025<\/li>\n<li><a href=\"https:\/\/fud.ujep.cz\/wp\/wp-content\/uploads\/2017\/02\/phd__forms-of-documents.pdf\">Forms of documents to be submitted during the studies<\/a><\/li>\n<\/ul>\n<\/div>\n<\/div><\/div><div id=\"panel-3515-0-0-4\" class=\"so-panel widget widget_sow-editor panel-last-child\" data-index=\"4\" ><div\n\t\t\t\n\t\t\tclass=\"so-widget-sow-editor so-widget-sow-editor-base\"\n\t\t\t\n\t\t><h3 class=\"widget-title\">Forms<\/h3>\n<div class=\"siteorigin-widget-tinymce textwidget\">\n\t<ul>\n<li><a href=\"https:\/\/fud.ujep.cz\/wp\/wp-content\/uploads\/2025\/09\/request-form-for-phd-en.pdf\">Request form<\/a> - for PhD students only<\/li>\n<li><a href=\"https:\/\/fud.ujep.cz\/wp\/wp-content\/uploads\/2025\/09\/lecture-annotation-year-2.docx\">Lecture Annotation Form<\/a><\/li>\n<li><a href=\"https:\/\/fud.ujep.cz\/wp\/wp-content\/uploads\/2025\/09\/workshop-annotation-form.docx\">Workshop Annotation Form<\/a><\/li>\n<li><a href=\"https:\/\/fud.ujep.cz\/wp\/wp-content\/uploads\/2025\/09\/annual-study-evaluation-form.docx\">Annual Study Evaluation Form<\/a><\/li>\n<li><a href=\"https:\/\/fud.ujep.cz\/wp\/wp-content\/uploads\/2025\/09\/elective-course.docx\">Elective Course<\/a><\/li>\n<li><a href=\"https:\/\/fud.ujep.cz\/wp\/wp-content\/uploads\/2023\/06\/prihlaska-k-sdz-zkouska-ustni-en.pdf\">Application for State Doctoral Examination - oral part<\/a><\/li>\n<li><a href=\"https:\/\/fud.ujep.cz\/wp\/wp-content\/uploads\/2023\/06\/prihlaska-k-sdz-obhajoba-dizertace-en.pdf\" target=\"_blank\" rel=\"noopener\">Application for State Doctoral Examination - Dissertation Defence<\/a><\/li>\n<li><a href=\"https:\/\/fud.ujep.cz\/wp\/wp-content\/uploads\/2017\/02\/formular-ramcovy-plan-en.doc\" target=\"_blank\" rel=\"noopener\">Form for individual plan of study<\/a><del><br \/>\n<\/del><\/li>\n<li><a href=\"https:\/\/fud.ujep.cz\/wp\/wp-content\/uploads\/2024\/03\/reviewers-report-on-dissertation.docx\">Reviewer's Report on Dissertation<\/a><\/li>\n<li><a href=\"https:\/\/fud.ujep.cz\/wp\/wp-content\/uploads\/2024\/03\/report-of-the-dissertation-supervisor.docx\">Report of the Dissertation Supervisor<\/a><br \/>\n<del><\/del><\/li>\n<li><a href=\"https:\/\/fud.ujep.cz\/wp\/wp-content\/uploads\/2025\/06\/consultations-record.xlsx\" target=\"_blank\" rel=\"noopener\">Consultation Record<\/a> - supervisors with their students<\/li>\n<li><a href=\"https:\/\/fud.ujep.cz\/wp\/wp-content\/uploads\/2025\/07\/record-of-doctoral-study-examination.pdf\" target=\"_blank\" rel=\"noopener\">Examination Record<\/a><\/li>\n<li><a href=\"https:\/\/fud.ujep.cz\/wp\/wp-content\/uploads\/2023\/04\/formular-k-zahranicnimu-pobytu-en.pdf\" target=\"_blank\" rel=\"noopener\">Stay Abroad Form<\/a><\/li>\n<\/ul>\n<\/div>\n<\/div><\/div><\/div><div id=\"pgc-3515-0-1\"  class=\"panel-grid-cell\" ><div id=\"panel-3515-0-1-0\" class=\"so-panel widget widget_sow-editor panel-first-child\" data-index=\"5\" ><div\n\t\t\t\n\t\t\tclass=\"so-widget-sow-editor so-widget-sow-editor-base\"\n\t\t\t\n\t\t><h3 class=\"widget-title\">Contacts<\/h3>\n<div class=\"siteorigin-widget-tinymce textwidget\">\n\t<p>Chairman of Subject-Area Board at FUD UJEP<br \/>\n<strong>prof.&nbsp;Mgr. Michal Kole\u010dek, Ph.D.<\/strong><br \/>\nT: +420&nbsp;475&nbsp;285&nbsp;186<br \/>\nE: <a href=\"javascript:DeCryptX('3p2k1d3k0a0l203n1p0l2g2e3h3n1A2w3m2g3s202e3}')\">&#109;i&#99;&#104;&#97;l.k&#111;l&#101;&#99;&#101;k&#64;&#117;je&#112;.cz<\/a><\/p>\n<p>FUD Doctoral Studies Coordinator<br \/>\n<strong>Assoc. Prof. Mgr. Kate\u0159ina Dytrtov\u00e1, Ph.D.<\/strong><br \/>\nT: +420&nbsp;475&nbsp;285&nbsp;134<br \/>\n<span class=\"gI\">E:&nbsp;<a href=\"javascript:DeCryptX('2m2c2v3h2t1j1o1b1\/1e1z1u3u2v0o3y1b3C3x2l3h2r311d1{')\">kat&#101;&#114;&#105;&#110;a&#46;&#100;ytr&#116;ov&#97;&#64;u&#106;e&#112;&#46;cz<\/a><\/span><\/p>\n<p>Doctoral Studies Administrator, Student Grant Competition Administrator<br \/>\n<strong>Ing. Mark\u00e9ta Chalupov\u00e1, MSc<\/strong><br \/>\nT: +420&nbsp;475&nbsp;285&nbsp;224<br \/>\nE: <a href=\"javascript:DeCryptX('0m3d2t1l2g0t2c1\/1d1i0a3o2w0p3r3y0a3C0u2l2g0p201d3}')\">&#109;&#97;r&#107;e&#116;a.&#99;h&#97;&#108;u&#112;ov&#97;&#64;&#117;j&#101;p&#46;c&#122;<\/a><\/p>\n<p>Doctoral Studies Officer<br \/>\n<strong>Mgr. Kl\u00e1ra Gasserov\u00e1<\/strong><br \/>\nT: +420&nbsp;475&nbsp;285&nbsp;130<br \/>\nE:&nbsp;<a href=\"javascript:DeCryptX('3n0l1b2t1b201h3d0s1t3h3u0o3y2c2B0u0j2g3s1\/3f3}')\">k&#108;&#97;ra.gas&#115;&#101;r&#111;va&#64;&#117;je&#112;&#46;&#99;&#122;<\/a><\/p>\n<\/div>\n<\/div><\/div><div id=\"panel-3515-0-1-1\" class=\"so-panel widget widget_sow-editor\" data-index=\"6\" ><div\n\t\t\t\n\t\t\tclass=\"so-widget-sow-editor so-widget-sow-editor-base\"\n\t\t\t\n\t\t><h3 class=\"widget-title\">Subject-Area Board - Progam Visual Communication<\/h3>\n<div class=\"siteorigin-widget-tinymce textwidget\">\n\t<h4>Internal Members of FAD SUBJECT-AREA BOARD<\/h4>\n<p>Assoc. Prof. Mgr. Kate\u0159ina Dytrtov\u00e1, Ph.D.<br \/>\nProf. Jan Fi\u0161er, Academic Architect<br \/>\nAssoc. Prof. Mgr. A. Daniel Hanzl\u00edk<br \/>\nProf. Mgr. Michal Kole\u010dek, Ph.D.<br \/>\nProf. Mgr. Zdena Kole\u010dkov\u00e1, Ph.D.<br \/>\nAssoc. Prof. Mgr. A. Pavel Kop\u0159iva, Ph.D.<br \/>\ndoc. Mgr. David Ko\u0159\u00ednek<br \/>\nProf. Mgr. Milo\u0161 Mich\u00e1lek<br \/>\nAssoc. Prof. Mgr. A. Pavel Mrkus<br \/>\ndoc. Mgr. Martin Nitsche, Ph.D.<br \/>\nAssoc. Prof. PhDr. Tom\u00e1\u0161 Pavl\u00ed\u010dek, Ph.D.<br \/>\nProf. Jaroslav Pr\u00e1\u0161il, Academic Painter<br \/>\nAssoc. Prof. Michal Slej\u0161ka, Academic Painter<br \/>\nAssoc. Prof. Mgr. Michaela Thelenov\u00e1<br \/>\nAssoc. Prof. MgA. Anton\u00edn Tom\u00e1\u0161ek<br \/>\nAssoc. Prof. Mgr. Anna Varteck\u00e1, Ph.D.<br \/>\nAssoc. Prof. MgA. Robert Vlas\u00e1k<\/p>\n<h4>External Members of FAD SUBJECT-AREA BOARD<\/h4>\n<p>Assoc. Prof. Alexius Appl, Academic Sculptor<br \/>\nAssoc. Prof. Mgr. Richard Fajnor<br \/>\nProf. Zdeno Koles\u00e1r, Ph.D.<br \/>\nProf. Pavel Noga, ArtD.<br \/>\nAssoc. Prof. MgA. Alexandra Vajd<\/p>\n<\/div>\n<\/div><\/div><div id=\"panel-3515-0-1-2\" class=\"so-panel widget widget_sow-editor panel-last-child\" data-index=\"7\" ><div\n\t\t\t\n\t\t\tclass=\"so-widget-sow-editor so-widget-sow-editor-base\"\n\t\t\t\n\t\t><h3 class=\"widget-title\">Subject-Area Board - Progam Fine Art - Visual Communication<\/h3>\n<div class=\"siteorigin-widget-tinymce textwidget\">\n\t<div class=\"siteorigin-widget-tinymce textwidget\">\n<h4>Internal Members of FAD SUBJECT-AREA BOARD<\/h4>\n<p>Assoc. Prof. Mgr. Kate\u0159ina Dytrtov\u00e1, Ph.D.<br \/>\nProf. Jan Fi\u0161er, Academic Architect<br \/>\nAssoc. Prof. Mgr. A. Daniel Hanzl\u00edk<br \/>\nProf. Mgr. Michal Kole\u010dek, Ph.D.<br \/>\nProf. Mgr. Zdena Kole\u010dkov\u00e1, Ph.D.<br \/>\nAssoc. Prof. Mgr. A. Pavel Kop\u0159iva, Ph.D.<br \/>\nProf. Mgr. Milo\u0161 Mich\u00e1lek<br \/>\nAssoc. Prof. Mgr. A. Pavel Mrkus<br \/>\nAssoc. Prof. PhDr. Tom\u00e1\u0161 Pavl\u00ed\u010dek, Ph.D.<br \/>\nProf. Jaroslav Pr\u00e1\u0161il, Academic Painter<br \/>\nAssoc. Prof. Michal Slej\u0161ka, Academic Painter<br \/>\nAssoc. Prof. Mgr. Michaela Thelenov\u00e1<br \/>\nAssoc. Prof. MgA. Robert Vlas\u00e1k<\/p>\n<h4>External Members of FAD SUBJECT-AREA BOARD<\/h4>\n<p>Assoc. Prof. Alexius Appl, Academic Sculptor<br \/>\nAssoc. Prof. Mgr. Richard Fajnor<br \/>\nProf. Pavel Noga, ArtD.<br \/>\nAssoc. Prof. MgA. Alexandra Vajd<br \/>\nAssoc. Prof. Jan Z\u00e1le\u0161\u00e1k, Ph.D.<\/p>\n<\/div>\n<\/div>\n<\/div><\/div><\/div><\/div><\/div>","protected":false},"excerpt":{"rendered":"<p>Admission procedure information for Doctoral Study in Visual Communication for the academic year 2026\/2027 DEADLINE &#8211; 30 April 2026 (the deadline has been extended) Contact your potential supervisor in advance In case your previous study is from abroad, please contact the Docotoral Studies Coordinator at <a href=\"javascript:DeCryptX('3p1b1s2m1f3w3d202e1i0a2n0u0p0o2x3d2B2w2l1f2r0.3f1{')\">m&#97;&#114;k&#101;t&#97;&#46;&#99;&#104;&#97;&#108;up&#111;&#118;&#97;&#64;u&#106;&#101;&#112;&#46;cz<\/a> for further information Admission examination fee is 800 CZK [&hellip;]<\/p>\n","protected":false},"author":1,"featured_media":0,"parent":3490,"menu_order":0,"comment_status":"closed","ping_status":"closed","template":"","meta":{"ngg_post_thumbnail":0},"acf":[],"_links":{"self":[{"href":"https:\/\/old.fud.ujep.cz\/en\/wp-json\/wp\/v2\/pages\/3515"}],"collection":[{"href":"https:\/\/old.fud.ujep.cz\/en\/wp-json\/wp\/v2\/pages"}],"about":[{"href":"https:\/\/old.fud.ujep.cz\/en\/wp-json\/wp\/v2\/types\/page"}],"author":[{"embeddable":true,"href":"https:\/\/old.fud.ujep.cz\/en\/wp-json\/wp\/v2\/users\/1"}],"replies":[{"embeddable":true,"href":"https:\/\/old.fud.ujep.cz\/en\/wp-json\/wp\/v2\/comments?post=3515"}],"version-history":[{"count":3,"href":"https:\/\/old.fud.ujep.cz\/en\/wp-json\/wp\/v2\/pages\/3515\/revisions"}],"predecessor-version":[{"id":83896,"href":"https:\/\/old.fud.ujep.cz\/en\/wp-json\/wp\/v2\/pages\/3515\/revisions\/83896"}],"up":[{"embeddable":true,"href":"https:\/\/old.fud.ujep.cz\/en\/wp-json\/wp\/v2\/pages\/3490"}],"wp:attachment":[{"href":"https:\/\/old.fud.ujep.cz\/en\/wp-json\/wp\/v2\/media?parent=3515"}],"curies":[{"name":"wp","href":"https:\/\/api.w.org\/{rel}","templated":true}]}}