{"id":3245,"date":"2016-07-28T14:56:56","date_gmt":"2016-07-28T12:56:56","guid":{"rendered":"https:\/\/fud.ujep.cz\/creative-work\/granty-souteze-vyzvy\/"},"modified":"2025-11-13T15:59:44","modified_gmt":"2025-11-13T13:59:44","slug":"opencalls-competitions","status":"publish","type":"page","link":"https:\/\/old.fud.ujep.cz\/en\/activities\/opencalls-competitions\/","title":{"rendered":"Open-calls &#038; Competitions"},"content":{"rendered":"<div id=\"pl-3245\"  class=\"panel-layout\" ><div id=\"pg-3245-0\"  class=\"panel-grid panel-no-style\" ><div id=\"pgc-3245-0-0\"  class=\"panel-grid-cell\" ><div id=\"panel-3245-0-0-0\" class=\"so-panel widget widget_fud-cta-typo panel-first-child panel-last-child\" data-index=\"0\" ><div\n\t\t\t\n\t\t\tclass=\"so-widget-fud-cta-typo so-widget-fud-cta-typo-default-c93e1481a745-3245\"\n\t\t\t\n\t\t>\n<h3 class=\"widget-title\">&nbsp;<\/h3>\n\n<div class=\"fud-cta-typo\">\n\n  \n    <div class=\"d-flex flex-wrap layout-columns-2 layout-height-flat\">\n\n    \n            <a class=\"d-flex justify-content-center align-items-center positive fud-cta-typo-panel\" href=\"https:\/\/fud.ujep.cz\/en\/news\/announcement-of-the-student-grant-competition-sgs-for-doctoral-students-of-the-visual-communication-study-programme-for-2026\/\" title=\"student-grant-competition-sgs\" id=\"fud-cta-typo-panel-student-grant-competition-sgs\" target=\"_blank\"\">\n        <div class=\"fud-cta-typo-inner d-flex flex-column justify-content-center align-items-center\">\n          <h4>Student Grant Competition (SGS)<\/h4>                  <\/div>\n      <\/a>\n\n    \n            <a class=\"d-flex justify-content-center align-items-center positive fud-cta-typo-panel\" href=\"https:\/\/fud.ujep.cz\/aktualne\/1-kolo-souteze-o-vnitrni-granty-fud-ujep-pro-rok-2024\/\" title=\"internal-grant\" id=\"fud-cta-typo-panel-internal-grant\"\">\n        <div class=\"fud-cta-typo-inner d-flex flex-column justify-content-center align-items-center\">\n          <h4>Internal Grant<\/h4>                  <\/div>\n      <\/a>\n\n    \n            <a class=\"d-flex justify-content-center align-items-center positive fud-cta-typo-panel\" href=\"https:\/\/fud.ujep.cz\/en\/news\/school-of-doctoral-studies-in-humanities-and-art-2025\/\" title=\"school-of-doctoral-studies\" id=\"fud-cta-typo-panel-school-of-doctoral-studies\"\">\n        <div class=\"fud-cta-typo-inner d-flex flex-column justify-content-center align-items-center\">\n          <h4>School of Doctoral Studies<\/h4>                  <\/div>\n      <\/a>\n\n    \n            <a class=\"d-flex justify-content-center align-items-center positive fud-cta-typo-panel\" href=\"https:\/\/fud.ujep.cz\/aktualne\/stimulace-internacionalizace-2024\/\" title=\"internationalisation-grant\" id=\"fud-cta-typo-panel-internationalisation-grant\"\">\n        <div class=\"fud-cta-typo-inner d-flex flex-column justify-content-center align-items-center\">\n          <h4>Internationalisation Grant<\/h4>                  <\/div>\n      <\/a>\n\n    \n  <\/div>\n\n  \n\n<\/div>\n<\/div><\/div><\/div><div id=\"pgc-3245-0-1\"  class=\"panel-grid-cell\" ><div id=\"panel-3245-0-1-0\" class=\"so-panel widget widget_sow-fud-wp-posts widget-posts widget-fud-posts panel-first-child panel-last-child\" data-index=\"1\" ><div\n\t\t\t\n\t\t\tclass=\"so-widget-sow-fud-wp-posts so-widget-sow-fud-wp-posts-base\"\n\t\t\t\n\t\t><h3 class=\"widget-title\">Currant open-calls and competitions <small>(1\/21)<\/small><\/h3><div class=\"widget-posts wrapper-widget\"><div class=\"wrapper-posts columns-layout-2 masonry-grid\">\n    \t\t<!-- article -->\n    \t\t<article id=\"post-83948\" class=\"col-sm-6 col-xs-12 grid-item post-83948 post type-post status-publish format-standard has-post-thumbnail hentry category-news category-curatorial-studies\">\n      \n              <figure>\n                <a href=\"https:\/\/old.fud.ujep.cz\/en\/news\/past-told-future-held-a-doctoral-exhibition-by-petra-widzova\/\" title=\"Past Told, Future Held \u2013 A&nbsp;Doctoral Exhibition by Petra Wid\u017eov\u00e1\"><img src=\"https:\/\/old.fud.ujep.cz\/wp-content\/uploads\/2026\/03\/past-told-future-held-banner-1280x720.png\" alt=\"\" \/><\/a>\n              <\/figure>\n              <header>\n        <h2><a href=\"https:\/\/old.fud.ujep.cz\/en\/news\/past-told-future-held-a-doctoral-exhibition-by-petra-widzova\/\" title=\"Past Told, Future Held \u2013 A&nbsp;Doctoral Exhibition by Petra Wid\u017eov\u00e1\">Past Told, Future Held \u2013 A&nbsp;Doctoral Exhibition by Petra Wid\u017eov\u00e1<\/a><\/h2>\n      <\/header>\n    \t\t\t\t<main class=\"entry\">\n      <div class=\"post-content\"><p data-path-to-node=\"2\">We cordially invite you to the opening of the exhibition <i data-path-to-node=\"2\" data-index-in-node=\"57\">Past Told, Future Held<\/i>, which takes you behind the scenes of caring for artistic estates. The doctoral exhibition will open on March 12 at 6:00 PM&nbsp;at the Industra Gallery in Brno.<\/p>\n<\/div>\n          <div class=\"meta post-meta\">\n            <a href=\"https:\/\/old.fud.ujep.cz\/en\/news\/past-told-future-held-a-doctoral-exhibition-by-petra-widzova\/\" title=\"Past Told, Future Held \u2013 A&nbsp;Doctoral Exhibition by Petra Wid\u017eov\u00e1\">\u2192&nbsp;More<\/a>\n          <\/div>\n            <\/main>\n    \t\t<\/article>\n    \t\t<!-- \/article -->\n      \n    \t\t<!-- article -->\n    \t\t<article id=\"post-83946\" class=\"col-sm-6 col-xs-12 grid-item post-83946 post type-post status-publish format-standard has-post-thumbnail hentry category-news category-calendar category-celem-k-umeni-en\">\n      \n              <figure>\n                <a href=\"https:\/\/old.fud.ujep.cz\/en\/news\/facing-art-and-design-2-slavs-and-tatars\/\" title=\"Facing Art and Design #2 \/ Slavs and Tatars\"><img src=\"https:\/\/old.fud.ujep.cz\/wp-content\/uploads\/2026\/03\/cku-ls26-slavs-fb-1-1280x670.jpg\" alt=\"\" \/><\/a>\n              <\/figure>\n              <header>\n        <h2><a href=\"https:\/\/old.fud.ujep.cz\/en\/news\/facing-art-and-design-2-slavs-and-tatars\/\" title=\"Facing Art and Design #2 \/ Slavs and Tatars\">Facing Art and Design #2 \/ Slavs and Tatars<\/a><\/h2>\n      <\/header>\n    \t\t\t\t<main class=\"entry\">\n      <div class=\"post-content\"><p>We cordially invite you to the next lecture in the <i data-path-to-node=\"2\" data-index-in-node=\"51\">Facing Art and Design<\/i> series, this time featuring Slavs and Tatars! The lecture will take place on the final day of the <i data-path-to-node=\"2\" data-index-in-node=\"171\">Shared Existences<\/i> exhibition. It will be held at FUD UJEP in Auditorium No. 537.<\/p>\n<\/div>\n          <div class=\"meta post-meta\">\n            <a href=\"https:\/\/old.fud.ujep.cz\/en\/news\/facing-art-and-design-2-slavs-and-tatars\/\" title=\"Facing Art and Design #2 \/ Slavs and Tatars\">\u2192&nbsp;More<\/a>\n          <\/div>\n            <\/main>\n    \t\t<\/article>\n    \t\t<!-- \/article -->\n      \n    \t\t<!-- article -->\n    \t\t<article id=\"post-83919\" class=\"col-sm-6 col-xs-12 grid-item post-83919 post type-post status-publish format-standard hentry category-news category-open-call-en\">\n      <header>\n        <h2><a href=\"https:\/\/old.fud.ujep.cz\/en\/news\/1st-round-of-the-internal-grant-competition-of-fud-ujep-for-2026\/\" title=\"1st Round of the Internal Grant Competition of FUD UJEP for 2026\">1st Round of the Internal Grant Competition of FUD UJEP for 2026<\/a><\/h2>\n      <\/header>\n    \t\t\t\t<main class=\"entry\">\n      <div class=\"post-content\"><p>Announcement of Internal Grants of FUD UJEP for 2026.<\/p>\n<\/div>\n          <div class=\"meta post-meta\">\n            <a href=\"https:\/\/old.fud.ujep.cz\/en\/news\/1st-round-of-the-internal-grant-competition-of-fud-ujep-for-2026\/\" title=\"1st Round of the Internal Grant Competition of FUD UJEP for 2026\">\u2192&nbsp;More<\/a>\n          <\/div>\n            <\/main>\n    \t\t<\/article>\n    \t\t<!-- \/article -->\n      \n    \t\t<!-- article -->\n    \t\t<article id=\"post-83413\" class=\"col-sm-6 col-xs-12 grid-item post-83413 post type-post status-publish format-standard has-post-thumbnail hentry category-conferences\">\n      \n              <figure>\n                <a href=\"https:\/\/old.fud.ujep.cz\/en\/conferences\/we-invite-you-to-the-faculty-round-of-the-student-research-conference\/\" title=\"We invite you to the Faculty Round of the Student Research Conference\"><img src=\"https:\/\/old.fud.ujep.cz\/wp-content\/uploads\/2024\/11\/2015-budova-fud-foto-jirka-dvorak-1280x853.jpg\" alt=\"\" \/><\/a>\n              <\/figure>\n              <header>\n        <h2><a href=\"https:\/\/old.fud.ujep.cz\/en\/conferences\/we-invite-you-to-the-faculty-round-of-the-student-research-conference\/\" title=\"We invite you to the Faculty Round of the Student Research Conference\">We invite you to the Faculty Round of the Student Research Conference<\/a><\/h2>\n      <\/header>\n    \t\t\t\t<main class=\"entry\">\n      <div class=\"post-content\"><p>We cordially invite you to the faculty round of the Student Research Conference, where doctoral students of the Faculty of Art and Design will present their student projects.<\/p>\n<p>The conference will take place on <strong>Tuesday, 17 February 2026 at 10:00<\/strong> in <strong>the Lecture Hall 537<\/strong> at the Faculty of Art and Design at Jan Evangelista Purkyn\u011b University in \u00dast\u00ed nad Labem.<\/p>\n<\/div>\n          <div class=\"meta post-meta\">\n            <a href=\"https:\/\/old.fud.ujep.cz\/en\/conferences\/we-invite-you-to-the-faculty-round-of-the-student-research-conference\/\" title=\"We invite you to the Faculty Round of the Student Research Conference\">\u2192&nbsp;More<\/a>\n          <\/div>\n            <\/main>\n    \t\t<\/article>\n    \t\t<!-- \/article -->\n      \n    \t\t<!-- article -->\n    \t\t<article id=\"post-83695\" class=\"col-sm-6 col-xs-12 grid-item post-83695 post type-post status-publish format-standard has-post-thumbnail hentry category-news category-open-call-en category-fud-edition\">\n      <header>\n        <h2><a href=\"https:\/\/old.fud.ujep.cz\/en\/news\/call-for-the-submission-of-proposals-for-publication-to-be-supported-by-the-major-publishing-grant-for-2026\/\" title=\"Call for the Major Publishing Grant for 2026\">Call for the Major Publishing Grant for 2026<\/a><\/h2>\n      <\/header>\n    \t\t\t\t<main class=\"entry\">\n      <div class=\"post-content\"><p data-start=\"0\" data-end=\"119\">Dean of FUD UJEP Announces a&nbsp;Call for Proposals for Publication with Support from the Major Publishing Grant for 2026.<\/p>\n<\/div>\n          <div class=\"meta post-meta\">\n            <a href=\"https:\/\/old.fud.ujep.cz\/en\/news\/call-for-the-submission-of-proposals-for-publication-to-be-supported-by-the-major-publishing-grant-for-2026\/\" title=\"Call for the Major Publishing Grant for 2026\">\u2192&nbsp;More<\/a>\n          <\/div>\n            <\/main>\n    \t\t<\/article>\n    \t\t<!-- \/article -->\n      \n    \t\t<!-- article -->\n    \t\t<article id=\"post-83274\" class=\"col-sm-6 col-xs-12 grid-item post-83274 post type-post status-publish format-standard has-post-thumbnail hentry category-open-call-en category-news\">\n      <header>\n        <h2><a href=\"https:\/\/old.fud.ujep.cz\/en\/news\/we-are-announcing-an-open-call-for-two-residencies-in-paris-in-2026-deadline-february-12-2026\/\" title=\"We are announcing an open call for two residencies in Paris in 2026 \u2013 deadline extended to 02\/03\/2026!\">We are announcing an open call for two residencies in Paris in 2026 \u2013 deadline extended to 02\/03\/2026!<\/a><\/h2>\n      <\/header>\n    \t\t\t\t<main class=\"entry\">\n      <div class=\"post-content\"><p>The Faculty of Art and Design at Jan Evangelista Purkyn\u011b University in \u00dast\u00ed nad Labem (FUD UJEP) and the Cit\u00e9 internationale des arts in Paris have co-developed a&nbsp;research and creation residency programme dedicated to artists and curators from the FUD UJEP ecosystem.<\/p>\n<\/div>\n          <div class=\"meta post-meta\">\n            <a href=\"https:\/\/old.fud.ujep.cz\/en\/news\/we-are-announcing-an-open-call-for-two-residencies-in-paris-in-2026-deadline-february-12-2026\/\" title=\"We are announcing an open call for two residencies in Paris in 2026 \u2013 deadline extended to 02\/03\/2026!\">\u2192&nbsp;More<\/a>\n          <\/div>\n            <\/main>\n    \t\t<\/article>\n    \t\t<!-- \/article -->\n      \n    \t\t<!-- article -->\n    \t\t<article id=\"post-83376\" class=\"col-sm-6 col-xs-12 grid-item post-83376 post type-post status-publish format-standard has-post-thumbnail hentry category-news category-exhibitions category-calendar\">\n      <header>\n        <h2><a href=\"https:\/\/old.fud.ujep.cz\/en\/news\/zimni-sklizen-exhibition-of-finals-open-day-at-fud\/\" title=\"Zimn\u00ed sklize\u0148 exhibition of finals + Open day at FUD\">Zimn\u00ed sklize\u0148 exhibition of finals + Open day at FUD<\/a><\/h2>\n      <\/header>\n    \t\t\t\t<main class=\"entry\">\n      <div class=\"post-content\"><p>We are delighted to invite you to the exhibition of student semester projects at the Faculty of Art and Design (FUD UJEP), taking place from February 12 to February 14. An Open Day will also be held on February 12.<\/p>\n<\/div>\n          <div class=\"meta post-meta\">\n            <a href=\"https:\/\/old.fud.ujep.cz\/en\/news\/zimni-sklizen-exhibition-of-finals-open-day-at-fud\/\" title=\"Zimn\u00ed sklize\u0148 exhibition of finals + Open day at FUD\">\u2192&nbsp;More<\/a>\n          <\/div>\n            <\/main>\n    \t\t<\/article>\n    \t\t<!-- \/article -->\n      \n    \t\t<!-- article -->\n    \t\t<article id=\"post-82957\" class=\"col-sm-6 col-xs-12 grid-item post-82957 post type-post status-publish format-standard has-post-thumbnail hentry category-news\">\n      <header>\n        <h2><a href=\"https:\/\/old.fud.ujep.cz\/en\/news\/experiment-by-cast-iron\/\" title=\"Experiment by Cast Iron\">Experiment by Cast Iron<\/a><\/h2>\n      <\/header>\n    \t\t\t\t<main class=\"entry\">\n      <div class=\"post-content\"><p>\u201cExperiment by Cast Iron\u201d is an international symposium expanding on the momentum of its 2019 and 2021 editions. Between December 8 and 17, FUD UJEP will host a&nbsp;full program dedicated to the methods and possibilities of the material. The Studio of Natural Materials, in collaboration with educators and artists from the Czechia, Moravia, Slovakia, and the United States, will engage in processes associated with cast-iron art production.<\/p>\n<\/div>\n          <div class=\"meta post-meta\">\n            <a href=\"https:\/\/old.fud.ujep.cz\/en\/news\/experiment-by-cast-iron\/\" title=\"Experiment by Cast Iron\">\u2192&nbsp;More<\/a>\n          <\/div>\n            <\/main>\n    \t\t<\/article>\n    \t\t<!-- \/article -->\n      \n    \t\t<!-- article -->\n    \t\t<article id=\"post-82688\" class=\"col-sm-6 col-xs-12 grid-item post-82688 post type-post status-publish format-standard has-post-thumbnail hentry category-news category-exhibitions category-house-of-arts\">\n      <header>\n        <h2><a href=\"https:\/\/old.fud.ujep.cz\/en\/news\/new-exhibition-in-house-of-arts-usti-nad-labem-shared-existences\/\" title=\"New exhibition in House of Arts \u00dast\u00ed nad Labem: Shared existences\">New exhibition in House of Arts \u00dast\u00ed nad Labem: Shared existences<\/a><\/h2>\n      <\/header>\n    \t\t\t\t<main class=\"entry\">\n      <div class=\"post-content\"><p data-start=\"39\" data-end=\"293\">We warmly invite you to the opening of the international group exhibition <em data-start=\"113\" data-end=\"132\">Shared Existences<\/em>, which will take place on 10th December 2025 at 18:00. You are also welcome to join a&nbsp;guided tour with the exhibition\u2019s curator, Petra Wid\u017eov\u00e1, starting at 16:30.<\/p>\n<\/div>\n          <div class=\"meta post-meta\">\n            <a href=\"https:\/\/old.fud.ujep.cz\/en\/news\/new-exhibition-in-house-of-arts-usti-nad-labem-shared-existences\/\" title=\"New exhibition in House of Arts \u00dast\u00ed nad Labem: Shared existences\">\u2192&nbsp;More<\/a>\n          <\/div>\n            <\/main>\n    \t\t<\/article>\n    \t\t<!-- \/article -->\n      \n    <\/div>\n    <!-- end of wrapper-posts -->\n      <!-- archive link -->\n      <div class=\"archive-link col-xs-12\">\n        <a href=\"https:\/\/fud.ujep.cz\/category\/open-call\/\" class=\"button\" title=\"V\u00edce\">V\u00edce<\/a>\n      \n      <\/div>\n      <!-- end of archive link -->\n    <\/div>\n    <!-- end of widget-posts --><\/div><\/div><\/div><\/div><\/div>","protected":false},"excerpt":{"rendered":"","protected":false},"author":1,"featured_media":0,"parent":3219,"menu_order":0,"comment_status":"closed","ping_status":"closed","template":"","meta":{"ngg_post_thumbnail":0},"acf":[],"_links":{"self":[{"href":"https:\/\/old.fud.ujep.cz\/en\/wp-json\/wp\/v2\/pages\/3245"}],"collection":[{"href":"https:\/\/old.fud.ujep.cz\/en\/wp-json\/wp\/v2\/pages"}],"about":[{"href":"https:\/\/old.fud.ujep.cz\/en\/wp-json\/wp\/v2\/types\/page"}],"author":[{"embeddable":true,"href":"https:\/\/old.fud.ujep.cz\/en\/wp-json\/wp\/v2\/users\/1"}],"replies":[{"embeddable":true,"href":"https:\/\/old.fud.ujep.cz\/en\/wp-json\/wp\/v2\/comments?post=3245"}],"version-history":[{"count":0,"href":"https:\/\/old.fud.ujep.cz\/en\/wp-json\/wp\/v2\/pages\/3245\/revisions"}],"up":[{"embeddable":true,"href":"https:\/\/old.fud.ujep.cz\/en\/wp-json\/wp\/v2\/pages\/3219"}],"wp:attachment":[{"href":"https:\/\/old.fud.ujep.cz\/en\/wp-json\/wp\/v2\/media?parent=3245"}],"curies":[{"name":"wp","href":"https:\/\/api.w.org\/{rel}","templated":true}]}}