{"id":3114,"date":"2016-07-28T14:54:38","date_gmt":"2016-07-28T12:54:38","guid":{"rendered":"https:\/\/fud.ujep.cz\/faculty\/o-fakulte\/"},"modified":"2025-03-10T09:27:39","modified_gmt":"2025-03-10T07:27:39","slug":"about-faculty","status":"publish","type":"page","link":"https:\/\/old.fud.ujep.cz\/en\/faculty\/about-faculty\/","title":{"rendered":"About"},"content":{"rendered":"<div id=\"pl-3114\"  class=\"panel-layout\" ><div id=\"pg-3114-0\"  class=\"panel-grid panel-no-style\" ><div id=\"pgc-3114-0-0\"  class=\"panel-grid-cell\" ><div id=\"panel-3114-0-0-0\" class=\"so-panel widget widget_sow-editor panel-first-child panel-last-child\" data-index=\"0\" ><div\n\t\t\t\n\t\t\tclass=\"so-widget-sow-editor so-widget-sow-editor-base\"\n\t\t\t\n\t\t>\n<div class=\"siteorigin-widget-tinymce textwidget\">\n\t<h3><span style=\"font-weight: 400;\">FUD UJEP 2023\u20132027 \/ FUD UJEP 30+<\/span><\/h3>\n<p>The Faculty of Art and Design at the University of \u00dast\u00ed nad Labem is reaching a&nbsp;significant milestone in its \"coming of age.\" At the beautiful age of thirty, it is brimming with the strength to respond to changes and demands from the external environment, as well as to the dynamic development of the artistic and design scene in the third decade of the 21st century. All while maintaining respect and humility towards the traditional technologies and crafts from which it originally emerged.<\/p>\n<p>In a&nbsp;team process, members of the academic community are building a&nbsp;faculty that contributes to changing the perception of the necessity of art and culture as drivers of societal development. They moderate professional and outreach discussions on the current forms of fine arts, design, graphic design, curatorial practices, and creative industries. Additionally, they cultivate the local environment. Through their programmatic composition, they reflect the evolution of contemporary artistic trends. They consider technological advancements in their material and production capabilities and can flexibly respond to unforeseen challenges, including those originating outside their field of discourse.<\/p>\n<div id='gallery-1' class='gallery wp-gallery galleryid-3114 gallery-columns-3 gallery-size-thumbnail masonry-grid'><figure class='gallery-item grid-item'>\n            <div class='gallery-icon landscape'>\n                <a href='https:\/\/old.fud.ujep.cz\/wp-content\/uploads\/2023\/09\/dekanka-diplomky-2023.jpg'><img width=\"768\" height=\"480\" src=\"https:\/\/old.fud.ujep.cz\/wp-content\/uploads\/2023\/09\/dekanka-diplomky-2023-768x480.jpg\" class=\"attachment-thumbnail size-thumbnail\" alt=\"\" decoding=\"async\" loading=\"lazy\" \/><\/a>\n            <\/div><\/figure><figure class='gallery-item grid-item'>\n            <div class='gallery-icon landscape'>\n                <a href='https:\/\/old.fud.ujep.cz\/wp-content\/uploads\/2023\/09\/fud-diplomky-skupinovky-6.jpg'><img width=\"768\" height=\"480\" src=\"https:\/\/old.fud.ujep.cz\/wp-content\/uploads\/2023\/09\/fud-diplomky-skupinovky-6-768x480.jpg\" class=\"attachment-thumbnail size-thumbnail\" alt=\"\" decoding=\"async\" loading=\"lazy\" \/><\/a>\n            <\/div><\/figure><figure class='gallery-item grid-item'>\n            <div class='gallery-icon landscape'>\n                <a href='https:\/\/old.fud.ujep.cz\/wp-content\/uploads\/2023\/09\/fud-diplomky-zahajeni-23.jpeg'><img width=\"768\" height=\"480\" src=\"https:\/\/old.fud.ujep.cz\/wp-content\/uploads\/2023\/09\/fud-diplomky-zahajeni-23-768x480.jpeg\" class=\"attachment-thumbnail size-thumbnail\" alt=\"\" decoding=\"async\" loading=\"lazy\" \/><\/a>\n            <\/div><\/figure>\n        <\/div>\n\n<p>The world is changing, and the academic community of the faculty is more aware than ever that it is necessary to shake up the internal environment in line with the needs of the current generation of students and the demands of the present. With respect to the values and foundations laid by previous generations of educators, the faculty will be represented by new leadership until 2027. This leadership considers in its intentions the contemporary view of the fluidity, interdisciplinary nature, and speculative character of creative disciplines.<\/p>\n<p>The term \"design\" at the \u00dasti School traditionally includes the field of authorial creation, which takes into account the aesthetic as well as the utilitarian value of the created artifact. Whether it is interior design, functional objects, projects at the intersection of material research and fine art, or the broad field of graphic design and visual communication. However, the Faculty of Arts and Design is fully aware that the 21st century brings further expansion of \"design\" towards design significantly influenced by digital technologies. This includes areas such as information design, social media and application design, game design, social design, or environmentally sustainable design. These do not stand in contrast to classical materials and production methods but are further developed and enriched alongside digital prototyping tools, machine learning, or the use of nanomaterials and innovative technological processes.<\/p>\n<div id='gallery-2' class='gallery wp-gallery galleryid-3114 gallery-columns-3 gallery-size-thumbnail masonry-grid'><figure class='gallery-item grid-item'>\n            <div class='gallery-icon portrait'>\n                <a href='https:\/\/old.fud.ujep.cz\/wp-content\/uploads\/2023\/09\/designblok-dokumentace-2022-fullres-jpeg-3.jpg'><img width=\"768\" height=\"480\" src=\"https:\/\/old.fud.ujep.cz\/wp-content\/uploads\/2023\/09\/designblok-dokumentace-2022-fullres-jpeg-3-768x480.jpg\" class=\"attachment-thumbnail size-thumbnail\" alt=\"\" decoding=\"async\" loading=\"lazy\" \/><\/a>\n            <\/div><\/figure><figure class='gallery-item grid-item'>\n            <div class='gallery-icon portrait'>\n                <a href='https:\/\/old.fud.ujep.cz\/wp-content\/uploads\/2023\/09\/fud-diplomky-pripravy-05-20-23-14.jpg'><img width=\"768\" height=\"480\" src=\"https:\/\/old.fud.ujep.cz\/wp-content\/uploads\/2023\/09\/fud-diplomky-pripravy-05-20-23-14-768x480.jpg\" class=\"attachment-thumbnail size-thumbnail\" alt=\"\" decoding=\"async\" loading=\"lazy\" \/><\/a>\n            <\/div><\/figure><figure class='gallery-item grid-item'>\n            <div class='gallery-icon landscape'>\n                <a href='https:\/\/old.fud.ujep.cz\/wp-content\/uploads\/2023\/09\/fud-klauzury-obhajoby01.jpeg'><img width=\"768\" height=\"480\" src=\"https:\/\/old.fud.ujep.cz\/wp-content\/uploads\/2023\/09\/fud-klauzury-obhajoby01-768x480.jpeg\" class=\"attachment-thumbnail size-thumbnail\" alt=\"\" decoding=\"async\" loading=\"lazy\" \/><\/a>\n            <\/div><\/figure>\n        <\/div>\n\n<p>In the field of fine arts at the Usti faculty, there is a&nbsp;progressive and, compared to other art schools in the Czech Republic, unusually close and intensively integrated with digital technologies and various forms of \"technical image.\" However, similar to the development in the design field, including graphic design and visual communication, teaching and creation in the Fine Art program humbly straddle between more traditional positions and current trends. This includes interdisciplinary overlaps towards sound art, action or object art, and various forms of media, such as elements of gamification, augmented or virtual reality, and evolving forms of authorship. In the context of discussions about the status of artists and the general need for artists in society, the faculty stimulates debates about current trends in artistic creation. It also programmatically develops students' creative thinking and self-expression at all levels of study to enable them to respond flexibly to new stimuli and creatively solve emerging problems in the future.<\/p>\n<p>The almost immediate appreciation and the possibility of promoting high-quality student art pieces from a&nbsp;partially closed academic environment to the open professional exhibition scene are facilitated by the existence of the Curatorial Studies program and the potential, even desirable, interdisciplinary communication among students from different study programs. For the purpose of professionally presenting fine art works and design projects, the faculty has its own above-standard gallery facilities and collaborates with various other exhibition institutions. The faculty welcomes the formation of community student initiatives, creative activities, and, through internal grant support, contributes to their realization.<\/p>\n<div id='gallery-3' class='gallery wp-gallery galleryid-3114 gallery-columns-3 gallery-size-thumbnail masonry-grid'><figure class='gallery-item grid-item'>\n            <div class='gallery-icon landscape'>\n                <a href='https:\/\/old.fud.ujep.cz\/wp-content\/uploads\/2023\/09\/verni-1.jpg'><img width=\"768\" height=\"480\" src=\"https:\/\/old.fud.ujep.cz\/wp-content\/uploads\/2023\/09\/verni-1-768x480.jpg\" class=\"attachment-thumbnail size-thumbnail\" alt=\"\" decoding=\"async\" loading=\"lazy\" \/><\/a>\n            <\/div><\/figure><figure class='gallery-item grid-item'>\n            <div class='gallery-icon landscape'>\n                <a href='https:\/\/old.fud.ujep.cz\/wp-content\/uploads\/2023\/09\/verni-64.jpg'><img width=\"768\" height=\"480\" src=\"https:\/\/old.fud.ujep.cz\/wp-content\/uploads\/2023\/09\/verni-64-768x480.jpg\" class=\"attachment-thumbnail size-thumbnail\" alt=\"\" decoding=\"async\" loading=\"lazy\" \/><\/a>\n            <\/div><\/figure><figure class='gallery-item grid-item'>\n            <div class='gallery-icon landscape'>\n                <a href='https:\/\/old.fud.ujep.cz\/wp-content\/uploads\/2023\/09\/fud-embassy-zahajeni-17.jpg'><img width=\"768\" height=\"480\" src=\"https:\/\/old.fud.ujep.cz\/wp-content\/uploads\/2023\/09\/fud-embassy-zahajeni-17-768x480.jpg\" class=\"attachment-thumbnail size-thumbnail\" alt=\"\" decoding=\"async\" loading=\"lazy\" \/><\/a>\n            <\/div><\/figure>\n        <\/div>\n\n<p>The faculty strives to stimulate regional pride while also undeniably operating in a&nbsp;national context and establishing strong international partnerships with opportunities for joint prestigious creative and research projects. It organizes international exchange residencies, including foreign scholarship stays for graduates.<\/p>\n<p>The heads and assistants of individual studios, along with other educators at the Faculty of Art and Design, endeavor to guide students toward critical understanding, sensitivity, refinement, professionalism, and a&nbsp;passion for the most beautiful field of human activity in the world. They strive to meet the individual needs of students to the greatest extent possible, approaching each student with respect for their abilities and skills, while expecting an appropriate response, a&nbsp;desire for education, and a&nbsp;willingness to further develop. Thanks to all of this, \u00dast\u00ed nad Labem appears as an ideal place to start a&nbsp;creative career, with high-quality production and exhibition infrastructure, as well as opportunities for creative work in a&nbsp;city that is not expensive, not far from Prague, and has excellent accessibility to Germany.<\/p>\n<p style=\"text-align: right;\"><strong>Zdena Kole\u010dkov\u00e1, Dean of the Faculty<\/strong><\/p>\n<\/div>\n<\/div><\/div><\/div><div id=\"pgc-3114-0-1\"  class=\"panel-grid-cell\" ><div id=\"panel-3114-0-1-0\" class=\"so-panel widget widget_sow-editor panel-first-child\" data-index=\"1\" ><div\n\t\t\t\n\t\t\tclass=\"so-widget-sow-editor so-widget-sow-editor-base\"\n\t\t\t\n\t\t>\n<div class=\"siteorigin-widget-tinymce textwidget\">\n\t<p><img decoding=\"async\" loading=\"lazy\" class=\"alignnone wp-image-2196 size-full\" src=\"https:\/\/fud.ujep.cz\/wp\/wp-content\/uploads\/2016\/07\/fud_11.jpeg\" alt=\"fud-11\" width=\"899\" height=\"379\" \/><\/p>\n<\/div>\n<\/div><\/div><div id=\"panel-3114-0-1-1\" class=\"so-panel widget widget_sow-editor\" data-index=\"2\" ><div\n\t\t\t\n\t\t\tclass=\"so-widget-sow-editor so-widget-sow-editor-base\"\n\t\t\t\n\t\t><h3 class=\"widget-title\">History<\/h3>\n<div class=\"siteorigin-widget-tinymce textwidget\">\n\t<p>1992&nbsp;\u2013 Glass studio opened at the Department of Art Education at the Faculty of Education of JEPU under the direction of Assoc. Prof. Pavel Mizera, Academic Sculptor.<br \/>\n1993&nbsp;\u2013 Institute of Art Culture established and led by Assoc. Prof. Pavel Jarkovsk\u00fd, Academic Sculptor.<br \/>\n1993&nbsp;\u2013 Ceramic and Porcelain Studio opened.<br \/>\n1994 \u2013 Natural materials, photography, graphic design and textile production Studios opened.<br \/>\n1997 \u2013 Assoc. Prof. Vladim\u00edr \u0160vec, Academic Painter, became director of the Institute of Art Culture.<br \/>\n1997&nbsp;\u2013 Studio of Applied Graphics opened.<br \/>\n2000 \u2013 Faculty of Applied Art and Design founded. Assoc. Prof. Vladim\u00edr \u0160vec, Academic Painter, becoming its Dean.<br \/>\n2002&nbsp;\u2013 Digital Media Studio opened.<br \/>\n2003&nbsp;\u2013 Faculty started teaching master courses.<br \/>\n2004 \u2013 Faculty renamed to the Faculty of Art and Design.<br \/>\n2005&nbsp;\u2013 Studios of Interior Design, Product Design, and Visual Design opened.<br \/>\n2006&nbsp;\u2013 Applied and Advertising Photography Studio opened.<br \/>\n2007 \u2013 Assoc. Prof. Mgr. Michal Kole\u010dek, Ph.D. appointed Dean.<br \/>\n2007&nbsp;\u2013 A&nbsp;master\u2019s degree course in curatorial studies opened.<br \/>\n2007&nbsp;\u2013 Master\u2019s degree course in photography and time-based media taught in English and the Photography Studio opened.<br \/>\n2008 \u2013 Doctoral study program in the field of visual communication launched.<br \/>\n2008 \u2013 The Performance Studio opened.<br \/>\n2008&nbsp;\u2013 <em>Image, Communication, Function Style, Concept<\/em> exhibition held at the Modern and Contemporary Art Collection, National Gallery in Prague.<br \/>\n2009&nbsp;\u2013 Time-Based Media Studio opened.<br \/>\n2012 \u2013 P\u0159edlice Incubator at the premises of Armaturka in \u00dast\u00ed begins its operation.<br \/>\n2013&nbsp;\u2013 Accreditation for habilitation and professorship procedures obtained.<br \/>\n2015 \u2013 Assoc. Prof. Mgr. A. Pavel Mrkus appointed Dean.<br \/>\n2016&nbsp;\u2013 Faculty establishes \u00dast\u00ed nad Labem Art House exhibition hall.<br \/>\n2023 \u2013 Prof. Mgr. Zdena Kole\u010dkov\u00e1, Ph.D. appointed Dean.<\/p>\n<\/div>\n<\/div><\/div><div id=\"panel-3114-0-1-2\" class=\"so-panel widget widget_sow-editor\" data-index=\"3\" ><div\n\t\t\t\n\t\t\tclass=\"so-widget-sow-editor so-widget-sow-editor-base\"\n\t\t\t\n\t\t><h3 class=\"widget-title\">Faculty Management<\/h3>\n<div class=\"siteorigin-widget-tinymce textwidget\">\n\t<table>\n<tbody>\n<tr style=\"height: 19px;\">\n<td style=\"height: 19px; width: 50%;\"><strong>Dean<\/strong><\/td>\n<td style=\"height: 19px; width: 50%;\"><a href=\"https:\/\/fud.ujep.cz\/en\/lide\/zdena-koleckova\/\">Prof. Mgr. Zdena Kole\u010dkov\u00e1, Ph.D.<\/a><\/td>\n<\/tr>\n<tr style=\"height: 19px;\">\n<td style=\"height: 19px;\"><strong>Vice-Dean for Study<\/strong><\/td>\n<td style=\"height: 19px;\"><a href=\"javascript:DeCryptX('0m3l2e2j3d1f1m3d0.0t0h2g0l2g3q3r0v3d1A0u2l0e3s1\/0c0z')\" target=\"_blank\" rel=\"noopener\">Assoc. Prof. Mgr. Michaela Thelenov\u00e1<\/a><\/td>\n<\/tr>\n<tr style=\"height: 19px;\">\n<td style=\"height: 19px;\"><strong>Vice-Dean for External Relations and Internationalization&nbsp;<\/strong><\/td>\n<td style=\"height: 19px;\"><a href=\"https:\/\/fud.ujep.cz\/en\/lide\/david-korinek\/\">Prof. Mgr. David Ko\u0159\u00ednek<\/a><\/td>\n<\/tr>\n<tr style=\"height: 19px;\">\n<td style=\"height: 19px;\"><strong>Vice-Dean for Development<\/strong><\/td>\n<td style=\"height: 19px;\"><a href=\"https:\/\/fud.ujep.cz\/en\/lide\/ales-loziak\/\">MgA. Ale\u0161 Loziak, Ph.D.<\/a><\/td>\n<\/tr>\n<tr style=\"height: 19px;\">\n<td style=\"height: 19px;\"><strong>Vice-Dean for Science, Research and Creative Work<\/strong><\/td>\n<td style=\"height: 19px;\"><a href=\"https:\/\/fud.ujep.cz\/en\/lide\/michal-kolecek\/\">Prof. Mgr. Michal Kole\u010dek, Ph.D.<\/a><\/td>\n<\/tr>\n<\/tbody>\n<\/table>\n<\/div>\n<\/div><\/div><div id=\"panel-3114-0-1-3\" class=\"so-panel widget widget_sow-editor panel-last-child\" data-index=\"4\" ><div\n\t\t\t\n\t\t\tclass=\"so-widget-sow-editor so-widget-sow-editor-base\"\n\t\t\t\n\t\t><h3 class=\"widget-title\">Departments<\/h3>\n<div class=\"siteorigin-widget-tinymce textwidget\">\n\t<table>\n<tbody>\n<tr style=\"height: 19px;\">\n<td style=\"height: 19px; width: 50%;\"><strong>Department of History and Theory of Arts<\/strong><\/td>\n<td style=\"height: 19px; width: 50%;\">MgA.&nbsp;Ad\u00e9la Machov\u00e1,&nbsp;Ph.D.<\/td>\n<\/tr>\n<tr style=\"height: 19px;\">\n<td style=\"height: 19px;\"><strong>Department of Art Practice&nbsp; &nbsp; &nbsp; &nbsp; &nbsp; &nbsp; &nbsp;&nbsp;<\/strong><\/td>\n<td style=\"height: 19px;\">MgA. Lenka Kahuda Kloko\u010dkov\u00e1, MA, Ph.D.<\/td>\n<\/tr>\n<tr style=\"height: 19px;\">\n<td style=\"height: 19px;\"><strong>Department of Design<\/strong><\/td>\n<td style=\"height: 19px;\">MgA. Jan C. L\u00f6bl, Ph.D.<\/td>\n<\/tr>\n<tr style=\"height: 19px;\">\n<td style=\"height: 19px;\"><strong>Department of Fine Art<\/strong><\/td>\n<td style=\"height: 19px;\">MgA. Zden\u011bk Svejkovsk\u00fd, Ph.D.<\/td>\n<\/tr>\n<tr>\n<td><strong>Department of Visual Communication<\/strong><\/td>\n<td>MgA. Michaela Labudov\u00e1, Ph.D.<\/td>\n<\/tr>\n<\/tbody>\n<\/table>\n<\/div>\n<\/div><\/div><\/div><\/div><\/div>","protected":false},"excerpt":{"rendered":"<p>FUD UJEP 2023\u20132027 \/ FUD UJEP 30+ The Faculty of Art and Design at the University of \u00dast\u00ed nad Labem is reaching a&nbsp;significant milestone in its &#8220;coming of age.&#8221; At the beautiful age of thirty, it is brimming with the strength to respond to changes and demands from the external environment, as well as [&hellip;]<\/p>\n","protected":false},"author":1,"featured_media":0,"parent":3112,"menu_order":0,"comment_status":"closed","ping_status":"closed","template":"","meta":{"ngg_post_thumbnail":0},"acf":[],"_links":{"self":[{"href":"https:\/\/old.fud.ujep.cz\/en\/wp-json\/wp\/v2\/pages\/3114"}],"collection":[{"href":"https:\/\/old.fud.ujep.cz\/en\/wp-json\/wp\/v2\/pages"}],"about":[{"href":"https:\/\/old.fud.ujep.cz\/en\/wp-json\/wp\/v2\/types\/page"}],"author":[{"embeddable":true,"href":"https:\/\/old.fud.ujep.cz\/en\/wp-json\/wp\/v2\/users\/1"}],"replies":[{"embeddable":true,"href":"https:\/\/old.fud.ujep.cz\/en\/wp-json\/wp\/v2\/comments?post=3114"}],"version-history":[{"count":0,"href":"https:\/\/old.fud.ujep.cz\/en\/wp-json\/wp\/v2\/pages\/3114\/revisions"}],"up":[{"embeddable":true,"href":"https:\/\/old.fud.ujep.cz\/en\/wp-json\/wp\/v2\/pages\/3112"}],"wp:attachment":[{"href":"https:\/\/old.fud.ujep.cz\/en\/wp-json\/wp\/v2\/media?parent=3114"}],"curies":[{"name":"wp","href":"https:\/\/api.w.org\/{rel}","templated":true}]}}