{"id":3061,"date":"2016-10-03T19:09:39","date_gmt":"2016-10-03T17:09:39","guid":{"rendered":"https:\/\/fud.ujep.cz\/zamestnanec\/"},"modified":"2022-02-18T11:18:22","modified_gmt":"2022-02-18T09:18:22","slug":"employee","status":"publish","type":"page","link":"https:\/\/old.fud.ujep.cz\/en\/employee\/","title":{"rendered":"Employee"},"content":{"rendered":"<div id=\"pl-3061\"  class=\"panel-layout\" ><div id=\"pg-3061-0\"  class=\"panel-grid panel-no-style\" ><div id=\"pgc-3061-0-0\"  class=\"panel-grid-cell\" ><div id=\"panel-3061-0-0-0\" class=\"so-panel widget widget_sow-fud-wp-posts widget-posts widget-fud-posts panel-first-child panel-last-child\" data-index=\"0\" ><div\n\t\t\t\n\t\t\tclass=\"so-widget-sow-fud-wp-posts so-widget-sow-fud-wp-posts-base\"\n\t\t\t\n\t\t><div class=\"widget-posts wrapper-widget\"><div class=\"wrapper-posts columns-layout-2 masonry-grid\">\n    \t\t<!-- article -->\n    \t\t<article id=\"post-83948\" class=\"col-sm-6 col-xs-12 grid-item post-83948 post type-post status-publish format-standard has-post-thumbnail hentry category-news category-curatorial-studies\">\n      \n              <figure>\n                <a href=\"https:\/\/old.fud.ujep.cz\/en\/news\/past-told-future-held-a-doctoral-exhibition-by-petra-widzova\/\" title=\"Past Told, Future Held \u2013 A&nbsp;Doctoral Exhibition by Petra Wid\u017eov\u00e1\"><img src=\"https:\/\/old.fud.ujep.cz\/wp-content\/uploads\/2026\/03\/past-told-future-held-banner-1280x720.png\" alt=\"\" \/><\/a>\n              <\/figure>\n              <header>\n        <h2><a href=\"https:\/\/old.fud.ujep.cz\/en\/news\/past-told-future-held-a-doctoral-exhibition-by-petra-widzova\/\" title=\"Past Told, Future Held \u2013 A&nbsp;Doctoral Exhibition by Petra Wid\u017eov\u00e1\">Past Told, Future Held \u2013 A&nbsp;Doctoral Exhibition by Petra Wid\u017eov\u00e1<\/a><\/h2>\n      <\/header>\n    \t\t\t\t<main class=\"entry\">\n      <div class=\"post-content\"><p data-path-to-node=\"2\">We cordially invite you to the opening of the exhibition <i data-path-to-node=\"2\" data-index-in-node=\"57\">Past Told, Future Held<\/i>, which takes you behind the scenes of caring for artistic estates. The doctoral exhibition will open on March 12 at 6:00 PM&nbsp;at the Industra Gallery in Brno.<\/p>\n<\/div>\n          <div class=\"meta post-meta\">\n            <a href=\"https:\/\/old.fud.ujep.cz\/en\/news\/past-told-future-held-a-doctoral-exhibition-by-petra-widzova\/\" title=\"Past Told, Future Held \u2013 A&nbsp;Doctoral Exhibition by Petra Wid\u017eov\u00e1\">\u2192&nbsp;More<\/a>\n          <\/div>\n            <\/main>\n    \t\t<\/article>\n    \t\t<!-- \/article -->\n      \n    \t\t<!-- article -->\n    \t\t<article id=\"post-83946\" class=\"col-sm-6 col-xs-12 grid-item post-83946 post type-post status-publish format-standard has-post-thumbnail hentry category-news category-calendar category-celem-k-umeni-en\">\n      \n              <figure>\n                <a href=\"https:\/\/old.fud.ujep.cz\/en\/news\/facing-art-and-design-2-slavs-and-tatars\/\" title=\"Facing Art and Design #2 \/ Slavs and Tatars\"><img src=\"https:\/\/old.fud.ujep.cz\/wp-content\/uploads\/2026\/03\/cku-ls26-slavs-fb-1-1280x670.jpg\" alt=\"\" \/><\/a>\n              <\/figure>\n              <header>\n        <h2><a href=\"https:\/\/old.fud.ujep.cz\/en\/news\/facing-art-and-design-2-slavs-and-tatars\/\" title=\"Facing Art and Design #2 \/ Slavs and Tatars\">Facing Art and Design #2 \/ Slavs and Tatars<\/a><\/h2>\n      <\/header>\n    \t\t\t\t<main class=\"entry\">\n      <div class=\"post-content\"><p>We cordially invite you to the next lecture in the <i data-path-to-node=\"2\" data-index-in-node=\"51\">Facing Art and Design<\/i> series, this time featuring Slavs and Tatars! The lecture will take place on the final day of the <i data-path-to-node=\"2\" data-index-in-node=\"171\">Shared Existences<\/i> exhibition. It will be held at FUD UJEP in Auditorium No. 537.<\/p>\n<\/div>\n          <div class=\"meta post-meta\">\n            <a href=\"https:\/\/old.fud.ujep.cz\/en\/news\/facing-art-and-design-2-slavs-and-tatars\/\" title=\"Facing Art and Design #2 \/ Slavs and Tatars\">\u2192&nbsp;More<\/a>\n          <\/div>\n            <\/main>\n    \t\t<\/article>\n    \t\t<!-- \/article -->\n      \n    \t\t<!-- article -->\n    \t\t<article id=\"post-83919\" class=\"col-sm-6 col-xs-12 grid-item post-83919 post type-post status-publish format-standard hentry category-news category-open-call-en\">\n      <header>\n        <h2><a href=\"https:\/\/old.fud.ujep.cz\/en\/news\/1st-round-of-the-internal-grant-competition-of-fud-ujep-for-2026\/\" title=\"1st Round of the Internal Grant Competition of FUD UJEP for 2026\">1st Round of the Internal Grant Competition of FUD UJEP for 2026<\/a><\/h2>\n      <\/header>\n    \t\t\t\t<main class=\"entry\">\n      <div class=\"post-content\"><p>Announcement of Internal Grants of FUD UJEP for 2026.<\/p>\n<\/div>\n          <div class=\"meta post-meta\">\n            <a href=\"https:\/\/old.fud.ujep.cz\/en\/news\/1st-round-of-the-internal-grant-competition-of-fud-ujep-for-2026\/\" title=\"1st Round of the Internal Grant Competition of FUD UJEP for 2026\">\u2192&nbsp;More<\/a>\n          <\/div>\n            <\/main>\n    \t\t<\/article>\n    \t\t<!-- \/article -->\n      \n    \t\t<!-- article -->\n    \t\t<article id=\"post-83413\" class=\"col-sm-6 col-xs-12 grid-item post-83413 post type-post status-publish format-standard has-post-thumbnail hentry category-conferences\">\n      \n              <figure>\n                <a href=\"https:\/\/old.fud.ujep.cz\/en\/conferences\/we-invite-you-to-the-faculty-round-of-the-student-research-conference\/\" title=\"We invite you to the Faculty Round of the Student Research Conference\"><img src=\"https:\/\/old.fud.ujep.cz\/wp-content\/uploads\/2024\/11\/2015-budova-fud-foto-jirka-dvorak-1280x853.jpg\" alt=\"\" \/><\/a>\n              <\/figure>\n              <header>\n        <h2><a href=\"https:\/\/old.fud.ujep.cz\/en\/conferences\/we-invite-you-to-the-faculty-round-of-the-student-research-conference\/\" title=\"We invite you to the Faculty Round of the Student Research Conference\">We invite you to the Faculty Round of the Student Research Conference<\/a><\/h2>\n      <\/header>\n    \t\t\t\t<main class=\"entry\">\n      <div class=\"post-content\"><p>We cordially invite you to the faculty round of the Student Research Conference, where doctoral students of the Faculty of Art and Design will present their student projects.<\/p>\n<p>The conference will take place on <strong>Tuesday, 17 February 2026 at 10:00<\/strong> in <strong>the Lecture Hall 537<\/strong> at the Faculty of Art and Design at Jan Evangelista Purkyn\u011b University in \u00dast\u00ed nad Labem.<\/p>\n<\/div>\n          <div class=\"meta post-meta\">\n            <a href=\"https:\/\/old.fud.ujep.cz\/en\/conferences\/we-invite-you-to-the-faculty-round-of-the-student-research-conference\/\" title=\"We invite you to the Faculty Round of the Student Research Conference\">\u2192&nbsp;More<\/a>\n          <\/div>\n            <\/main>\n    \t\t<\/article>\n    \t\t<!-- \/article -->\n      \n    \t\t<!-- article -->\n    \t\t<article id=\"post-83695\" class=\"col-sm-6 col-xs-12 grid-item post-83695 post type-post status-publish format-standard has-post-thumbnail hentry category-news category-open-call-en category-fud-edition\">\n      <header>\n        <h2><a href=\"https:\/\/old.fud.ujep.cz\/en\/news\/call-for-the-submission-of-proposals-for-publication-to-be-supported-by-the-major-publishing-grant-for-2026\/\" title=\"Call for the Major Publishing Grant for 2026\">Call for the Major Publishing Grant for 2026<\/a><\/h2>\n      <\/header>\n    \t\t\t\t<main class=\"entry\">\n      <div class=\"post-content\"><p data-start=\"0\" data-end=\"119\">Dean of FUD UJEP Announces a&nbsp;Call for Proposals for Publication with Support from the Major Publishing Grant for 2026.<\/p>\n<\/div>\n          <div class=\"meta post-meta\">\n            <a href=\"https:\/\/old.fud.ujep.cz\/en\/news\/call-for-the-submission-of-proposals-for-publication-to-be-supported-by-the-major-publishing-grant-for-2026\/\" title=\"Call for the Major Publishing Grant for 2026\">\u2192&nbsp;More<\/a>\n          <\/div>\n            <\/main>\n    \t\t<\/article>\n    \t\t<!-- \/article -->\n      \n    \t\t<!-- article -->\n    \t\t<article id=\"post-83274\" class=\"col-sm-6 col-xs-12 grid-item post-83274 post type-post status-publish format-standard has-post-thumbnail hentry category-news category-open-call-en\">\n      <header>\n        <h2><a href=\"https:\/\/old.fud.ujep.cz\/en\/news\/we-are-announcing-an-open-call-for-two-residencies-in-paris-in-2026-deadline-february-12-2026\/\" title=\"We are announcing an open call for two residencies in Paris in 2026 \u2013 deadline extended to 02\/03\/2026!\">We are announcing an open call for two residencies in Paris in 2026 \u2013 deadline extended to 02\/03\/2026!<\/a><\/h2>\n      <\/header>\n    \t\t\t\t<main class=\"entry\">\n      <div class=\"post-content\"><p>The Faculty of Art and Design at Jan Evangelista Purkyn\u011b University in \u00dast\u00ed nad Labem (FUD UJEP) and the Cit\u00e9 internationale des arts in Paris have co-developed a&nbsp;research and creation residency programme dedicated to artists and curators from the FUD UJEP ecosystem.<\/p>\n<\/div>\n          <div class=\"meta post-meta\">\n            <a href=\"https:\/\/old.fud.ujep.cz\/en\/news\/we-are-announcing-an-open-call-for-two-residencies-in-paris-in-2026-deadline-february-12-2026\/\" title=\"We are announcing an open call for two residencies in Paris in 2026 \u2013 deadline extended to 02\/03\/2026!\">\u2192&nbsp;More<\/a>\n          <\/div>\n            <\/main>\n    \t\t<\/article>\n    \t\t<!-- \/article -->\n      \n    \t\t<!-- article -->\n    \t\t<article id=\"post-83376\" class=\"col-sm-6 col-xs-12 grid-item post-83376 post type-post status-publish format-standard has-post-thumbnail hentry category-news category-exhibitions category-calendar\">\n      <header>\n        <h2><a href=\"https:\/\/old.fud.ujep.cz\/en\/news\/zimni-sklizen-exhibition-of-finals-open-day-at-fud\/\" title=\"Zimn\u00ed sklize\u0148 exhibition of finals + Open day at FUD\">Zimn\u00ed sklize\u0148 exhibition of finals + Open day at FUD<\/a><\/h2>\n      <\/header>\n    \t\t\t\t<main class=\"entry\">\n      <div class=\"post-content\"><p>We are delighted to invite you to the exhibition of student semester projects at the Faculty of Art and Design (FUD UJEP), taking place from February 12 to February 14. An Open Day will also be held on February 12.<\/p>\n<\/div>\n          <div class=\"meta post-meta\">\n            <a href=\"https:\/\/old.fud.ujep.cz\/en\/news\/zimni-sklizen-exhibition-of-finals-open-day-at-fud\/\" title=\"Zimn\u00ed sklize\u0148 exhibition of finals + Open day at FUD\">\u2192&nbsp;More<\/a>\n          <\/div>\n            <\/main>\n    \t\t<\/article>\n    \t\t<!-- \/article -->\n      \n    \t\t<!-- article -->\n    \t\t<article id=\"post-82957\" class=\"col-sm-6 col-xs-12 grid-item post-82957 post type-post status-publish format-standard has-post-thumbnail hentry category-news\">\n      <header>\n        <h2><a href=\"https:\/\/old.fud.ujep.cz\/en\/news\/experiment-by-cast-iron\/\" title=\"Experiment by Cast Iron\">Experiment by Cast Iron<\/a><\/h2>\n      <\/header>\n    \t\t\t\t<main class=\"entry\">\n      <div class=\"post-content\"><p>\u201cExperiment by Cast Iron\u201d is an international symposium expanding on the momentum of its 2019 and 2021 editions. Between December 8 and 17, FUD UJEP will host a&nbsp;full program dedicated to the methods and possibilities of the material. The Studio of Natural Materials, in collaboration with educators and artists from the Czechia, Moravia, Slovakia, and the United States, will engage in processes associated with cast-iron art production.<\/p>\n<\/div>\n          <div class=\"meta post-meta\">\n            <a href=\"https:\/\/old.fud.ujep.cz\/en\/news\/experiment-by-cast-iron\/\" title=\"Experiment by Cast Iron\">\u2192&nbsp;More<\/a>\n          <\/div>\n            <\/main>\n    \t\t<\/article>\n    \t\t<!-- \/article -->\n      \n    <\/div>\n    <!-- end of wrapper-posts -->\n      <!-- archive link -->\n      <div class=\"archive-link col-xs-12\">\n        <a href=\"\" class=\"button\" title=\"V\u00edce\">V\u00edce<\/a>\n      \n      <\/div>\n      <!-- end of archive link -->\n    <\/div>\n    <!-- end of widget-posts --><\/div><\/div><\/div><div id=\"pgc-3061-0-1\"  class=\"panel-grid-cell\" ><div id=\"panel-3061-0-1-0\" class=\"so-panel widget widget_siteorigin-panels-builder panel-first-child\" data-index=\"1\" ><div id=\"pl-w620f645e56013\"  class=\"panel-layout\" ><div id=\"pg-w620f645e56013-0\"  class=\"panel-grid panel-no-style\" ><div id=\"pgc-w620f645e56013-0-0\"  class=\"panel-grid-cell\" ><div id=\"panel-w620f645e56013-0-0-0\" class=\"so-panel widget widget_sow-editor panel-first-child panel-last-child\" data-index=\"0\" ><div\n\t\t\t\n\t\t\tclass=\"so-widget-sow-editor so-widget-sow-editor-base\"\n\t\t\t\n\t\t><h3 class=\"widget-title\">Fleet Vehicle<\/h3>\n<div class=\"siteorigin-widget-tinymce textwidget\">\n\t<p><a title=\"Fleet vehicle FAD UJEP\" href=\"https:\/\/calendar.google.com\/calendar\/embed?src=fud.ujep9%40gmail.com&amp;ctz=Europe%2FPrague\" target=\"_blank\" rel=\"noopener\">Fleet vehicle<\/a><\/p>\n<p>For a&nbsp;car reservation please contact the secretary.&nbsp;<\/p>\n<\/div>\n<\/div><\/div><\/div><div id=\"pgc-w620f645e56013-0-1\"  class=\"panel-grid-cell\" ><div id=\"panel-w620f645e56013-0-1-0\" class=\"so-panel widget widget_sow-editor panel-first-child panel-last-child\" data-index=\"1\" ><div\n\t\t\t\n\t\t\tclass=\"so-widget-sow-editor so-widget-sow-editor-base\"\n\t\t\t\n\t\t><h3 class=\"widget-title\">Dean's meeting room reservation<\/h3>\n<div class=\"siteorigin-widget-tinymce textwidget\">\n\t<p><a title=\"Dean's meeting room FAD UJEP\" href=\"https:\/\/calendar.google.com\/calendar\/embed?src=pfh19kk17gi7fvmujj3vp58gc8%40group.calendar.google.com&amp;ctz=Europe%2FPrague\" target=\"_blank\" rel=\"noopener\">Dean's meeting room reservation<\/a><\/p>\n<p>For a&nbsp;dean's meeting room reservation (door no. 234) please contact the secretary.<\/p>\n<\/div>\n<\/div><\/div><\/div><\/div><div id=\"pg-w620f645e56013-1\"  class=\"panel-grid panel-no-style\" ><div id=\"pgc-w620f645e56013-1-0\"  class=\"panel-grid-cell\" ><div id=\"panel-w620f645e56013-1-0-0\" class=\"so-panel widget widget_sow-editor panel-first-child panel-last-child\" data-index=\"2\" ><div\n\t\t\t\n\t\t\tclass=\"so-widget-sow-editor so-widget-sow-editor-base\"\n\t\t\t\n\t\t><h3 class=\"widget-title\">Contacts<\/h3>\n<div class=\"siteorigin-widget-tinymce textwidget\">\n\t<p><a href=\"https:\/\/fud.ujep.cz\/en\/faculty\/contacts\/\">List of employees and academic staff<\/a><\/p>\n<\/div>\n<\/div><\/div><\/div><div id=\"pgc-w620f645e56013-1-1\"  class=\"panel-grid-cell\" ><div id=\"panel-w620f645e56013-1-1-0\" class=\"so-panel widget widget_sow-editor panel-first-child panel-last-child\" data-index=\"3\" ><div\n\t\t\t\n\t\t\tclass=\"so-widget-sow-editor so-widget-sow-editor-base\"\n\t\t\t\n\t\t><h3 class=\"widget-title\">STAG<\/h3>\n<div class=\"siteorigin-widget-tinymce textwidget\">\n\t<p><a href=\"https:\/\/stag.ujep.cz\/\" target=\"_blank\" rel=\"noopener\">https:\/\/stag.ujep.cz\/<\/a><\/p>\n<\/div>\n<\/div><\/div><\/div><\/div><div id=\"pg-w620f645e56013-2\"  class=\"panel-grid panel-no-style\" ><div id=\"pgc-w620f645e56013-2-0\"  class=\"panel-grid-cell\" ><div id=\"panel-w620f645e56013-2-0-0\" class=\"so-panel widget widget_sow-editor panel-first-child panel-last-child\" data-index=\"4\" ><div\n\t\t\t\n\t\t\tclass=\"so-widget-sow-editor so-widget-sow-editor-base\"\n\t\t\t\n\t\t><h3 class=\"widget-title\">CESNET DataCare<\/h3>\n<div class=\"siteorigin-widget-tinymce textwidget\">\n\t<p><a href=\"https:\/\/owncloud.cesnet.cz\/\" target=\"_blank\" rel=\"noopener\">CESNET DataCare<\/a><\/p>\n<\/div>\n<\/div><\/div><\/div><div id=\"pgc-w620f645e56013-2-1\"  class=\"panel-grid-cell\" ><div id=\"panel-w620f645e56013-2-1-0\" class=\"so-panel widget widget_sow-editor panel-first-child panel-last-child\" data-index=\"5\" ><div\n\t\t\t\n\t\t\tclass=\"so-widget-sow-editor so-widget-sow-editor-base\"\n\t\t\t\n\t\t><h3 class=\"widget-title\">Cloud storage\u00a0(NAS)<\/h3>\n<div class=\"siteorigin-widget-tinymce textwidget\">\n\t<p><a title=\"NAS FUD UJEP\" href=\"https:\/\/nas.fud.ujep.cz:5001\" target=\"_blank\" rel=\"noopener\">https:\/\/nas.fud.ujep.cz:5001<\/a><\/p>\n<\/div>\n<\/div><\/div><\/div><\/div><div id=\"pg-w620f645e56013-3\"  class=\"panel-grid panel-no-style\" ><div id=\"pgc-w620f645e56013-3-0\"  class=\"panel-grid-cell\" ><div id=\"panel-w620f645e56013-3-0-0\" class=\"so-panel widget widget_sow-editor panel-first-child panel-last-child\" data-index=\"6\" ><div\n\t\t\t\n\t\t\tclass=\"so-widget-sow-editor so-widget-sow-editor-base\"\n\t\t\t\n\t\t><h3 class=\"widget-title\">EduID, Eduroam, IMIS...<\/h3>\n<div class=\"siteorigin-widget-tinymce textwidget\">\n\t<p><a href=\"http:\/\/it.fud.ujep.cz\/navody\/\" target=\"_blank\" rel=\"noopener\">Guidelines for EduID, Eduroam, IMIS etc.<\/a><\/p>\n<\/div>\n<\/div><\/div><\/div><div id=\"pgc-w620f645e56013-3-1\"  class=\"panel-grid-cell\" ><div id=\"panel-w620f645e56013-3-1-0\" class=\"so-panel widget widget_sow-editor panel-first-child panel-last-child\" data-index=\"7\" ><div\n\t\t\t\n\t\t\tclass=\"so-widget-sow-editor so-widget-sow-editor-base\"\n\t\t\t\n\t\t><h3 class=\"widget-title\">E-learning \u2013 Moodle<\/h3>\n<div class=\"siteorigin-widget-tinymce textwidget\">\n\t<p><a href=\"http:\/\/it.fud.ujep.cz\/navody\/e-learning\/\" target=\"_blank\" rel=\"noopener\">Guidelines for E-learning \u2013 Moodle<\/a><\/p>\n<\/div>\n<\/div><\/div><\/div><\/div><\/div><\/div><div id=\"panel-3061-0-1-1\" class=\"so-panel widget widget_siteorigin-panels-builder panel-last-child\" data-index=\"2\" ><div id=\"pl-w620f6236dfb8c\"  class=\"panel-layout\" ><div id=\"pg-w620f6236dfb8c-0\"  class=\"panel-grid panel-no-style\" ><div id=\"pgc-w620f6236dfb8c-0-0\"  class=\"panel-grid-cell\" ><div id=\"panel-w620f6236dfb8c-0-0-0\" class=\"so-panel widget widget_sow-editor panel-first-child\" data-index=\"0\" ><div\n\t\t\t\n\t\t\tclass=\"so-widget-sow-editor so-widget-sow-editor-base\"\n\t\t\t\n\t\t><h3 class=\"widget-title\">Events Calendar<\/h3>\n<div class=\"siteorigin-widget-tinymce textwidget\">\n\t<p><a href=\"https:\/\/fud.ujep.cz\/kalendar-akci\">Add a&nbsp;new event<\/a><\/p>\n<\/div>\n<\/div><\/div><div class=\"calendar-wrapper\">\n\t\t<table id=\"calendar\">\n\t\t<tr class=\"navigation\">\n\t\t\t<td class=\"link month-prev\"><a href=\"?lng=en&?month=4&syear=2026\" data-date=\"month=4&syear=2026\" class=\"monthnav\"><span>&#10132;<\/span><\/a><\/td>\n\t\t\t<td colspan=\"5\"><span class=\"month\">May<\/span>&nbsp;<span class=\"syear\">2026<\/span><\/td>\n\t\t\t<td class=\"link month-next\"><a href=\"?lng=en&month=6&syear=2026\" data-date=\"month=6&syear=2026\" class=\"monthnav\"><span>&#10132;<\/span><\/a><\/td>\n\t\t<\/tr>\n\t\t<tr class=\"daynames\">\n\t\t\t<td>S<\/td><td>M<\/td><td>T<\/td><td>W<\/td><td>T<\/td><td>F<\/td><td>S<\/td>\n\t\t<\/tr>\n\t\t<tr class=\"week\"><td class=\"day\"><\/td><td class=\"day\"><\/td><td class=\"day\"><\/td><td class=\"day\"><\/td><td class=\"day\"><\/td><td class=\"day\">1<\/td><td class=\"day\">2<\/td><\/tr><tr class=\"week\"><td class=\"day\">3<\/td><td class=\"day\">4<\/td><td class=\"day\">5<\/td><td class=\"day today\">6<\/td><td class=\"day\">7<\/td><td class=\"day\">8<\/td><td class=\"day\">9<\/td><\/tr><tr class=\"week\"><td class=\"day\">10<\/td><td class=\"day\">11<\/td><td class=\"day\">12<\/td><td class=\"day\">13<\/td><td class=\"day\">14<\/td><td class=\"day\">15<\/td><td class=\"day\">16<\/td><\/tr><tr class=\"week\"><td class=\"day\">17<\/td><td class=\"day\">18<\/td><td class=\"day\">19<\/td><td class=\"day\">20<\/td><td class=\"day\">21<\/td><td class=\"day\">22<\/td><td class=\"day\">23<\/td><\/tr><tr class=\"week\"><td class=\"day\">24<\/td><td class=\"day\">25<\/td><td class=\"day\">26<\/td><td class=\"day\">27<\/td><td class=\"day\">28<\/td><td class=\"day\">29<\/td><td class=\"day\">30<\/td><\/tr><tr class=\"week\"><td class=\"day\">31<\/td><td class=\"day\"><\/td><td class=\"day\"><\/td><td class=\"day\"><\/td><td class=\"day\"><\/td><td class=\"day\"><\/td><td class=\"day\"><\/td><\/tr><\/table>\n  <div class=\"calendar-popup-day\">loading...<\/div>\n  <\/div><script>\n    jQuery(document).ready(function() {\n\n      \n\n    });\n  <\/script><\/div><div id=\"pgc-w620f6236dfb8c-0-1\"  class=\"panel-grid-cell\" ><div id=\"panel-w620f6236dfb8c-0-1-0\" class=\"so-panel widget widget_sow-editor panel-first-child panel-last-child\" data-index=\"2\" ><div\n\t\t\t\n\t\t\tclass=\"so-widget-sow-editor so-widget-sow-editor-base\"\n\t\t\t\n\t\t><h3 class=\"widget-title\">Schedule<\/h3>\n<div class=\"siteorigin-widget-tinymce textwidget\">\n\t<p><a href=\"https:\/\/fud.ujep.cz\/wp\/wp-content\/uploads\/2021\/11\/harmonogram-fud-21-22-en.pdf\">Schedule FUD 2021\/2022<\/a><\/p>\n<p><a href=\"https:\/\/docs.google.com\/document\/d\/1OFfo4J7Pj7jizwIA7A86t3aXtMueuAhPxSsaVQ4275s\/edit\">Events FUD 2020\/2021<\/a><\/p>\n<\/div>\n<\/div><\/div><\/div><\/div><\/div><\/div><\/div><\/div><\/div>","protected":false},"excerpt":{"rendered":"<p>Fleet Vehicle Fleet vehicle For a&nbsp;car reservation please contact the secretary.&nbsp; Dean&#8217;s&nbsp;meeting room reservation Dean&#8217;s&nbsp;meeting room reservation For a&nbsp;dean&#8217;s&nbsp;meeting room reservation (door no. 234) please contact the secretary. Contacts List of employees and academic staff STAG https:\/\/stag.ujep.cz\/ CESNET DataCare CESNET DataCare Cloud storage\u00a0(NAS) https:\/\/nas.fud.ujep.cz:5001 EduID, Eduroam, IMIS&#8230; Guidelines for EduID, Eduroam, IMIS etc. E-learning \u2013 [&hellip;]<\/p>\n","protected":false},"author":1,"featured_media":0,"parent":0,"menu_order":0,"comment_status":"closed","ping_status":"closed","template":"","meta":{"ngg_post_thumbnail":0},"acf":[],"_links":{"self":[{"href":"https:\/\/old.fud.ujep.cz\/en\/wp-json\/wp\/v2\/pages\/3061"}],"collection":[{"href":"https:\/\/old.fud.ujep.cz\/en\/wp-json\/wp\/v2\/pages"}],"about":[{"href":"https:\/\/old.fud.ujep.cz\/en\/wp-json\/wp\/v2\/types\/page"}],"author":[{"embeddable":true,"href":"https:\/\/old.fud.ujep.cz\/en\/wp-json\/wp\/v2\/users\/1"}],"replies":[{"embeddable":true,"href":"https:\/\/old.fud.ujep.cz\/en\/wp-json\/wp\/v2\/comments?post=3061"}],"version-history":[{"count":0,"href":"https:\/\/old.fud.ujep.cz\/en\/wp-json\/wp\/v2\/pages\/3061\/revisions"}],"wp:attachment":[{"href":"https:\/\/old.fud.ujep.cz\/en\/wp-json\/wp\/v2\/media?parent=3061"}],"curies":[{"name":"wp","href":"https:\/\/api.w.org\/{rel}","templated":true}]}}