{"id":3059,"date":"2016-10-03T19:09:20","date_gmt":"2016-10-03T17:09:20","guid":{"rendered":"https:\/\/fud.ujep.cz\/verejnost\/"},"modified":"2024-04-29T22:02:46","modified_gmt":"2024-04-29T20:02:46","slug":"home","status":"publish","type":"page","link":"https:\/\/old.fud.ujep.cz\/en\/","title":{"rendered":"Home"},"content":{"rendered":"<div id=\"pl-3059\"  class=\"panel-layout\" ><div id=\"pg-3059-0\"  class=\"panel-grid panel-no-style\" ><div id=\"pgc-3059-0-0\"  class=\"panel-grid-cell\" ><div id=\"panel-3059-0-0-0\" class=\"so-panel widget widget_sow-fud-wp-posts widget-posts widget-fud-posts panel-first-child panel-last-child\" data-index=\"0\" ><div\n\t\t\t\n\t\t\tclass=\"so-widget-sow-fud-wp-posts so-widget-sow-fud-wp-posts-base\"\n\t\t\t\n\t\t><h3 class=\"widget-title\">News <small>(1\/7)<\/small><\/h3><div class=\"widget-posts wrapper-widget\"><div class=\"wrapper-posts columns-layout-2 masonry-grid\">\n    \t\t<!-- article -->\n    \t\t<article id=\"post-83948\" class=\"col-sm-6 col-xs-12 grid-item post-83948 post type-post status-publish format-standard has-post-thumbnail hentry category-news category-curatorial-studies\">\n      <header>\n        <h2><a href=\"https:\/\/old.fud.ujep.cz\/en\/news\/past-told-future-held-a-doctoral-exhibition-by-petra-widzova\/\" title=\"Past Told, Future Held \u2013 A&nbsp;Doctoral Exhibition by Petra Wid\u017eov\u00e1\">Past Told, Future Held \u2013 A&nbsp;Doctoral Exhibition by Petra Wid\u017eov\u00e1<\/a><\/h2>\n      <\/header>\n    \t\t\t\t<main class=\"entry\">\n      <div class=\"post-content\"><p data-path-to-node=\"2\">We cordially invite you to the opening of the exhibition <i data-path-to-node=\"2\" data-index-in-node=\"57\">Past Told, Future Held<\/i>, which takes you behind the scenes of caring for artistic estates. The doctoral exhibition will open on March 12 at 6:00 PM&nbsp;at the Industra Gallery in Brno.<\/p>\n<\/div>\n          <div class=\"meta post-meta\">\n            <a href=\"https:\/\/old.fud.ujep.cz\/en\/news\/past-told-future-held-a-doctoral-exhibition-by-petra-widzova\/\" title=\"Past Told, Future Held \u2013 A&nbsp;Doctoral Exhibition by Petra Wid\u017eov\u00e1\">\u2192&nbsp;More<\/a>\n          <\/div>\n            <\/main>\n    \t\t<\/article>\n    \t\t<!-- \/article -->\n      \n    \t\t<!-- article -->\n    \t\t<article id=\"post-83946\" class=\"col-sm-6 col-xs-12 grid-item post-83946 post type-post status-publish format-standard has-post-thumbnail hentry category-calendar category-celem-k-umeni-en category-news\">\n      <header>\n        <h2><a href=\"https:\/\/old.fud.ujep.cz\/en\/news\/facing-art-and-design-2-slavs-and-tatars\/\" title=\"Facing Art and Design #2 \/ Slavs and Tatars\">Facing Art and Design #2 \/ Slavs and Tatars<\/a><\/h2>\n      <\/header>\n    \t\t\t\t<main class=\"entry\">\n      <div class=\"post-content\"><p>We cordially invite you to the next lecture in the <i data-path-to-node=\"2\" data-index-in-node=\"51\">Facing Art and Design<\/i> series, this time featuring Slavs and Tatars! The lecture will take place on the final day of the <i data-path-to-node=\"2\" data-index-in-node=\"171\">Shared Existences<\/i> exhibition. It will be held at FUD UJEP in Auditorium No. 537.<\/p>\n<\/div>\n          <div class=\"meta post-meta\">\n            <a href=\"https:\/\/old.fud.ujep.cz\/en\/news\/facing-art-and-design-2-slavs-and-tatars\/\" title=\"Facing Art and Design #2 \/ Slavs and Tatars\">\u2192&nbsp;More<\/a>\n          <\/div>\n            <\/main>\n    \t\t<\/article>\n    \t\t<!-- \/article -->\n      \n    \t\t<!-- article -->\n    \t\t<article id=\"post-83919\" class=\"col-sm-6 col-xs-12 grid-item post-83919 post type-post status-publish format-standard hentry category-news category-open-call-en\">\n      <header>\n        <h2><a href=\"https:\/\/old.fud.ujep.cz\/en\/news\/1st-round-of-the-internal-grant-competition-of-fud-ujep-for-2026\/\" title=\"1st Round of the Internal Grant Competition of FUD UJEP for 2026\">1st Round of the Internal Grant Competition of FUD UJEP for 2026<\/a><\/h2>\n      <\/header>\n    \t\t\t\t<main class=\"entry\">\n      <div class=\"post-content\"><p>Announcement of Internal Grants of FUD UJEP for 2026.<\/p>\n<\/div>\n          <div class=\"meta post-meta\">\n            <a href=\"https:\/\/old.fud.ujep.cz\/en\/news\/1st-round-of-the-internal-grant-competition-of-fud-ujep-for-2026\/\" title=\"1st Round of the Internal Grant Competition of FUD UJEP for 2026\">\u2192&nbsp;More<\/a>\n          <\/div>\n            <\/main>\n    \t\t<\/article>\n    \t\t<!-- \/article -->\n      \n    \t\t<!-- article -->\n    \t\t<article id=\"post-83695\" class=\"col-sm-6 col-xs-12 grid-item post-83695 post type-post status-publish format-standard has-post-thumbnail hentry category-news category-open-call-en category-fud-edition\">\n      <header>\n        <h2><a href=\"https:\/\/old.fud.ujep.cz\/en\/news\/call-for-the-submission-of-proposals-for-publication-to-be-supported-by-the-major-publishing-grant-for-2026\/\" title=\"Call for the Major Publishing Grant for 2026\">Call for the Major Publishing Grant for 2026<\/a><\/h2>\n      <\/header>\n    \t\t\t\t<main class=\"entry\">\n      <div class=\"post-content\"><p data-start=\"0\" data-end=\"119\">Dean of FUD UJEP Announces a&nbsp;Call for Proposals for Publication with Support from the Major Publishing Grant for 2026.<\/p>\n<\/div>\n          <div class=\"meta post-meta\">\n            <a href=\"https:\/\/old.fud.ujep.cz\/en\/news\/call-for-the-submission-of-proposals-for-publication-to-be-supported-by-the-major-publishing-grant-for-2026\/\" title=\"Call for the Major Publishing Grant for 2026\">\u2192&nbsp;More<\/a>\n          <\/div>\n            <\/main>\n    \t\t<\/article>\n    \t\t<!-- \/article -->\n      \n    \t\t<!-- article -->\n    \t\t<article id=\"post-83376\" class=\"col-sm-6 col-xs-12 grid-item post-83376 post type-post status-publish format-standard has-post-thumbnail hentry category-exhibitions category-calendar category-news\">\n      <header>\n        <h2><a href=\"https:\/\/old.fud.ujep.cz\/en\/news\/zimni-sklizen-exhibition-of-finals-open-day-at-fud\/\" title=\"Zimn\u00ed sklize\u0148 exhibition of finals + Open day at FUD\">Zimn\u00ed sklize\u0148 exhibition of finals + Open day at FUD<\/a><\/h2>\n      <\/header>\n    \t\t\t\t<main class=\"entry\">\n      <div class=\"post-content\"><p>We are delighted to invite you to the exhibition of student semester projects at the Faculty of Art and Design (FUD UJEP), taking place from February 12 to February 14. An Open Day will also be held on February 12.<\/p>\n<\/div>\n          <div class=\"meta post-meta\">\n            <a href=\"https:\/\/old.fud.ujep.cz\/en\/news\/zimni-sklizen-exhibition-of-finals-open-day-at-fud\/\" title=\"Zimn\u00ed sklize\u0148 exhibition of finals + Open day at FUD\">\u2192&nbsp;More<\/a>\n          <\/div>\n            <\/main>\n    \t\t<\/article>\n    \t\t<!-- \/article -->\n      \n    \t\t<!-- article -->\n    \t\t<article id=\"post-83274\" class=\"col-sm-6 col-xs-12 grid-item post-83274 post type-post status-publish format-standard has-post-thumbnail hentry category-news category-open-call-en\">\n      <header>\n        <h2><a href=\"https:\/\/old.fud.ujep.cz\/en\/news\/we-are-announcing-an-open-call-for-two-residencies-in-paris-in-2026-deadline-february-12-2026\/\" title=\"We are announcing an open call for two residencies in Paris in 2026 \u2013 deadline extended to 02\/03\/2026!\">We are announcing an open call for two residencies in Paris in 2026 \u2013 deadline extended to 02\/03\/2026!<\/a><\/h2>\n      <\/header>\n    \t\t\t\t<main class=\"entry\">\n      <div class=\"post-content\"><p>The Faculty of Art and Design at Jan Evangelista Purkyn\u011b University in \u00dast\u00ed nad Labem (FUD UJEP) and the Cit\u00e9 internationale des arts in Paris have co-developed a&nbsp;research and creation residency programme dedicated to artists and curators from the FUD UJEP ecosystem.<\/p>\n<\/div>\n          <div class=\"meta post-meta\">\n            <a href=\"https:\/\/old.fud.ujep.cz\/en\/news\/we-are-announcing-an-open-call-for-two-residencies-in-paris-in-2026-deadline-february-12-2026\/\" title=\"We are announcing an open call for two residencies in Paris in 2026 \u2013 deadline extended to 02\/03\/2026!\">\u2192&nbsp;More<\/a>\n          <\/div>\n            <\/main>\n    \t\t<\/article>\n    \t\t<!-- \/article -->\n      \n    \t\t<!-- article -->\n    \t\t<article id=\"post-82957\" class=\"col-sm-6 col-xs-12 grid-item post-82957 post type-post status-publish format-standard has-post-thumbnail hentry category-news\">\n      <header>\n        <h2><a href=\"https:\/\/old.fud.ujep.cz\/en\/news\/experiment-by-cast-iron\/\" title=\"Experiment by Cast Iron\">Experiment by Cast Iron<\/a><\/h2>\n      <\/header>\n    \t\t\t\t<main class=\"entry\">\n      <div class=\"post-content\"><p>\u201cExperiment by Cast Iron\u201d is an international symposium expanding on the momentum of its 2019 and 2021 editions. Between December 8 and 17, FUD UJEP will host a&nbsp;full program dedicated to the methods and possibilities of the material. The Studio of Natural Materials, in collaboration with educators and artists from the Czechia, Moravia, Slovakia, and the United States, will engage in processes associated with cast-iron art production.<\/p>\n<\/div>\n          <div class=\"meta post-meta\">\n            <a href=\"https:\/\/old.fud.ujep.cz\/en\/news\/experiment-by-cast-iron\/\" title=\"Experiment by Cast Iron\">\u2192&nbsp;More<\/a>\n          <\/div>\n            <\/main>\n    \t\t<\/article>\n    \t\t<!-- \/article -->\n      \n    \t\t<!-- article -->\n    \t\t<article id=\"post-82688\" class=\"col-sm-6 col-xs-12 grid-item post-82688 post type-post status-publish format-standard has-post-thumbnail hentry category-news category-exhibitions category-house-of-arts\">\n      <header>\n        <h2><a href=\"https:\/\/old.fud.ujep.cz\/en\/news\/new-exhibition-in-house-of-arts-usti-nad-labem-shared-existences\/\" title=\"New exhibition in House of Arts \u00dast\u00ed nad Labem: Shared existences\">New exhibition in House of Arts \u00dast\u00ed nad Labem: Shared existences<\/a><\/h2>\n      <\/header>\n    \t\t\t\t<main class=\"entry\">\n      <div class=\"post-content\"><p data-start=\"39\" data-end=\"293\">We warmly invite you to the opening of the international group exhibition <em data-start=\"113\" data-end=\"132\">Shared Existences<\/em>, which will take place on 10th December 2025 at 18:00. You are also welcome to join a&nbsp;guided tour with the exhibition\u2019s curator, Petra Wid\u017eov\u00e1, starting at 16:30.<\/p>\n<\/div>\n          <div class=\"meta post-meta\">\n            <a href=\"https:\/\/old.fud.ujep.cz\/en\/news\/new-exhibition-in-house-of-arts-usti-nad-labem-shared-existences\/\" title=\"New exhibition in House of Arts \u00dast\u00ed nad Labem: Shared existences\">\u2192&nbsp;More<\/a>\n          <\/div>\n            <\/main>\n    \t\t<\/article>\n    \t\t<!-- \/article -->\n      \n    \t\t<!-- article -->\n    \t\t<article id=\"post-82537\" class=\"col-sm-6 col-xs-12 grid-item post-82537 post type-post status-publish format-standard has-post-thumbnail hentry category-news category-open-call-en category-grants\">\n      <header>\n        <h2><a href=\"https:\/\/old.fud.ujep.cz\/en\/news\/announcement-of-the-student-grant-competition-sgs-for-doctoral-students-of-the-visual-communication-study-programme-for-2026\/\" title=\"Announcement of the Student Grant Competition (SGS) for Doctoral Students of the Visual Communication Study Programme for 2026\">Announcement of the Student Grant Competition (SGS) for Doctoral Students of the Visual Communication Study Programme for 2026<\/a><\/h2>\n      <\/header>\n    \t\t\t\t<main class=\"entry\">\n      <div class=\"post-content\"><p>The Faculty of Art and Design at Jan Evangelista Purkyn\u011b University in \u00dast\u00ed nad Labem announces the Faculty Round of the Student Grant Competition (SGS) for students of the Doctoral Study Programme in Visual Communication for the year 2026.<\/p>\n<\/div>\n          <div class=\"meta post-meta\">\n            <a href=\"https:\/\/old.fud.ujep.cz\/en\/news\/announcement-of-the-student-grant-competition-sgs-for-doctoral-students-of-the-visual-communication-study-programme-for-2026\/\" title=\"Announcement of the Student Grant Competition (SGS) for Doctoral Students of the Visual Communication Study Programme for 2026\">\u2192&nbsp;More<\/a>\n          <\/div>\n            <\/main>\n    \t\t<\/article>\n    \t\t<!-- \/article -->\n      \n    \t\t<!-- article -->\n    \t\t<article id=\"post-80393\" class=\"col-sm-6 col-xs-12 grid-item post-80393 post type-post status-publish format-standard has-post-thumbnail hentry category-news category-exhibitions\">\n      <header>\n        <h2><a href=\"https:\/\/old.fud.ujep.cz\/en\/news\/summer-harvest-2025-exhibition-of-final-works\/\" title=\"Summer harvest 2025: Exhibition of final works\">Summer harvest 2025: Exhibition of final works<\/a><\/h2>\n      <\/header>\n    \t\t\t\t<main class=\"entry\">\n      <div class=\"post-content\"><p>&nbsp;Summer harvest 2025: Exhibition of final works FUD UJEP&nbsp;<\/p>\n<\/div>\n          <div class=\"meta post-meta\">\n            <a href=\"https:\/\/old.fud.ujep.cz\/en\/news\/summer-harvest-2025-exhibition-of-final-works\/\" title=\"Summer harvest 2025: Exhibition of final works\">\u2192&nbsp;More<\/a>\n          <\/div>\n            <\/main>\n    \t\t<\/article>\n    \t\t<!-- \/article -->\n      \n    \t\t<!-- article -->\n    \t\t<article id=\"post-80390\" class=\"col-sm-6 col-xs-12 grid-item post-80390 post type-post status-publish format-standard has-post-thumbnail hentry category-news\">\n      <header>\n        <h2><a href=\"https:\/\/old.fud.ujep.cz\/en\/news\/graduation-ceremony-of-fud-2025-2\/\" title=\"GRADUATION CEREMONY OF FUD 2025\">GRADUATION CEREMONY OF FUD 2025<\/a><\/h2>\n      <\/header>\n    \t\t\t\t<main class=\"entry\">\n      <div class=\"post-content\"><p>The Faculty of Art and Design at Jan Evangelista Purkyn\u011b University in \u00dast\u00ed nad Labem invites you to the Graduation Ceremony of the Bachelor\u00b4s, Follow-up Master\u00b4s and Doctoral study programmes graduates of FUD UJEP 2024\/2025 which will take place on 26 June 2025 at The North Bohemian Opera and Ballet Theatre. <\/p>\n<\/div>\n          <div class=\"meta post-meta\">\n            <a href=\"https:\/\/old.fud.ujep.cz\/en\/news\/graduation-ceremony-of-fud-2025-2\/\" title=\"GRADUATION CEREMONY OF FUD 2025\">\u2192&nbsp;More<\/a>\n          <\/div>\n            <\/main>\n    \t\t<\/article>\n    \t\t<!-- \/article -->\n      \n    \t\t<!-- article -->\n    \t\t<article id=\"post-79840\" class=\"col-sm-6 col-xs-12 grid-item post-79840 post type-post status-publish format-standard hentry category-study category-fine-art-photography-en-2 category-news\">\n      <header>\n        <h2><a href=\"https:\/\/old.fud.ujep.cz\/en\/news\/results-of-the-admissions-process-for-the-masters-programme-in-fine-art-photography-for-the-academic-year-2025-2026\/\" title=\"Results of the admissions process for the Master\u2019s programme in Fine Art \u2013 Photography for the academic year 2025\/2026\">Results of the admissions process for the Master\u2019s programme in Fine Art \u2013 Photography for the academic year 2025\/2026<\/a><\/h2>\n      <\/header>\n    \t\t\t\t<main class=\"entry\">\n      <div class=\"post-content\"><p>Dear Applicants,<\/p>\n<p>please find the results of the admissions process for the Master&#8217;s&nbsp;programme in Fine Art &#8211; Photography in English for the academic year 2025\/2026.<\/p>\n<\/div>\n          <div class=\"meta post-meta\">\n            <a href=\"https:\/\/old.fud.ujep.cz\/en\/news\/results-of-the-admissions-process-for-the-masters-programme-in-fine-art-photography-for-the-academic-year-2025-2026\/\" title=\"Results of the admissions process for the Master\u2019s programme in Fine Art \u2013 Photography for the academic year 2025\/2026\">\u2192&nbsp;More<\/a>\n          <\/div>\n            <\/main>\n    \t\t<\/article>\n    \t\t<!-- \/article -->\n      \n    <\/div>\n    <!-- end of wrapper-posts -->\n      <!-- pagination -->\n      <div class=\"pagination col-xs-12\"><ul class='page-numbers'>\n\t<li><span aria-current=\"page\" class=\"page-numbers current\">1<\/span><\/li>\n\t<li><a class=\"page-numbers\" href=\"https:\/\/old.fud.ujep.cz\/en\/wp-json\/wp\/v2\/pages\/3059page\/2\/\">2<\/a><\/li>\n\t<li><a class=\"page-numbers\" href=\"https:\/\/old.fud.ujep.cz\/en\/wp-json\/wp\/v2\/pages\/3059page\/3\/\">3<\/a><\/li>\n\t<li><a class=\"page-numbers\" href=\"https:\/\/old.fud.ujep.cz\/en\/wp-json\/wp\/v2\/pages\/3059page\/4\/\">4<\/a><\/li>\n\t<li><a class=\"page-numbers\" href=\"https:\/\/old.fud.ujep.cz\/en\/wp-json\/wp\/v2\/pages\/3059page\/5\/\">5<\/a><\/li>\n\t<li><span class=\"page-numbers dots\">&hellip;<\/span><\/li>\n\t<li><a class=\"page-numbers\" href=\"https:\/\/old.fud.ujep.cz\/en\/wp-json\/wp\/v2\/pages\/3059page\/7\/\">7<\/a><\/li>\n\t<li><a class=\"next page-numbers\" href=\"https:\/\/old.fud.ujep.cz\/en\/wp-json\/wp\/v2\/pages\/3059page\/2\/\">Next &raquo;<\/a><\/li>\n<\/ul>\n\n      <\/div>\n      <!-- end of pagination -->\n    <\/div>\n    <!-- end of widget-posts --><\/div><\/div><\/div><div id=\"pgc-3059-0-1\"  class=\"panel-grid-cell\" ><div id=\"panel-3059-0-1-0\" class=\"so-panel widget widget_sow-editor panel-first-child\" data-index=\"1\" ><div\n\t\t\t\n\t\t\tclass=\"so-widget-sow-editor so-widget-sow-editor-base\"\n\t\t\t\n\t\t><h3 class=\"widget-title\">Creative Space Called FAD<\/h3>\n<div class=\"siteorigin-widget-tinymce textwidget\">\n\t<p><img decoding=\"async\" loading=\"lazy\" class=\"alignnone wp-image-2196 size-full\" src=\"https:\/\/fud.ujep.cz\/wp\/wp-content\/uploads\/2016\/07\/fud_11.jpeg\" width=\"899\" height=\"379\" \/><\/p>\n<p>We consider the Faculty of Art and Design, Jan Evangelista Purkyn\u011b University in \u00dast\u00ed nad Labem to be an art and design school respectful to the history of art, philosophy and science as traditional academic values \u200b\u200bto be vigorously developed and framed into innovative artistic and theoretical views, while coping with current social and cultural challenges.<\/p>\n<p><a title=\"About the Faculty\" href=\"https:\/\/fud.ujep.cz\/en\/faculty\/about-faculty\/\">\u2192 About the Faculty<\/a><\/p>\n<\/div>\n<\/div><\/div><div id=\"panel-3059-0-1-1\" class=\"so-panel widget widget_sow-editor panel-last-child\" data-index=\"2\" ><div\n\t\t\t\n\t\t\tclass=\"so-widget-sow-editor so-widget-sow-editor-base\"\n\t\t\t\n\t\t><h3 class=\"widget-title\">Studios<\/h3>\n<div class=\"siteorigin-widget-tinymce textwidget\">\n\t<div class=\"widget-studios departments\"><div class=\"department\"><h4>Department of Fine Art<\/h4><ul class=\"menu\"><li><a href=\"https:\/\/old.fud.ujep.cz\/en\/departments\/applied-photography\/\" title=\"\">Applied Photography<\/a><\/li><li><a href=\"https:\/\/old.fud.ujep.cz\/en\/departments\/digital-media\/\" title=\"\">Digital media<\/a><\/li><li><a href=\"https:\/\/old.fud.ujep.cz\/en\/departments\/fine-art\/\" title=\"\">Fine Art \u2013 Photography<\/a><\/li><li><a href=\"https:\/\/old.fud.ujep.cz\/en\/departments\/interactive-media\/\" title=\"\">Interactive media<\/a><\/li><li><a href=\"https:\/\/old.fud.ujep.cz\/en\/departments\/object-space-action\/\" title=\"\">Object &#8211; Space &#8211; Action<\/a><\/li><li><a href=\"https:\/\/old.fud.ujep.cz\/en\/departments\/photography\/\" title=\"\">Photography<\/a><\/li><li><a href=\"https:\/\/old.fud.ujep.cz\/en\/departments\/time-based-media\/\" title=\"\">Time-Based Media<\/a><\/li><\/ul><\/div><div class=\"department\"><h4>Department of Visual Communication<\/h4><ul class=\"menu\"><li><a href=\"https:\/\/old.fud.ujep.cz\/en\/departments\/graphic-design-i\/\" title=\"\">Graphic design I<\/a><\/li><li><a href=\"https:\/\/old.fud.ujep.cz\/en\/departments\/graphic-design-ii\/\" title=\"\">Graphic design II<\/a><\/li><li><a href=\"https:\/\/old.fud.ujep.cz\/en\/departments\/visual-design\/\" title=\"\">Visual design<\/a><\/li><\/ul><\/div><div class=\"department\"><h4>Department of Design<\/h4><ul class=\"menu\"><li><a href=\"https:\/\/old.fud.ujep.cz\/en\/departments\/ceramic-design\/\" title=\"\">Ceramics<\/a><\/li><li><a href=\"https:\/\/old.fud.ujep.cz\/en\/departments\/fashion-and-textile-design\/\" title=\"\">Fashion and textile design<\/a><\/li><li><a href=\"https:\/\/old.fud.ujep.cz\/en\/departments\/glass\/\" title=\"\">Glass<\/a><\/li><li><a href=\"https:\/\/old.fud.ujep.cz\/en\/departments\/interior-design\/\" title=\"\">Interior design<\/a><\/li><li><a href=\"https:\/\/old.fud.ujep.cz\/en\/departments\/natural-materials\/\" title=\"\">Natural materials<\/a><\/li><li><a href=\"https:\/\/old.fud.ujep.cz\/en\/departments\/product-design\/\" title=\"\">Product design<\/a><\/li><\/ul><\/div><\/div>\n<\/div>\n<\/div><\/div><\/div><\/div><\/div>","protected":false},"excerpt":{"rendered":"<p>Over the last few decades, product design has significantly expanded its scope. The boundaries between this field, architecture on one side, and fine art on the other are gradually blurring. Thanks to the constant and rapid development of technology, including new work tools, design has become a&nbsp;complex discipline that places high demands on the [&hellip;]<\/p>\n","protected":false},"author":1,"featured_media":0,"parent":0,"menu_order":0,"comment_status":"closed","ping_status":"closed","template":"","meta":{"ngg_post_thumbnail":0},"acf":[],"_links":{"self":[{"href":"https:\/\/old.fud.ujep.cz\/en\/wp-json\/wp\/v2\/pages\/3059"}],"collection":[{"href":"https:\/\/old.fud.ujep.cz\/en\/wp-json\/wp\/v2\/pages"}],"about":[{"href":"https:\/\/old.fud.ujep.cz\/en\/wp-json\/wp\/v2\/types\/page"}],"author":[{"embeddable":true,"href":"https:\/\/old.fud.ujep.cz\/en\/wp-json\/wp\/v2\/users\/1"}],"replies":[{"embeddable":true,"href":"https:\/\/old.fud.ujep.cz\/en\/wp-json\/wp\/v2\/comments?post=3059"}],"version-history":[{"count":0,"href":"https:\/\/old.fud.ujep.cz\/en\/wp-json\/wp\/v2\/pages\/3059\/revisions"}],"wp:attachment":[{"href":"https:\/\/old.fud.ujep.cz\/en\/wp-json\/wp\/v2\/media?parent=3059"}],"curies":[{"name":"wp","href":"https:\/\/api.w.org\/{rel}","templated":true}]}}