{"id":18045,"date":"2017-11-24T15:14:30","date_gmt":"2017-11-24T13:14:30","guid":{"rendered":"https:\/\/fud.ujep.cz\/studovali-u-nas\/"},"modified":"2022-11-06T23:44:52","modified_gmt":"2022-11-06T21:44:52","slug":"alumni","status":"publish","type":"page","link":"https:\/\/old.fud.ujep.cz\/en\/alumni\/","title":{"rendered":"Alumni"},"content":{"rendered":"<div id=\"pl-18045\"  class=\"panel-layout\" ><div id=\"pg-18045-0\"  class=\"panel-grid panel-no-style\" ><div id=\"pgc-18045-0-0\"  class=\"panel-grid-cell\" ><div id=\"panel-18045-0-0-0\" class=\"so-panel widget widget_sow-editor panel-first-child panel-last-child\" data-index=\"0\" ><div\n\t\t\t\n\t\t\tclass=\"so-widget-sow-editor so-widget-sow-editor-base\"\n\t\t\t\n\t\t>\n<div class=\"siteorigin-widget-tinymce textwidget\">\n\t<table style=\"height: 1152px;\">\n<tbody>\n<tr style=\"height: 24px;\">\n<th style=\"height: 24px; width: 344.45px;\">Applied and Advertising Photography<\/th>\n<\/tr>\n<tr style=\"height: 24px;\">\n<td style=\"height: 24px; width: 344.45px;\"><strong><a href=\"https:\/\/janabauerova.allyou.net\/\" target=\"_blank\" rel=\"noopener\">Jana Bauerov\u00e1<\/a><\/strong><\/td>\n<\/tr>\n<tr style=\"height: 24px;\">\n<td style=\"height: 24px; width: 344.45px;\"><a href=\"https:\/\/www.behance.net\/janhrebicek\/\" target=\"_blank\" rel=\"noopener\"><strong>Jan H\u0159eb\u00ed\u010dek<\/strong><\/a><\/td>\n<\/tr>\n<tr style=\"height: 48px;\">\n<td style=\"height: 48px; width: 344.45px;\"><strong><a href=\"https:\/\/www.stimtim.cz\/\" target=\"_blank\" rel=\"noopener\">Marek \u0160tim &amp; Radek Timoftej<\/a><\/strong><br \/>\n\u0160timtim<\/td>\n<\/tr>\n<tr style=\"height: 48px;\">\n<td style=\"height: 48px; width: 344.45px;\"><strong><a href=\"https:\/\/www.punctum-images.com\/\" target=\"_blank\" rel=\"noopener\">Jakub Vl\u010dek<\/a><\/strong><br \/>\nPunctum Images<\/td>\n<\/tr>\n<tr style=\"height: 24px;\">\n<th style=\"height: 24px; width: 344.45px;\">Fine Art - Photography<\/th>\n<\/tr>\n<tr style=\"height: 24px;\">\n<td style=\"height: 24px; width: 344.45px;\"><strong><a href=\"https:\/\/www.artlist.cz\/daniela-dostalkova-482\/\" target=\"_blank\" rel=\"noopener\">Daniela Dost\u00e1lkov\u00e1<\/a><\/strong><\/td>\n<\/tr>\n<tr style=\"height: 24px;\">\n<td style=\"height: 24px; width: 344.45px;\"><strong><a href=\"https:\/\/ditahavrankova.com\" target=\"_blank\" rel=\"noopener\">Dita Havr\u00e1nkov\u00e1<\/a><\/strong><\/td>\n<\/tr>\n<tr style=\"height: 24px;\">\n<td style=\"height: 24px; width: 344.45px;\"><strong><a href=\"https:\/\/www.artlist.cz\/tomas-hruza-2382\/https:\/\/foto.amu.cz\/pedagogove\/tomas-hruza\/\" target=\"_blank\" rel=\"noopener\">Tom\u00e1\u0161 Hr\u016fza<\/a><\/strong><\/td>\n<\/tr>\n<tr style=\"height: 24px;\">\n<td style=\"height: 24px; width: 344.45px;\"><strong><a href=\"https:\/\/www.artlist.cz\/tereza-kaburkova-1601\/\" target=\"_blank\" rel=\"noopener\">Tereza Kab\u016frkov\u00e1<\/a><\/strong><\/td>\n<\/tr>\n<tr style=\"height: 24px;\">\n<td style=\"height: 24px; width: 344.45px;\"><strong><a href=\"https:\/\/marketakinterova.cz\" target=\"_blank\" rel=\"noopener\">Mark\u00e9ta Kinterov\u00e1<\/a><\/strong><\/td>\n<\/tr>\n<tr style=\"height: 24px;\">\n<td style=\"height: 24px; width: 344.45px;\"><strong><a href=\"https:\/\/www.artlist.cz\/vaclav-kopecky-108563\/\" target=\"_blank\" rel=\"noopener\">V\u00e1clav Kopeck\u00fd<\/a><\/strong><\/td>\n<\/tr>\n<tr style=\"height: 24px;\">\n<td style=\"height: 24px; width: 344.45px;\"><strong><a href=\"https:\/\/fotolumpe.cz\/portfolio-item\/grey-gold\/\" target=\"_blank\" rel=\"noopener\">Tom\u00e1\u0161 Lumpe<\/a><\/strong><\/td>\n<\/tr>\n<tr style=\"height: 48px;\">\n<td style=\"height: 48px; width: 344.45px;\"><strong><a href=\"https:\/\/www.papelote.cz\/\" target=\"_blank\" rel=\"noopener\">Filip \u0160ach\/Hladk\u00fd<\/a><\/strong><br \/>\nPapelote<\/td>\n<\/tr>\n<tr style=\"height: 24px;\">\n<th style=\"height: 24px; width: 344.45px;\">Digital Media<\/th>\n<\/tr>\n<tr style=\"height: 24px;\">\n<td style=\"height: 24px; width: 344.45px;\"><strong><a href=\"http:\/\/www.miroslavhasek.cz\/\" target=\"_blank\" rel=\"noopener\">Miroslav Ha\u0161ek<\/a><\/strong><\/td>\n<\/tr>\n<tr style=\"height: 24px;\">\n<td style=\"height: 24px; width: 344.45px;\"><strong><a href=\"https:\/\/www.c-d-f.cz\/tvurci\/jakub-korselt\" target=\"_blank\" rel=\"noopener\">Jakub Korselt<\/a><\/strong><\/td>\n<\/tr>\n<tr style=\"height: 24px;\">\n<td style=\"height: 24px; width: 344.45px;\"><strong><a href=\"http:\/\/gabrielaprochazka.com\/\" target=\"_blank\" rel=\"noopener\">Gabriela Proch\u00e1zkov\u00e1<\/a><\/strong><\/td>\n<\/tr>\n<tr style=\"height: 24px;\">\n<td style=\"height: 24px; width: 344.45px;\"><strong><a href=\"https:\/\/fud.ujep.cz\/sites\/digitalni-media\/student\/barbora-simkova\/\" target=\"_blank\" rel=\"noopener\">Barbora \u0160imkov\u00e1<\/a><\/strong><\/td>\n<\/tr>\n<tr style=\"height: 24px;\">\n<th style=\"height: 24px; width: 344.45px;\">Object - Space - Action<\/th>\n<\/tr>\n<tr style=\"height: 24px;\">\n<td style=\"height: 24px; width: 344.45px;\"><strong><span lang=\"CS\"><a href=\"https:\/\/cargocollective.com\/stanakarbusicka\" target=\"_blank\" rel=\"noopener\">Stanislava Karbu\u0161ick\u00e1<\/a><\/span><\/strong><\/td>\n<\/tr>\n<tr style=\"height: 24px;\">\n<td style=\"height: 24px; width: 344.45px;\"><strong><a href=\"https:\/\/richardnikl.com\/\" target=\"_blank\" rel=\"noopener\">Richard Nikl<\/a><\/strong><\/td>\n<\/tr>\n<tr style=\"height: 24px;\">\n<th style=\"height: 24px; width: 344.45px;\">Time-Based Media<\/th>\n<\/tr>\n<tr style=\"height: 48px;\">\n<td style=\"height: 48px; width: 344.45px;\"><strong><a href=\"https:\/\/www.aidkid.cz\/\" target=\"_blank\" rel=\"noopener\">Ond\u0159ej Mikula<\/a><br \/>\n<\/strong>Aid Kid<\/td>\n<\/tr>\n<tr style=\"height: 24px;\">\n<td style=\"height: 24px; width: 344.45px;\"><strong><a href=\"https:\/\/www.blackdivision.cz\/\" target=\"_blank\" rel=\"noopener\">Franti\u0161ek Pech\u00e1\u010dek<\/a><\/strong><\/td>\n<\/tr>\n<tr style=\"height: 24px;\">\n<th style=\"height: 24px; width: 344.45px;\">Interior Design<\/th>\n<\/tr>\n<tr style=\"height: 48px;\">\n<td style=\"height: 48px; width: 344.45px;\"><strong><a href=\"https:\/\/studiorevir.cz\/\" target=\"_blank\" rel=\"noopener\">Miroslav Nachlinger<\/a><br \/>\n<\/strong>Studio Rev\u00edr<\/td>\n<\/tr>\n<tr style=\"height: 24px;\">\n<td style=\"height: 24px; width: 344.45px;\"><strong><a href=\"https:\/\/www.facebook.com\/simonkernstudio\/\" target=\"_blank\" rel=\"noopener\">\u0160imon Kern<\/a><\/strong><\/td>\n<\/tr>\n<tr style=\"height: 24px;\">\n<td style=\"height: 24px; width: 344.45px;\"><strong><a href=\"https:\/\/www.designeros.com\/cz\/profile\/alestrdy\/\" target=\"_blank\" rel=\"noopener\">Ale\u0161 Trd\u00fd<\/a><\/strong><\/td>\n<\/tr>\n<tr style=\"height: 24px;\">\n<th style=\"height: 24px; width: 344.45px;\">Ceramic Design<\/th>\n<\/tr>\n<tr style=\"height: 24px;\">\n<td style=\"height: 24px; width: 344.45px;\"><strong><a href=\"https:\/\/www.romansedina.com\/\" target=\"_blank\" rel=\"noopener\">Roman \u0160edina<\/a><br \/>\n<\/strong><\/td>\n<\/tr>\n<tr style=\"height: 24px;\">\n<td style=\"height: 24px; width: 344.45px;\"><strong><a href=\"https:\/\/www.drzmiskova.cz\/\" target=\"_blank\" rel=\"noopener\">Mark\u00e9ta Dr\u017em\u00ed\u0161kov\u00e1<\/a><\/strong><\/td>\n<\/tr>\n<tr style=\"height: 24px;\">\n<td style=\"height: 24px; width: 344.45px;\"><strong><a href=\"https:\/\/www.jancapek.net\/\" target=\"_blank\" rel=\"no opener noopener\">Jan \u010capek<\/a><\/strong><\/td>\n<\/tr>\n<tr style=\"height: 24px;\">\n<td style=\"height: 24px; width: 344.45px;\"><strong><a href=\"https:\/\/www.designkeramiky.cz\/Antonin-Tomasek\" target=\"_blank\" rel=\"noopener\">Anton\u00edn Tom\u00e1\u0161ek<\/a><\/strong><\/td>\n<\/tr>\n<tr style=\"height: 24px;\">\n<th style=\"height: 24px; width: 344.45px;\">Curatorial Studies<\/th>\n<\/tr>\n<tr style=\"height: 24px;\">\n<td style=\"height: 24px; width: 344.45px;\"><strong><a href=\"https:\/\/fud.ujep.cz\/odborna-pracoviste\/katedra-dejin-a-teorie-umeni\/kuratorska-studia\/olga-stanikova\/\" target=\"_blank\" rel=\"no opener noopener\">Olga Stan\u00edkov\u00e1<\/a><br \/>\n<\/strong><\/td>\n<\/tr>\n<tr style=\"height: 24px;\">\n<td style=\"height: 24px; width: 344.45px;\"><strong>&nbsp;<\/strong><\/td>\n<\/tr>\n<tr style=\"height: 24px;\">\n<td style=\"height: 24px; width: 344.45px;\">&nbsp;<\/td>\n<\/tr>\n<tr style=\"height: 24px;\">\n<th style=\"height: 24px; width: 344.45px;\">Visual Communication \u2013 Doctoral Studies<\/th>\n<\/tr>\n<tr style=\"height: 24px;\">\n<td style=\"height: 24px; width: 344.45px;\"><strong><a href=\"https:\/\/www.sjch.cz\/dominik-lang\/\" target=\"_blank\" rel=\"no opener noopener\">Dominik Lang<\/a><br \/>\n<\/strong><\/td>\n<\/tr>\n<tr style=\"height: 24px;\">\n<td style=\"height: 24px; width: 344.45px;\"><strong><a href=\"https:\/\/www.petrhak.com\" target=\"_blank\" rel=\"no opener noopener\">Petr H\u00e1k<\/a><br \/>\n<\/strong><\/td>\n<\/tr>\n<tr style=\"height: 24px;\">\n<td style=\"height: 24px; width: 344.45px;\"><strong><a href=\"https:\/\/www.tetsohnari.com\/\" target=\"_blank\" rel=\"noopener\">Tets Ohnari<\/a><\/strong><\/td>\n<\/tr>\n<\/tbody>\n<\/table>\n<\/div>\n<\/div><\/div><\/div><div id=\"pgc-18045-0-1\"  class=\"panel-grid-cell\" ><div id=\"panel-18045-0-1-0\" class=\"so-panel widget widget_sow-editor panel-first-child panel-last-child\" data-index=\"1\" ><div\n\t\t\t\n\t\t\tclass=\"so-widget-sow-editor so-widget-sow-editor-base\"\n\t\t\t\n\t\t>\n<div class=\"siteorigin-widget-tinymce textwidget\">\n\t<table style=\"width: 100%; height: 1120px;\">\n<tbody>\n<tr style=\"height: 19px;\">\n<th style=\"height: 19px;\">Visual Design<\/th>\n<\/tr>\n<tr style=\"height: 19px;\">\n<td style=\"height: 19px;\"><strong><a href=\"https:\/\/cargocollective.com\/terezabartosova\" target=\"_blank\" rel=\"noopener\">Tereza Barto\u0161ov\u00e1<\/a><\/strong><\/td>\n<\/tr>\n<tr style=\"height: 19px;\">\n<td style=\"height: 19px;\"><strong><a href=\"https:\/\/www.behance.net\/BettyDavid\" target=\"_blank\" rel=\"noopener\">Al\u017eb\u011bta Davidov\u00e1<\/a><\/strong><\/td>\n<\/tr>\n<tr style=\"height: 19px;\">\n<td style=\"height: 19px;\"><strong><a href=\"https:\/\/www.behance.net\/annajiroutova\" target=\"_blank\" rel=\"noopener\">Anna Jiroutov\u00e1<\/a><\/strong><\/td>\n<\/tr>\n<tr style=\"height: 19px;\">\n<td style=\"height: 19px;\"><strong><a href=\"https:\/\/www.facebook.com\/groups\/vizualnistrip\/?fref=nf\" target=\"_blank\" rel=\"noopener\">Jakub Mare\u0161<\/a><\/strong><\/td>\n<\/tr>\n<tr style=\"height: 19px;\">\n<td style=\"height: 19px;\"><strong><a href=\"https:\/\/petrpscolka.com\" target=\"_blank\" rel=\"noopener\">Petr P\u0161\u010dolka<\/a><\/strong><\/td>\n<\/tr>\n<tr style=\"height: 18px;\">\n<td style=\"height: 18px;\"><strong><a href=\"https:\/\/pjstibitz.blogspot.cz\/\" target=\"_blank\" rel=\"noopener\">Petra Josef\u00edna Stibitzov\u00e1<\/a><\/strong><\/td>\n<\/tr>\n<tr style=\"height: 19px;\">\n<th style=\"height: 19px;\">Graphic Design I<\/th>\n<\/tr>\n<tr style=\"height: 38px;\">\n<td style=\"height: 38px;\"><strong><a href=\"https:\/\/www.leskancu.cz\/\" target=\"_blank\" rel=\"noopener\">Michal Kuka\u010dka<\/a><\/strong><br \/>\nLes kanc\u016f<\/td>\n<\/tr>\n<tr style=\"height: 38px;\">\n<td style=\"height: 38px;\"><strong><a href=\"https:\/\/www.leskancu.cz\/\" target=\"_blank\" rel=\"noopener\">Martina Prethero<\/a><\/strong><br \/>\nLes kanc\u016f<\/td>\n<\/tr>\n<tr style=\"height: 38px;\">\n<td style=\"height: 38px;\"><strong><a href=\"https:\/\/www.leskancu.cz\/\" target=\"_blank\" rel=\"noopener\">Lucie Zelen\u00e1<\/a><\/strong><br \/>\nLes kanc\u016f<\/td>\n<\/tr>\n<tr style=\"height: 38px;\">\n<td style=\"height: 38px;\"><strong><a href=\"https:\/\/www.facebook.com\/reformatpapershop\/\" target=\"_blank\" rel=\"noopener\">Michaela Klihavcov\u00e1<\/a><\/strong><br \/>\nReform\u00e1t<\/td>\n<\/tr>\n<tr style=\"height: 38px;\">\n<td style=\"height: 38px;\"><strong><a href=\"https:\/\/studio.de-sign.cz\/\" target=\"_blank\" rel=\"noopener\">Jakub \u0160t\u011bp\u00e1nek<\/a><\/strong><br \/>\nStudio De-sign<\/td>\n<\/tr>\n<tr style=\"height: 19px;\">\n<td style=\"height: 19px;\"><strong><a href=\"https:\/\/www.facebook.com\/lenka.stukhejlova\" target=\"_blank\" rel=\"noopener\">Lenka \u0160tukhejlov\u00e1<\/a><\/strong><\/td>\n<\/tr>\n<tr style=\"height: 19px;\">\n<th style=\"height: 19px;\">Graphic Design II<\/th>\n<\/tr>\n<tr style=\"height: 19px;\">\n<td style=\"height: 19px;\"><strong><a href=\"https:\/\/www.patrikantczak.com\/\" target=\"_blank\" rel=\"noopener\">Patrik Antczak<\/a><\/strong><\/td>\n<\/tr>\n<tr style=\"height: 19px;\">\n<td style=\"height: 19px;\"><strong><a href=\"https:\/\/blahovcova.cz\/\" target=\"_blank\" rel=\"noopener\">\u0160t\u011bp\u00e1nka Bl\u00e1hovcov\u00e1<\/a><\/strong><\/td>\n<\/tr>\n<tr style=\"height: 38px;\">\n<td style=\"height: 38px;\"><strong><a href=\"https:\/\/www.fb.com\/monsterscz\/\" target=\"_blank\" rel=\"noopener\">Pavel Fri\u010d &amp; Michaela Labudov\u00e1<\/a><\/strong><br \/>\nMonsters<\/td>\n<\/tr>\n<tr style=\"height: 38px;\">\n<td style=\"height: 38px;\"><strong><a href=\"https:\/\/www.supermarketwc.cz\" target=\"_blank\" rel=\"noopener\">Ji\u0159\u00ed Hanek &amp; Tereza Bredlerov\u00e1<\/a><\/strong><br \/>\nGalerie Supermarket WC<\/td>\n<\/tr>\n<tr style=\"height: 38px;\">\n<td style=\"height: 38px;\"><strong><a href=\"https:\/\/www.artmap.cz\/\" target=\"_blank\" rel=\"noopener\">Petr Hr\u016fza<\/a><\/strong><br \/>\nArtMap<\/td>\n<\/tr>\n<tr style=\"height: 19px;\">\n<td style=\"height: 19px;\"><strong><a href=\"https:\/\/typemedia2014.com\/kin\" target=\"_blank\" rel=\"noopener\">Sl\u00e1va Jev\u010dinov\u00e1<\/a><\/strong><\/td>\n<\/tr>\n<tr style=\"height: 38px;\">\n<td style=\"height: 38px;\"><strong><a href=\"https:\/\/www.kast1.com\/\" target=\"_blank\" rel=\"noopener\">Franti\u0161ek Kast<\/a><\/strong><br \/>\n<a href=\"https:\/\/pagefive.com\/\" target=\"_blank\" rel=\"noopener\">Page Five<\/a><\/td>\n<\/tr>\n<tr style=\"height: 38px;\">\n<td style=\"height: 38px;\"><strong><a href=\"https:\/\/sinfin.digital\/\" target=\"_blank\" rel=\"noopener\">Luk\u00e1\u0161 Opekar<\/a><\/strong><br \/>\nSinfin<\/td>\n<\/tr>\n<tr style=\"height: 38px;\">\n<td style=\"height: 38px;\"><strong><a href=\"https:\/\/www.papelote.cz\/\" target=\"_blank\" rel=\"noopener\">Kate\u0159ina \u0160achov\u00e1<\/a><\/strong><br \/>\nPapelote<\/td>\n<\/tr>\n<tr style=\"height: 19px;\">\n<td style=\"height: 19px;\"><strong><a href=\"https:\/\/www.behance.net\/marievesela\" target=\"_blank\" rel=\"noopener\">Marie Vesel\u00e1<\/a><\/strong><\/td>\n<\/tr>\n<tr style=\"height: 19px;\">\n<th style=\"height: 19px;\">Product Design<\/th>\n<\/tr>\n<tr style=\"height: 19px;\">\n<td style=\"height: 19px;\"><strong><a href=\"https:\/\/radekbrezar.cz\" target=\"_blank\" rel=\"noopener\">Radek Brezar<\/a><\/strong><\/td>\n<\/tr>\n<tr style=\"height: 38px;\">\n<td style=\"height: 38px;\"><strong><a href=\"https:\/\/zdravydesign.com\" target=\"_blank\" rel=\"noopener\">V\u011bra Kunhartov\u00e1<\/a><\/strong><br \/>\nZdrav\u00fd Design<\/td>\n<\/tr>\n<tr style=\"height: 19px;\">\n<td style=\"height: 19px;\"><strong><a href=\"https:\/\/www.annamaresova.com\" target=\"_blank\" rel=\"noopener\">Anna Mare\u0161ov\u00e1<\/a><\/strong><\/td>\n<\/tr>\n<tr style=\"height: 19px;\">\n<td style=\"height: 19px;\"><strong><a href=\"https:\/\/tomasrejmon.cz\" target=\"_blank\" rel=\"noopener\">Tom\u00e1\u0161 Rejmon<\/a><\/strong><\/td>\n<\/tr>\n<tr style=\"height: 19px;\">\n<th style=\"height: 19px;\">Fashion and Textile Design<\/th>\n<\/tr>\n<tr style=\"height: 19px;\">\n<td style=\"height: 19px;\"><strong><a href=\"https:\/\/kralovadesign.com\/\" target=\"_blank\" rel=\"noopener\">Zuzana Kr\u00e1lov\u00e1<\/a><\/strong><\/td>\n<\/tr>\n<tr style=\"height: 19px;\">\n<td style=\"height: 19px;\"><strong><a href=\"https:\/\/www.facebook.com\/jan.lobl\" target=\"_blank\" rel=\"noopener\">Jan C. L\u00f6bl<\/a><\/strong><\/td>\n<\/tr>\n<tr style=\"height: 19px;\">\n<td style=\"height: 19px;\"><strong><a href=\"https:\/\/www.facebook.com\/katerina.zaludova.5\" target=\"_blank\" rel=\"noopener\">Kate\u0159ina \u017daludov\u00e1<\/a><\/strong><\/td>\n<\/tr>\n<tr style=\"height: 19px;\">\n<th style=\"height: 19px;\">Natural Design<\/th>\n<\/tr>\n<tr style=\"height: 19px;\">\n<td style=\"height: 19px;\"><strong><a href=\"https:\/\/jiribartos.com\/\" target=\"_blank\" rel=\"noopener\">Ji\u0159\u00ed Barto\u0161<\/a><\/strong><\/td>\n<\/tr>\n<tr style=\"height: 19px;\">\n<td style=\"height: 19px;\"><strong><a href=\"https:\/\/chloupa.blog.cz\/\" target=\"_blank\" rel=\"noopener\">Martina Chloupa<\/a><\/strong><\/td>\n<\/tr>\n<tr style=\"height: 19px;\">\n<td style=\"height: 19px;\"><strong><a href=\"https:\/\/www.works.io\/marketa-oplistilova\/\" target=\"_blank\" rel=\"noopener\">Mark\u00e9ta Opli\u0161tilov\u00e1<\/a><\/strong><\/td>\n<\/tr>\n<tr style=\"height: 19px;\">\n<td style=\"height: 19px;\"><strong><a href=\"https:\/\/mtoc.tk\/cv_en_2017\/\" target=\"_blank\" rel=\"noopener\">Alexander Peroutka<\/a><\/strong><\/td>\n<\/tr>\n<tr style=\"height: 19px;\">\n<td style=\"height: 19px;\"><strong><a href=\"https:\/\/cargocollective.com\/annasymonova\" target=\"_blank\" rel=\"noopener\">Anna Symonov\u00e1 \/ Trefilov\u00e1<\/a><\/strong><\/td>\n<\/tr>\n<tr style=\"height: 19px;\">\n<th style=\"height: 19px;\">Glass<\/th>\n<\/tr>\n<tr style=\"height: 19px;\">\n<td style=\"height: 19px;\"><strong><a href=\"https:\/\/www.lubabakicova.com\/portfolio\/glass\/\" target=\"_blank\" rel=\"noopener\">Luba Baki\u010dov\u00e1<\/a><\/strong><\/td>\n<\/tr>\n<tr style=\"height: 38px;\">\n<td style=\"height: 38px;\"><strong><a href=\"https:\/\/www.penocze.com\" target=\"_blank\" rel=\"noopener\">Irena Czepcov\u00e1 &amp; Eva Nov\u00e1kov\u00e1 &amp; Dagmar Petrovick\u00e1<\/a><\/strong><br \/>\nPenocze<\/td>\n<\/tr>\n<tr style=\"height: 19px;\">\n<td style=\"height: 19px;\"><strong><a href=\"https:\/\/suzannezk.wixsite.com\/kubelkovazuzana\" target=\"_blank\" rel=\"noopener\">Zuzana Kubelkov\u00e1<\/a><\/strong><\/td>\n<\/tr>\n<tr style=\"height: 19px;\">\n<td style=\"height: 19px;\"><strong><a href=\"https:\/\/martinopl.com\" target=\"_blank\" rel=\"noopener\">Martin Opl<\/a><\/strong><\/td>\n<\/tr>\n<tr style=\"height: 19px;\">\n<td style=\"height: 19px;\"><strong><a href=\"https:\/\/www.jitkaskuhrava.com\/\" target=\"_blank\" rel=\"noopener\">Jitka Skuhrav\u00e1-Kamencov\u00e1<\/a><\/strong><\/td>\n<\/tr>\n<\/tbody>\n<\/table>\n<\/div>\n<\/div><\/div><\/div><\/div><\/div>","protected":false},"excerpt":{"rendered":"<p>Applied and Advertising Photography Jana Bauerov\u00e1 Jan H\u0159eb\u00ed\u010dek Marek \u0160tim &amp; Radek Timoftej \u0160timtim Jakub Vl\u010dek Punctum Images Fine Art &#8211; Photography Daniela Dost\u00e1lkov\u00e1 Dita Havr\u00e1nkov\u00e1 Tom\u00e1\u0161 Hr\u016fza Tereza Kab\u016frkov\u00e1 Mark\u00e9ta Kinterov\u00e1 V\u00e1clav Kopeck\u00fd Tom\u00e1\u0161 Lumpe Filip \u0160ach\/Hladk\u00fd Papelote Digital Media Miroslav Ha\u0161ek Jakub Korselt Gabriela Proch\u00e1zkov\u00e1 Barbora \u0160imkov\u00e1 Object &#8211; Space &#8211; Action Stanislava [&hellip;]<\/p>\n","protected":false},"author":1,"featured_media":0,"parent":0,"menu_order":0,"comment_status":"closed","ping_status":"closed","template":"","meta":{"ngg_post_thumbnail":0},"acf":[],"_links":{"self":[{"href":"https:\/\/old.fud.ujep.cz\/en\/wp-json\/wp\/v2\/pages\/18045"}],"collection":[{"href":"https:\/\/old.fud.ujep.cz\/en\/wp-json\/wp\/v2\/pages"}],"about":[{"href":"https:\/\/old.fud.ujep.cz\/en\/wp-json\/wp\/v2\/types\/page"}],"author":[{"embeddable":true,"href":"https:\/\/old.fud.ujep.cz\/en\/wp-json\/wp\/v2\/users\/1"}],"replies":[{"embeddable":true,"href":"https:\/\/old.fud.ujep.cz\/en\/wp-json\/wp\/v2\/comments?post=18045"}],"version-history":[{"count":0,"href":"https:\/\/old.fud.ujep.cz\/en\/wp-json\/wp\/v2\/pages\/18045\/revisions"}],"wp:attachment":[{"href":"https:\/\/old.fud.ujep.cz\/en\/wp-json\/wp\/v2\/media?parent=18045"}],"curies":[{"name":"wp","href":"https:\/\/api.w.org\/{rel}","templated":true}]}}